{"id":29676,"date":"2025-02-20T23:30:26","date_gmt":"2025-02-20T22:30:26","guid":{"rendered":"http:\/\/olemosaic.com\/producto\/bol-de-coco-fucsia-flecha-camino-de-santiago\/"},"modified":"2025-07-25T19:32:02","modified_gmt":"2025-07-25T17:32:02","slug":"taca-de-coco-fucsia-seta-caminho-de-santiago","status":"publish","type":"product","link":"https:\/\/olemosaic.com\/pt-pt\/produto\/taca-de-coco-fucsia-seta-caminho-de-santiago\/","title":{"rendered":"Ta\u00e7a de coco f\u00facsia. Seta. Caminho de Santiago."},"content":{"rendered":"<p>Esta ta\u00e7a de coco f\u00facsia, decorada com o s\u00edmbolo do Caminho de Santiago, \u00e9 um exemplo requintado da tradi\u00e7\u00e3o e da arte popular espanhola. De design artesanal, a ta\u00e7a destaca-se pela sua vibrante cor f\u00facsia, que lhe confere um toque moderno e alegre, perfeito para qualquer ocasi\u00e3o. No seu interior, uma seta clara e o texto \u00abCAMINHO DE SANTIAGO\u00bb enfatizam a sua liga\u00e7\u00e3o com a famosa rota de peregrina\u00e7\u00e3o, conhecida pela sua import\u00e2ncia cultural e espiritual ao longo dos s\u00e9culos. A textura do coco, com o seu acabamento pintado \u00e0 m\u00e3o, acentua cada detalhe, criando um efeito visual impactante que atrair\u00e1 a aten\u00e7\u00e3o tanto de turistas como de locais. Esta ta\u00e7a n\u00e3o \u00e9 apenas ideal para servir aperitivos, mas tamb\u00e9m \u00e9 um elemento decorativo que evoca a rica tradi\u00e7\u00e3o do Caminho, transformando cada utiliza\u00e7\u00e3o numa recorda\u00e7\u00e3o da aventura e da descoberta. Na Ol\u00e9 Mosaic, dedicamo-nos a oferecer souvenirs aut\u00eanticos e de qualidade por grosso, e esta ta\u00e7a de coco \u00e9 uma excelente op\u00e7\u00e3o para lojas de presentes tur\u00edsticos que procuram produtos significativos. Com a sua singularidade e encanto, representa uma recorda\u00e7\u00e3o perfeita do Caminho de Santiago que convida \u00e0 reflex\u00e3o e \u00e0 viagem.<\/p>\n","protected":false},"excerpt":{"rendered":"<p>Ta\u00e7a de coco f\u00facsia decorada com uma seta que assinala o &#8220;Caminho de Santiago&#8221;. Esta chamativa ta\u00e7a, feita de coco, apresenta um acabamento de design artesanal, pintado \u00e0 m\u00e3o, num f\u00facsia vibrante, com um design que inclui um texto claro e uma seta, simbolizando a famosa rota de peregrina\u00e7\u00e3o. Com um estilo moderno e colorido, \u00e9 ideal para servir aperitivos ou como elemento decorativo que evoca a tradi\u00e7\u00e3o do Caminho.<\/p>\n","protected":false},"featured_media":11750,"template":"","meta":{"_acf_changed":false},"product_brand":[],"product_cat":[513],"product_tag":[],"class_list":{"0":"post-29676","1":"product","2":"type-product","3":"status-publish","4":"has-post-thumbnail","6":"product_cat-bols","7":"pa_ciudad-santiago","8":"pa_motivo-setas","9":"pa_pais-espana","11":"first","12":"instock","13":"shipping-taxable","14":"product-type-simple"},"acf":[],"_links":{"self":[{"href":"https:\/\/olemosaic.com\/pt-pt\/wp-json\/wp\/v2\/product\/29676","targetHints":{"allow":["GET"]}}],"collection":[{"href":"https:\/\/olemosaic.com\/pt-pt\/wp-json\/wp\/v2\/product"}],"about":[{"href":"https:\/\/olemosaic.com\/pt-pt\/wp-json\/wp\/v2\/types\/product"}],"wp:featuredmedia":[{"embeddable":true,"href":"https:\/\/olemosaic.com\/pt-pt\/wp-json\/wp\/v2\/media\/11750"}],"wp:attachment":[{"href":"https:\/\/olemosaic.com\/pt-pt\/wp-json\/wp\/v2\/media?parent=29676"}],"wp:term":[{"taxonomy":"product_brand","embeddable":true,"href":"https:\/\/olemosaic.com\/pt-pt\/wp-json\/wp\/v2\/product_brand?post=29676"},{"taxonomy":"product_cat","embeddable":true,"href":"https:\/\/olemosaic.com\/pt-pt\/wp-json\/wp\/v2\/product_cat?post=29676"},{"taxonomy":"product_tag","embeddable":true,"href":"https:\/\/olemosaic.com\/pt-pt\/wp-json\/wp\/v2\/product_tag?post=29676"}],"curies":[{"name":"wp","href":"https:\/\/api.w.org\/{rel}","templated":true}]}}