{"id":29675,"date":"2025-02-20T23:30:26","date_gmt":"2025-02-20T22:30:26","guid":{"rendered":"http:\/\/olemosaic.com\/producto\/bol-de-coco-fucsia-mano\/"},"modified":"2025-07-25T20:06:35","modified_gmt":"2025-07-25T18:06:35","slug":"taca-de-coco-fucsia-mao","status":"publish","type":"product","link":"https:\/\/olemosaic.com\/pt-pt\/produto\/taca-de-coco-fucsia-mao\/","title":{"rendered":"Ta\u00e7a de coco f\u00facsia. M\u00e3o."},"content":{"rendered":"<p>Esta ta\u00e7a de coco f\u00facsia, decorada \u00e0 m\u00e3o, \u00e9 um exemplo vibrante de artesanato contempor\u00e2neo que evoca influ\u00eancias culturais profundas. Com o seu fundo f\u00facsia brilhante, esta original ta\u00e7a destaca-se pela representa\u00e7\u00e3o emblem\u00e1tica de uma m\u00e3o com um olho no centro, s\u00edmbolo de prote\u00e7\u00e3o e boa fortuna em muitas tradi\u00e7\u00f5es. A borda \u00e9 emoldurada por delicados detalhes em tons mais claros, adicionando uma dimens\u00e3o art\u00edstica que transformar\u00e1 qualquer espa\u00e7o num lugar cheio de energia e cor.<\/p>\n<p>Ideal para servir aperitivos o como objeto ornamental, cada ta\u00e7a \u00e9 uma pe\u00e7a \u00fanica, uma vez que a t\u00e9cnica artesanal garante que n\u00e3o existam duas iguais. Esta recorda\u00e7\u00e3o n\u00e3o s\u00f3 embeleza o lar, como tamb\u00e9m conta uma hist\u00f3ria, inspirando conversas sobre as suas origens e significados culturais. O seu design vibrante \u00e9 perfeito para quem procura dar um toque \u00fanico e alegre \u00e0 sua decora\u00e7\u00e3o.<\/p>\n<p>Na Ol\u00e9 Mosaic, distribu\u00edmos souvenirs artesanais por grosso, e esta ta\u00e7a f\u00facsia \u00e9 uma op\u00e7\u00e3o excecional para lojas de presentes tur\u00edsticos que desejam oferecer produtos aut\u00eanticos e culturalmente ricos. Uma recorda\u00e7\u00e3o de viagem que captura a ess\u00eancia da cultura e do artesanato local, perfeita para turistas que procuram um souvenir significativo.<\/p>\n","protected":false},"excerpt":{"rendered":"<p>Ta\u00e7a de coco f\u00facsia decorada com estilo artesanal, ideal para dar um toque vibrante ao seu lar. Esta original ta\u00e7a apresenta um design en\u00e9rgico com um fundo f\u00facsia brilhante e uma emblem\u00e1tica m\u00e3o com um olho no centro, emoldurada com detalhes em tons mais claros. A t\u00e9cnica artesanal real\u00e7a a singularidade de cada pe\u00e7a, tornando-a um atraente elemento decorativo que evoca influ\u00eancias culturais. Perfeita para servir aperitivos ou como objeto ornamental.<\/p>\n","protected":false},"featured_media":13404,"template":"","meta":{"_acf_changed":false},"product_brand":[],"product_cat":[513],"product_tag":[],"class_list":{"0":"post-29675","1":"product","2":"type-product","3":"status-publish","4":"has-post-thumbnail","6":"product_cat-bols","7":"pa_motivo-maos","9":"first","10":"instock","11":"shipping-taxable","12":"product-type-simple"},"acf":[],"_links":{"self":[{"href":"https:\/\/olemosaic.com\/pt-pt\/wp-json\/wp\/v2\/product\/29675","targetHints":{"allow":["GET"]}}],"collection":[{"href":"https:\/\/olemosaic.com\/pt-pt\/wp-json\/wp\/v2\/product"}],"about":[{"href":"https:\/\/olemosaic.com\/pt-pt\/wp-json\/wp\/v2\/types\/product"}],"wp:featuredmedia":[{"embeddable":true,"href":"https:\/\/olemosaic.com\/pt-pt\/wp-json\/wp\/v2\/media\/13404"}],"wp:attachment":[{"href":"https:\/\/olemosaic.com\/pt-pt\/wp-json\/wp\/v2\/media?parent=29675"}],"wp:term":[{"taxonomy":"product_brand","embeddable":true,"href":"https:\/\/olemosaic.com\/pt-pt\/wp-json\/wp\/v2\/product_brand?post=29675"},{"taxonomy":"product_cat","embeddable":true,"href":"https:\/\/olemosaic.com\/pt-pt\/wp-json\/wp\/v2\/product_cat?post=29675"},{"taxonomy":"product_tag","embeddable":true,"href":"https:\/\/olemosaic.com\/pt-pt\/wp-json\/wp\/v2\/product_tag?post=29675"}],"curies":[{"name":"wp","href":"https:\/\/api.w.org\/{rel}","templated":true}]}}