{"id":29674,"date":"2025-02-20T22:30:25","date_gmt":"2025-02-20T22:30:25","guid":{"rendered":"http:\/\/olemosaic.com\/producto\/bol-de-coco-fucsia-sardina-2\/"},"modified":"2025-07-25T20:19:29","modified_gmt":"2025-07-25T18:19:29","slug":"taca-de-coco-fucsia-sardinha-pt-pt","status":"publish","type":"product","link":"https:\/\/olemosaic.com\/pt-pt\/produto\/taca-de-coco-fucsia-sardinha-pt-pt\/","title":{"rendered":"Ta\u00e7a de coco f\u00facsia. Sardinha."},"content":{"rendered":"<p>Esta ta\u00e7a de coco f\u00facsia com design de sardinha \u00e9 uma homenagem ao folclore piscat\u00f3rio portugu\u00eas, perfeita para quem procura uma recorda\u00e7\u00e3o vibrante e significativa da sua viagem. A pe\u00e7a destaca-se pelo seu interior esmaltado num chamativo f\u00facsia que captura a luz de forma impressionante, real\u00e7ando os delicados detalhes brancos que representam uma sardinha, s\u00edmbolo ic\u00f3nico da cultura piscat\u00f3ria portuguesa. O exterior da ta\u00e7a apresenta uma textura inovadora que imita o estilo mosaico, fundindo tradi\u00e7\u00e3o e modernidade em cada tra\u00e7o.<\/p>\n<p>Ideal tanto para o dia a dia como para ocasi\u00f5es especiais, esta ta\u00e7a n\u00e3o \u00e9 apenas funcional, mas tamb\u00e9m um elemento decorativo encantador que confere um toque colorido a qualquer mesa. A fus\u00e3o de arte e funcionalidade neste design torna-a um requintado souvenir que encapsula a ess\u00eancia de Portugal, um presente perfeito para amigos e familiares. Na Ol\u00e9 Mosaic, orgulhamo-nos de oferecer souvenirs aut\u00eanticos que refletem a rica heran\u00e7a cultural portuguesa. Esta ta\u00e7a de coco f\u00facsia \u00e9 uma excelente op\u00e7\u00e3o para lojas de presentes tur\u00edsticos que procuram produtos \u00fanicos e de qualidade, destacando-se como um verdadeiro tesouro representativo da tradi\u00e7\u00e3o portuguesa.<\/p>\n","protected":false},"excerpt":{"rendered":"<p>Ta\u00e7a de coco f\u00facsia decorada com um design de sardinha, s\u00edmbolo do folclore piscat\u00f3rio portugu\u00eas. Esta atraente ta\u00e7a apresenta um vibrante interior f\u00facsia com um acabamento esmaltado que real\u00e7a os detalhes em branco. A superf\u00edcie imita um estilo de mosaico, conferindo um toque moderno e colorido ideal para dar vida a qualquer mesa. Perfeita como souvenir ou para uso di\u00e1rio, combina arte e funcionalidade.<\/p>\n","protected":false},"featured_media":11982,"template":"","meta":{"_acf_changed":false},"product_brand":[],"product_cat":[513],"product_tag":[516],"class_list":{"0":"post-29674","1":"product","2":"type-product","3":"status-publish","4":"has-post-thumbnail","6":"product_cat-bols","7":"product_tag-animais","8":"pa_motivo-sardinhas","9":"pa_pais-portugal","11":"first","12":"instock","13":"shipping-taxable","14":"product-type-simple"},"acf":[],"_links":{"self":[{"href":"https:\/\/olemosaic.com\/pt-pt\/wp-json\/wp\/v2\/product\/29674","targetHints":{"allow":["GET"]}}],"collection":[{"href":"https:\/\/olemosaic.com\/pt-pt\/wp-json\/wp\/v2\/product"}],"about":[{"href":"https:\/\/olemosaic.com\/pt-pt\/wp-json\/wp\/v2\/types\/product"}],"wp:featuredmedia":[{"embeddable":true,"href":"https:\/\/olemosaic.com\/pt-pt\/wp-json\/wp\/v2\/media\/11982"}],"wp:attachment":[{"href":"https:\/\/olemosaic.com\/pt-pt\/wp-json\/wp\/v2\/media?parent=29674"}],"wp:term":[{"taxonomy":"product_brand","embeddable":true,"href":"https:\/\/olemosaic.com\/pt-pt\/wp-json\/wp\/v2\/product_brand?post=29674"},{"taxonomy":"product_cat","embeddable":true,"href":"https:\/\/olemosaic.com\/pt-pt\/wp-json\/wp\/v2\/product_cat?post=29674"},{"taxonomy":"product_tag","embeddable":true,"href":"https:\/\/olemosaic.com\/pt-pt\/wp-json\/wp\/v2\/product_tag?post=29674"}],"curies":[{"name":"wp","href":"https:\/\/api.w.org\/{rel}","templated":true}]}}