{"id":29673,"date":"2025-02-20T23:30:25","date_gmt":"2025-02-20T22:30:25","guid":{"rendered":"http:\/\/olemosaic.com\/producto\/bol-de-coco-fucsia-delfin-2\/"},"modified":"2025-07-25T18:39:13","modified_gmt":"2025-07-25T16:39:13","slug":"taca-de-coco-fucsia-golfinho-estilo-mediterranico","status":"publish","type":"product","link":"https:\/\/olemosaic.com\/pt-pt\/produto\/taca-de-coco-fucsia-golfinho-estilo-mediterranico\/","title":{"rendered":"Ta\u00e7a de coco f\u00facsia. Golfinho. Estilo mediterr\u00e2nico."},"content":{"rendered":"<p>Esta ta\u00e7a de coco f\u00facsia com design de golfinho \u00e9 uma pe\u00e7a decorativa e funcional que real\u00e7a a beleza de qualquer espa\u00e7o. Fabricada a partir de coco, o seu interior est\u00e1 elegantemente adornado com mosaicos brancos, criando um contraste subtil com a vibrante borda f\u00facsia que a rodeia. No centro, um delicado golfinho dourado destaca-se de forma apelativa, conferindo um toque de eleg\u00e2ncia e simbolismo marinho que evoca a vida costeira. Esta ta\u00e7a n\u00e3o \u00e9 apenas ideal como centro de mesa ou para guardar pequenos objetos, mas tamb\u00e9m captura o esp\u00edrito da arte folcl\u00f3rica t\u00edpica das regi\u00f5es costeiras. A liga\u00e7\u00e3o cultural desta pe\u00e7a com a tradi\u00e7\u00e3o artesanal traduz-se na sua autenticidade e valor como recorda\u00e7\u00e3o, representando a rica heran\u00e7a e as cores vibrantes da cultura mar\u00edtima. Perfeita para turistas que procuram recorda\u00e7\u00f5es \u00fanicas da sua visita, esta ta\u00e7a de coco f\u00facsia \u00e9 uma excelente op\u00e7\u00e3o para lojas de presentes tur\u00edsticos na Ol\u00e9 Mosaic, o distribuidor de artesanato por grosso. Oferecemos recorda\u00e7\u00f5es de qualidade que combinam funcionalidade e design, ideais para quem deseja levar um peda\u00e7o da costa para casa.<\/p>\n","protected":false},"excerpt":{"rendered":"<p>Ta\u00e7a de coco f\u00facsia com design de golfinho, uma pe\u00e7a decorativa \u00fanica e funcional. Fabricada com coco, o seu interior \u00e9 adornado com mosaicos brancos e uma borda f\u00facsia vibrante, criando um contraste apelativo. No centro, um delicado golfinho dourado destaca-se, adicionando um toque de eleg\u00e2ncia e simbolismo marinho. Ideal como centro de mesa ou para guardar pequenos objetos, esta ta\u00e7a captura o esp\u00edrito da arte folk costeira.<\/p>\n","protected":false},"featured_media":11844,"template":"","meta":{"_acf_changed":false},"product_brand":[],"product_cat":[513],"product_tag":[516],"class_list":{"0":"post-29673","1":"product","2":"type-product","3":"status-publish","4":"has-post-thumbnail","6":"product_cat-bols","7":"product_tag-animais","8":"pa_motivo-golfinhos","10":"first","11":"instock","12":"shipping-taxable","13":"product-type-simple"},"acf":[],"_links":{"self":[{"href":"https:\/\/olemosaic.com\/pt-pt\/wp-json\/wp\/v2\/product\/29673","targetHints":{"allow":["GET"]}}],"collection":[{"href":"https:\/\/olemosaic.com\/pt-pt\/wp-json\/wp\/v2\/product"}],"about":[{"href":"https:\/\/olemosaic.com\/pt-pt\/wp-json\/wp\/v2\/types\/product"}],"wp:featuredmedia":[{"embeddable":true,"href":"https:\/\/olemosaic.com\/pt-pt\/wp-json\/wp\/v2\/media\/11844"}],"wp:attachment":[{"href":"https:\/\/olemosaic.com\/pt-pt\/wp-json\/wp\/v2\/media?parent=29673"}],"wp:term":[{"taxonomy":"product_brand","embeddable":true,"href":"https:\/\/olemosaic.com\/pt-pt\/wp-json\/wp\/v2\/product_brand?post=29673"},{"taxonomy":"product_cat","embeddable":true,"href":"https:\/\/olemosaic.com\/pt-pt\/wp-json\/wp\/v2\/product_cat?post=29673"},{"taxonomy":"product_tag","embeddable":true,"href":"https:\/\/olemosaic.com\/pt-pt\/wp-json\/wp\/v2\/product_tag?post=29673"}],"curies":[{"name":"wp","href":"https:\/\/api.w.org\/{rel}","templated":true}]}}