{"id":29672,"date":"2025-02-20T22:30:25","date_gmt":"2025-02-20T22:30:25","guid":{"rendered":"http:\/\/olemosaic.com\/producto\/bol-de-coco-fucsia-delfin\/"},"modified":"2025-07-25T18:50:09","modified_gmt":"2025-07-25T16:50:09","slug":"taca-de-coco-fucsia-golfinho","status":"publish","type":"product","link":"https:\/\/olemosaic.com\/pt-pt\/produto\/taca-de-coco-fucsia-golfinho\/","title":{"rendered":"Ta\u00e7a de coco f\u00facsia. Golfinho."},"content":{"rendered":"<p>Esta ta\u00e7a de coco f\u00facsia com design de golfinho \u00e9 um aut\u00eantico tesouro artesanal que captura a ess\u00eancia do mar e da vida marinha. Com um vibrante fundo f\u00facsia brilhante salpicado de brilhos originais, esta preciosa ta\u00e7a \u00e9 um excelente elemento decorativo que trar\u00e1 um toque juvenil e fresco a qualquer espa\u00e7o. O seu interior \u00e9 emoldurado com um elegante padr\u00e3o de mosaico em tons claros, que contrasta harmonicamente com a intensidade da cor f\u00facsia. No centro, um delicado golfinho desenhado em branco destaca-se com gra\u00e7a, simbolizando a alegria e a liberdade do oceano.<\/p>\n<p>Esta ta\u00e7a n\u00e3o \u00e9 apenas um objeto decorativo, mas tamb\u00e9m encarna a rica tradi\u00e7\u00e3o artesanal das costas espanholas, onde o amor pela natureza marinha e a sua biodiversidade inspira as cria\u00e7\u00f5es dos artistas locais. Ideal tanto como recorda\u00e7\u00e3o de praia como presente especial, \u00e9 uma pe\u00e7a aut\u00eantica que atrair\u00e1 a aten\u00e7\u00e3o de turistas e amantes do mar.<\/p>\n<p>Na Ol\u00e9 Mosaic, orgulhamo-nos de oferecer recorda\u00e7\u00f5es que refletem o patrim\u00f3nio cultural e natural da regi\u00e3o. Esta ta\u00e7a de coco f\u00facsia \u00e9 uma op\u00e7\u00e3o perfeita para lojas de presentes tur\u00edsticos que procuram produtos \u00fanicos e de qualidade. Como grossistas de artigos decorativos, garantimos que cada pe\u00e7a n\u00e3o s\u00f3 \u00e9 aut\u00eantica, mas tamb\u00e9m uma vibrante recorda\u00e7\u00e3o da beleza do mar.<\/p>\n","protected":false},"excerpt":{"rendered":"<p>Ta\u00e7a de coco f\u00facsia com design de golfinho, elaborada artesanalmente com um interior colorido. Esta atraente ta\u00e7a apresenta um fundo f\u00facsia brilhante salpicado de brilhos, rodeado por um padr\u00e3o de mosaico em tons claros. No centro, um delicado golfinho branco confere um toque l\u00fadico e fresco ao design. Ideal para decorar qualquer canto com um ar mar\u00edtimo e vibrante.<\/p>\n","protected":false},"featured_media":11739,"template":"","meta":{"_acf_changed":false},"product_brand":[],"product_cat":[513],"product_tag":[516],"class_list":{"0":"post-29672","1":"product","2":"type-product","3":"status-publish","4":"has-post-thumbnail","6":"product_cat-bols","7":"product_tag-animais","8":"pa_motivo-golfinhos","10":"first","11":"instock","12":"shipping-taxable","13":"product-type-simple"},"acf":[],"_links":{"self":[{"href":"https:\/\/olemosaic.com\/pt-pt\/wp-json\/wp\/v2\/product\/29672","targetHints":{"allow":["GET"]}}],"collection":[{"href":"https:\/\/olemosaic.com\/pt-pt\/wp-json\/wp\/v2\/product"}],"about":[{"href":"https:\/\/olemosaic.com\/pt-pt\/wp-json\/wp\/v2\/types\/product"}],"wp:featuredmedia":[{"embeddable":true,"href":"https:\/\/olemosaic.com\/pt-pt\/wp-json\/wp\/v2\/media\/11739"}],"wp:attachment":[{"href":"https:\/\/olemosaic.com\/pt-pt\/wp-json\/wp\/v2\/media?parent=29672"}],"wp:term":[{"taxonomy":"product_brand","embeddable":true,"href":"https:\/\/olemosaic.com\/pt-pt\/wp-json\/wp\/v2\/product_brand?post=29672"},{"taxonomy":"product_cat","embeddable":true,"href":"https:\/\/olemosaic.com\/pt-pt\/wp-json\/wp\/v2\/product_cat?post=29672"},{"taxonomy":"product_tag","embeddable":true,"href":"https:\/\/olemosaic.com\/pt-pt\/wp-json\/wp\/v2\/product_tag?post=29672"}],"curies":[{"name":"wp","href":"https:\/\/api.w.org\/{rel}","templated":true}]}}