{"id":29624,"date":"2025-02-20T23:30:23","date_gmt":"2025-02-20T22:30:23","guid":{"rendered":"http:\/\/olemosaic.com\/producto\/bol-de-coco-naranja-sagrada-familia-barcelona\/"},"modified":"2025-07-25T18:51:29","modified_gmt":"2025-07-25T16:51:29","slug":"taca-de-coco-laranja-sagrada-familia-barcelona","status":"publish","type":"product","link":"https:\/\/olemosaic.com\/pt-pt\/produto\/taca-de-coco-laranja-sagrada-familia-barcelona\/","title":{"rendered":"Ta\u00e7a de coco laranja. Sagrada Fam\u00edlia. Barcelona."},"content":{"rendered":"<p>Esta ta\u00e7a de coco, de uma cor laranja vibrante, \u00e9 uma obra-prima artesanal que presta homenagem \u00e0 emblem\u00e1tica Sagrada Fam\u00edlia de Barcelona. Com um acabamento brilhante e uma textura \u00fanica, esta ta\u00e7a destaca-se pela sua capacidade de refletir a luz, criando um jogo visual cativante que real\u00e7a a sua tonalidade din\u00e2mica. A silhueta estilizada da famosa bas\u00edlica, desenhada pelo ic\u00f3nico arquiteto Antoni Gaud\u00ed, foi plasmada no centro da ta\u00e7a, oferecendo um toque cultural que liga os utilizadores \u00e0 rica heran\u00e7a arquitet\u00f3nica da cidade condal. Este produto apresenta-se n\u00e3o s\u00f3 como um elemento decorativo, mas tamb\u00e9m como um acess\u00f3rio vers\u00e1til, perfeito para servir aperitivos ou como objeto de exposi\u00e7\u00e3o em casa. A combina\u00e7\u00e3o de praticidade e arte torna esta ta\u00e7a um excelente presente para quem procura souvenirs de Barcelona aut\u00eanticos e significativos. Na Ol\u00e9 Mosaic, l\u00edderes na distribui\u00e7\u00e3o de souvenirs por grosso, oferecemos esta ta\u00e7a de coco como uma op\u00e7\u00e3o ideal para lojas de recorda\u00e7\u00f5es tur\u00edsticas que desejem oferecer produtos que celebrem e representem a cultura espanhola. Com o seu design muito especial e a sua profunda liga\u00e7\u00e3o \u00e0 identidade de Barcelona, esta ta\u00e7a de coco \u00e9, sem d\u00favida, uma recorda\u00e7\u00e3o memor\u00e1vel e aut\u00eantica.<\/p>\n","protected":false},"excerpt":{"rendered":"<p>Ta\u00e7a de coco laranja, decorada com um design que destaca a imponente Sagrada Fam\u00edlia de Barcelona. Esta ta\u00e7a original apresenta um acabamento brilhante com uma textura \u00fanica, que reflete a luz e real\u00e7a a sua cor vibrante. A decora\u00e7\u00e3o inclui a silhueta estilizada da famosa obra de Gaud\u00ed, oferecendo um toque cultural e artesanal. Ideal como elemento decorativo ou para servir aperitivos, combina praticidade e arte num s\u00f3 produto.<\/p>\n","protected":false},"featured_media":13411,"template":"","meta":{"_acf_changed":false},"product_brand":[],"product_cat":[513],"product_tag":[],"class_list":{"0":"post-29624","1":"product","2":"type-product","3":"status-publish","4":"has-post-thumbnail","6":"product_cat-bols","7":"pa_ciudad-barcelona","8":"pa_motivo-sagrada-familia","9":"pa_pais-espana","11":"first","12":"instock","13":"shipping-taxable","14":"product-type-simple"},"acf":[],"_links":{"self":[{"href":"https:\/\/olemosaic.com\/pt-pt\/wp-json\/wp\/v2\/product\/29624","targetHints":{"allow":["GET"]}}],"collection":[{"href":"https:\/\/olemosaic.com\/pt-pt\/wp-json\/wp\/v2\/product"}],"about":[{"href":"https:\/\/olemosaic.com\/pt-pt\/wp-json\/wp\/v2\/types\/product"}],"wp:featuredmedia":[{"embeddable":true,"href":"https:\/\/olemosaic.com\/pt-pt\/wp-json\/wp\/v2\/media\/13411"}],"wp:attachment":[{"href":"https:\/\/olemosaic.com\/pt-pt\/wp-json\/wp\/v2\/media?parent=29624"}],"wp:term":[{"taxonomy":"product_brand","embeddable":true,"href":"https:\/\/olemosaic.com\/pt-pt\/wp-json\/wp\/v2\/product_brand?post=29624"},{"taxonomy":"product_cat","embeddable":true,"href":"https:\/\/olemosaic.com\/pt-pt\/wp-json\/wp\/v2\/product_cat?post=29624"},{"taxonomy":"product_tag","embeddable":true,"href":"https:\/\/olemosaic.com\/pt-pt\/wp-json\/wp\/v2\/product_tag?post=29624"}],"curies":[{"name":"wp","href":"https:\/\/api.w.org\/{rel}","templated":true}]}}