{"id":29623,"date":"2025-02-20T23:30:23","date_gmt":"2025-02-20T22:30:23","guid":{"rendered":"http:\/\/olemosaic.com\/producto\/bol-de-coco-azul-salamandra-gran-canaria-3\/"},"modified":"2025-07-25T18:53:59","modified_gmt":"2025-07-25T16:53:59","slug":"taca-de-coco-azul-salamandra-gran-canaria-3","status":"publish","type":"product","link":"https:\/\/olemosaic.com\/pt-pt\/produto\/taca-de-coco-azul-salamandra-gran-canaria-3\/","title":{"rendered":"Ta\u00e7a de coco azul. Salamandra. Gran Canaria. Fundo marinho."},"content":{"rendered":"<p>Esta ta\u00e7a de coco, de uma cor azul vibrante, \u00e9 uma pe\u00e7a artesanal que representa a rica cultura de Gran Canaria. Com um design meticulosamente adornado com uma salamandra, esta ta\u00e7a destaca-se pelo seu acabamento brilhante e pintado \u00e0 m\u00e3o, o que a torna um verdadeiro s\u00edmbolo da artesania can\u00e1ria. A salamandra, emblema da natureza vulc\u00e2nica da ilha, confere um toque distintivo e exclusivo, evocado no fundo azul que recorda os c\u00e9us limpos e as \u00e1guas cristalinas de Gran Canaria.<\/p>\n<p>A sua superf\u00edcie est\u00e1 decorada com uma subtil rede de texturas que evocam as paisagens e a flora aut\u00f3ctone, criando um efeito visual que combina tradi\u00e7\u00e3o e modernidade. No centro, a inscri\u00e7\u00e3o &#8220;Gran Canaria&#8221; \u00e9 embelezada num tom dourado, real\u00e7ando a identidade da origem do produto e servindo como uma lembran\u00e7a do seu legado cultural. Esta ta\u00e7a n\u00e3o \u00e9 apenas ideal como decora\u00e7\u00e3o, mas tamb\u00e9m funciona como um presente aut\u00eantico que capta a ess\u00eancia das Ilhas Can\u00e1rias.<\/p>\n<p>Na Ol\u00e9 Mosaic, oferecemos souvenirs de qualidade, e esta ta\u00e7a de coco \u00e9 uma op\u00e7\u00e3o perfeita para lojas de recorda\u00e7\u00f5es tur\u00edsticas que procuram produtos que encantem os visitantes. Como grossista de souvenirs, trabalhamos para fornecer artigos aut\u00eanticos e culturalmente relevantes que sirvam como recorda\u00e7\u00f5es significativas para os turistas que desejam levar um peda\u00e7o de Gran Canaria para casa.<\/p>\n","protected":false},"excerpt":{"rendered":"<p>Ta\u00e7a de coco azul, decorada com um design de salamandra, t\u00edpico de Gran Canaria. Esta elegante ta\u00e7a destaca-se pelo seu acabamento brilhante e pela sua pintura \u00e0 m\u00e3o, onde o dourado sobressai sobre um fundo azul vibrante e uma rede de texturas que evocam a natureza da ilha. Com a inscri\u00e7\u00e3o &#8220;Gran Canaria&#8221;, \u00e9 uma pe\u00e7a ideal para conferir um toque de arte can\u00e1ria a qualquer lar.<\/p>\n","protected":false},"featured_media":10119,"template":"","meta":{"_acf_changed":false},"product_brand":[],"product_cat":[513],"product_tag":[516],"class_list":{"0":"post-29623","1":"product","2":"type-product","3":"status-publish","4":"has-post-thumbnail","6":"product_cat-bols","7":"product_tag-animais","8":"pa_ciudad-gran-canaria","9":"pa_motivo-salamandras","10":"pa_pais-espana","12":"first","13":"instock","14":"shipping-taxable","15":"product-type-simple"},"acf":[],"_links":{"self":[{"href":"https:\/\/olemosaic.com\/pt-pt\/wp-json\/wp\/v2\/product\/29623","targetHints":{"allow":["GET"]}}],"collection":[{"href":"https:\/\/olemosaic.com\/pt-pt\/wp-json\/wp\/v2\/product"}],"about":[{"href":"https:\/\/olemosaic.com\/pt-pt\/wp-json\/wp\/v2\/types\/product"}],"wp:featuredmedia":[{"embeddable":true,"href":"https:\/\/olemosaic.com\/pt-pt\/wp-json\/wp\/v2\/media\/10119"}],"wp:attachment":[{"href":"https:\/\/olemosaic.com\/pt-pt\/wp-json\/wp\/v2\/media?parent=29623"}],"wp:term":[{"taxonomy":"product_brand","embeddable":true,"href":"https:\/\/olemosaic.com\/pt-pt\/wp-json\/wp\/v2\/product_brand?post=29623"},{"taxonomy":"product_cat","embeddable":true,"href":"https:\/\/olemosaic.com\/pt-pt\/wp-json\/wp\/v2\/product_cat?post=29623"},{"taxonomy":"product_tag","embeddable":true,"href":"https:\/\/olemosaic.com\/pt-pt\/wp-json\/wp\/v2\/product_tag?post=29623"}],"curies":[{"name":"wp","href":"https:\/\/api.w.org\/{rel}","templated":true}]}}