{"id":29605,"date":"2025-02-20T23:30:23","date_gmt":"2025-02-20T22:30:23","guid":{"rendered":"http:\/\/olemosaic.com\/producto\/bol-de-coco-rojo-delfin-barcelona\/"},"modified":"2025-07-25T19:36:35","modified_gmt":"2025-07-25T17:36:35","slug":"taca-de-coco-vermelha-golfinho-barcelona","status":"publish","type":"product","link":"https:\/\/olemosaic.com\/pt-pt\/produto\/taca-de-coco-vermelha-golfinho-barcelona\/","title":{"rendered":"Ta\u00e7a de coco vermelha. Golfinho. Barcelona."},"content":{"rendered":"<p>Esta ta\u00e7a de coco em tons avermelhados \u00e9 um atraente souvenir de Barcelona que captura a ess\u00eancia vibrante e alegre da cidade. Elaborada a partir de casca de coco, a ta\u00e7a apresenta uma artesania cuidada, com um acabamento pintado \u00e0 m\u00e3o que real\u00e7a o seu design singular. No centro, dois golfinhos entrela\u00e7am-se numa dan\u00e7a l\u00fadica, simbolizando a liga\u00e7\u00e3o de Barcelona com o mar e a sua rica vida marinha. A inscri\u00e7\u00e3o \u201cBarcelona\u201d \u00e9 apresentada num elegante dourado, oferecendo um contraste perfeito com as cores vermelhas vivas e os detalhes dourados que adornam a ta\u00e7a.<\/p>\n<p>Este souvenir n\u00e3o s\u00f3 \u00e9 um elegante elemento decorativo, como tamb\u00e9m pode servir para guardar pequenos objetos, tornando-a uma pe\u00e7a funcional para qualquer lar. O seu design fresco e brincalh\u00e3o recorda os dias ensolarados na praia, evocando a alegria dos passeios pelo litoral catal\u00e3o. Aut\u00eantica e representativa do esp\u00edrito de Barcelona, esta ta\u00e7a de coco \u00e9 ideal para turistas que procuram uma recorda\u00e7\u00e3o significativa da sua visita.<\/p>\n<p>Na Ol\u00e9 Mosaic, somos especialistas na distribui\u00e7\u00e3o de souvenirs por grosso, e esta ta\u00e7a de coco \u00e9 uma excelente op\u00e7\u00e3o para lojas de presentes tur\u00edsticos que procuram produtos que realcem a cultura e a tradi\u00e7\u00e3o de Espanha. Considerado um artigo imprescind\u00edvel, esta ta\u00e7a oferece uma combina\u00e7\u00e3o perfeita de autenticidade, funcionalidade e est\u00e9tica.<\/p>\n","protected":false},"excerpt":{"rendered":"<p>Ta\u00e7a de coco em tons vermelhos, decorada com uma ilustra\u00e7\u00e3o de golfinhos e o nome &#8220;Barcelona&#8221; no centro. Esta atraente recorda\u00e7\u00e3o, elaborada a partir da casca de coco, apresenta um acabamento de design artesanal, pintado \u00e0 m\u00e3o, que real\u00e7a o seu design \u00fanico. As cores vermelhas vivas e os detalhes dourados real\u00e7am a sua est\u00e9tica, evocando a alegria e vitalidade da cidade condal. Perfeita como elemento decorativo ou para guardar pequenos objetos.<\/p>\n","protected":false},"featured_media":10152,"template":"","meta":{"_acf_changed":false},"product_brand":[],"product_cat":[513],"product_tag":[516],"class_list":{"0":"post-29605","1":"product","2":"type-product","3":"status-publish","4":"has-post-thumbnail","6":"product_cat-bols","7":"product_tag-animais","8":"pa_ciudad-barcelona","9":"pa_motivo-golfinhos","10":"pa_pais-espana","12":"first","13":"instock","14":"shipping-taxable","15":"product-type-simple"},"acf":[],"_links":{"self":[{"href":"https:\/\/olemosaic.com\/pt-pt\/wp-json\/wp\/v2\/product\/29605","targetHints":{"allow":["GET"]}}],"collection":[{"href":"https:\/\/olemosaic.com\/pt-pt\/wp-json\/wp\/v2\/product"}],"about":[{"href":"https:\/\/olemosaic.com\/pt-pt\/wp-json\/wp\/v2\/types\/product"}],"wp:featuredmedia":[{"embeddable":true,"href":"https:\/\/olemosaic.com\/pt-pt\/wp-json\/wp\/v2\/media\/10152"}],"wp:attachment":[{"href":"https:\/\/olemosaic.com\/pt-pt\/wp-json\/wp\/v2\/media?parent=29605"}],"wp:term":[{"taxonomy":"product_brand","embeddable":true,"href":"https:\/\/olemosaic.com\/pt-pt\/wp-json\/wp\/v2\/product_brand?post=29605"},{"taxonomy":"product_cat","embeddable":true,"href":"https:\/\/olemosaic.com\/pt-pt\/wp-json\/wp\/v2\/product_cat?post=29605"},{"taxonomy":"product_tag","embeddable":true,"href":"https:\/\/olemosaic.com\/pt-pt\/wp-json\/wp\/v2\/product_tag?post=29605"}],"curies":[{"name":"wp","href":"https:\/\/api.w.org\/{rel}","templated":true}]}}