{"id":29602,"date":"2025-02-20T22:30:22","date_gmt":"2025-02-20T22:30:22","guid":{"rendered":"http:\/\/olemosaic.com\/producto\/bol-de-coco-naranja-tortuga-gran-canaria\/"},"modified":"2025-07-25T18:50:00","modified_gmt":"2025-07-25T16:50:00","slug":"taca-de-coco-laranja-tartaruga-gran-canaria","status":"publish","type":"product","link":"https:\/\/olemosaic.com\/pt-pt\/produto\/taca-de-coco-laranja-tartaruga-gran-canaria\/","title":{"rendered":"Ta\u00e7a de coco laranja. Tartaruga. Gran Canaria."},"content":{"rendered":"<p>Esta ta\u00e7a de coco laranja \u00e9 uma aut\u00eantica joia artesanal que captura a ess\u00eancia da vida marinha de Gran Canaria. O seu design brilhante destaca um delicado motivo de tartaruga, s\u00edmbolo da rica biodiversidade e da beleza natural do arquip\u00e9lago can\u00e1rio. Gravado no interior da ta\u00e7a, o texto &#8220;Gran Canaria&#8221; real\u00e7a a identidade da recorda\u00e7\u00e3o, tornando-a uma lembran\u00e7a memor\u00e1vel da sua visita a estas ilhas paradis\u00edacas.<\/p>\n<p>A ta\u00e7a apresenta um acabamento radiante que joga com as tonalidades quentes do laranja e um padr\u00e3o de malha que recorda as texturas das \u00e1guas que rodeiam a ilha. Esta pe\u00e7a n\u00e3o s\u00f3 \u00e9 ideal para decorar a mesa, como tamb\u00e9m pode ser usada diariamente, conferindo um toque aut\u00eantico a qualquer lar. A sua elabora\u00e7\u00e3o artesanal assegura um produto exclusivo e \u00fanico, que reflete o amor pela tradi\u00e7\u00e3o e pela natureza que caracteriza Gran Canaria.<\/p>\n<p>Na Ol\u00e9 Mosaic, compreendemos a import\u00e2ncia de oferecer recorda\u00e7\u00f5es com significado cultural e ra\u00edzes no local de origem. Esta ta\u00e7a de coco \u00e9 uma excelente op\u00e7\u00e3o para os turistas que procuram recorda\u00e7\u00f5es aut\u00eanticas de Gran Canaria, bem como para as lojas de presentes tur\u00edsticos que desejam adicionar ao seu cat\u00e1logo produtos que conectem emocionalmente com os seus clientes. Como distribuidores de souvenirs de alta qualidade, garantimos que cada pe\u00e7a reflete a autenticidade e o encanto da cultura can\u00e1ria.<\/p>\n","protected":false},"excerpt":{"rendered":"<p>Ta\u00e7a de coco laranja com um design que evoca a vida marinha de Gran Canaria. Este produto artesanal apresenta um acabamento brilhante que real\u00e7a um delicado motivo de tartaruga e o texto &#8220;Gran Canaria&#8221; gravado no seu interior. As suas tonalidades quentes e o padr\u00e3o de malha conferem-lhe um toque distintivo, perfeito como pe\u00e7a decorativa ou para o uso di\u00e1rio. Uma recorda\u00e7\u00e3o ideal que captura a ess\u00eancia do arquip\u00e9lago can\u00e1rio.<\/p>\n","protected":false},"featured_media":10161,"template":"","meta":{"_acf_changed":false},"product_brand":[],"product_cat":[513],"product_tag":[516],"class_list":{"0":"post-29602","1":"product","2":"type-product","3":"status-publish","4":"has-post-thumbnail","6":"product_cat-bols","7":"product_tag-animais","8":"pa_ciudad-gran-canaria","9":"pa_motivo-tartarugas","10":"pa_pais-espana","12":"first","13":"instock","14":"shipping-taxable","15":"product-type-simple"},"acf":[],"_links":{"self":[{"href":"https:\/\/olemosaic.com\/pt-pt\/wp-json\/wp\/v2\/product\/29602","targetHints":{"allow":["GET"]}}],"collection":[{"href":"https:\/\/olemosaic.com\/pt-pt\/wp-json\/wp\/v2\/product"}],"about":[{"href":"https:\/\/olemosaic.com\/pt-pt\/wp-json\/wp\/v2\/types\/product"}],"wp:featuredmedia":[{"embeddable":true,"href":"https:\/\/olemosaic.com\/pt-pt\/wp-json\/wp\/v2\/media\/10161"}],"wp:attachment":[{"href":"https:\/\/olemosaic.com\/pt-pt\/wp-json\/wp\/v2\/media?parent=29602"}],"wp:term":[{"taxonomy":"product_brand","embeddable":true,"href":"https:\/\/olemosaic.com\/pt-pt\/wp-json\/wp\/v2\/product_brand?post=29602"},{"taxonomy":"product_cat","embeddable":true,"href":"https:\/\/olemosaic.com\/pt-pt\/wp-json\/wp\/v2\/product_cat?post=29602"},{"taxonomy":"product_tag","embeddable":true,"href":"https:\/\/olemosaic.com\/pt-pt\/wp-json\/wp\/v2\/product_tag?post=29602"}],"curies":[{"name":"wp","href":"https:\/\/api.w.org\/{rel}","templated":true}]}}