{"id":29570,"date":"2025-02-20T22:30:21","date_gmt":"2025-02-20T22:30:21","guid":{"rendered":"http:\/\/olemosaic.com\/producto\/bol-de-coco-caballito-de-mar-lanzarote\/"},"modified":"2025-07-25T19:06:48","modified_gmt":"2025-07-25T17:06:48","slug":"taca-de-coco-cavalo-marinho-lanzarote","status":"publish","type":"product","link":"https:\/\/olemosaic.com\/pt-pt\/produto\/taca-de-coco-cavalo-marinho-lanzarote\/","title":{"rendered":"Ta\u00e7a de coco. Cavalo-marinho. Lanzarote."},"content":{"rendered":"<p>Esta ta\u00e7a de coco, adornada com um vibrante mosaico de cores, \u00e9 uma pe\u00e7a artesanal que captura a ess\u00eancia \u00fanica de Lanzarote. A sua base, elaborada com casca de coco, apresenta um atraente mosaico de vidro em tons de azul, rosa e laranja que evocam as paisagens marinhas e as cores vibrantes das \u00e1guas can\u00e1rias. No centro, destaca-se um delicado cavalo-marinho, pintado num suave tom castanho, que simboliza a rica fauna marinha da regi\u00e3o, conferindo um toque de encanto e sofistica\u00e7\u00e3o a esta pe\u00e7a. Cada ta\u00e7a \u00e9 \u00fanica, resultado do talento de artes\u00e3os locais que combinam tradi\u00e7\u00e3o e criatividade para oferecer uma recorda\u00e7\u00e3o aut\u00eantica.<\/p>\n<p>Esta ta\u00e7a n\u00e3o s\u00f3 \u00e9 ideal para ser utilizada como um recipiente decorativo no lar, como tamb\u00e9m \u00e9 perfeita para exibir em qualquer canto, tornando-se um elemento de conversa que recorda as maravilhas do oceano. A sua forte liga\u00e7\u00e3o cultural com Lanzarote torna-a um presente memor\u00e1vel para quem procura levar um peda\u00e7o desta bela ilha. Na Ol\u00e9 Mosaic, estamos comprometidos com a distribui\u00e7\u00e3o de recorda\u00e7\u00f5es de qualidade por grosso, e esta ta\u00e7a de coco \u00e9 uma excelente op\u00e7\u00e3o para lojas de presentes tur\u00edsticos que valorizam a autenticidade e o design artesanal.<\/p>\n","protected":false},"excerpt":{"rendered":"<p>Ta\u00e7a de coco desenhada com um mosaico de cores vibrantes que representa um delicado cavalo-marinho, t\u00edpico de Lanzarote. Fabricada artesanalmente, esta ta\u00e7a apresenta uma base de coco decorada com pe\u00e7as de vidro em tons de azul, rosa e laranja, conseguindo um efeito visual atraente e texturizado. O cavalo-marinho, pintado num tom castanho suave, destaca-se no centro, conferindo um encanto marinho a esta pe\u00e7a decorativa. Ideal para exibir ou como um recipiente \u00fatil no lar.<\/p>\n","protected":false},"featured_media":11977,"template":"","meta":{"_acf_changed":false},"product_brand":[],"product_cat":[513],"product_tag":[516],"class_list":{"0":"post-29570","1":"product","2":"type-product","3":"status-publish","4":"has-post-thumbnail","6":"product_cat-bols","7":"product_tag-animais","8":"pa_ciudad-lanzarote","9":"pa_motivo-cavalos-marinhos","10":"pa_pais-espana","12":"first","13":"instock","14":"shipping-taxable","15":"product-type-simple"},"acf":[],"_links":{"self":[{"href":"https:\/\/olemosaic.com\/pt-pt\/wp-json\/wp\/v2\/product\/29570","targetHints":{"allow":["GET"]}}],"collection":[{"href":"https:\/\/olemosaic.com\/pt-pt\/wp-json\/wp\/v2\/product"}],"about":[{"href":"https:\/\/olemosaic.com\/pt-pt\/wp-json\/wp\/v2\/types\/product"}],"wp:featuredmedia":[{"embeddable":true,"href":"https:\/\/olemosaic.com\/pt-pt\/wp-json\/wp\/v2\/media\/11977"}],"wp:attachment":[{"href":"https:\/\/olemosaic.com\/pt-pt\/wp-json\/wp\/v2\/media?parent=29570"}],"wp:term":[{"taxonomy":"product_brand","embeddable":true,"href":"https:\/\/olemosaic.com\/pt-pt\/wp-json\/wp\/v2\/product_brand?post=29570"},{"taxonomy":"product_cat","embeddable":true,"href":"https:\/\/olemosaic.com\/pt-pt\/wp-json\/wp\/v2\/product_cat?post=29570"},{"taxonomy":"product_tag","embeddable":true,"href":"https:\/\/olemosaic.com\/pt-pt\/wp-json\/wp\/v2\/product_tag?post=29570"}],"curies":[{"name":"wp","href":"https:\/\/api.w.org\/{rel}","templated":true}]}}