{"id":29569,"date":"2025-02-20T22:30:21","date_gmt":"2025-02-20T22:30:21","guid":{"rendered":"http:\/\/olemosaic.com\/producto\/bol-de-coco-de-corazones-salamandra-gran-canaria\/"},"modified":"2025-07-25T19:55:52","modified_gmt":"2025-07-25T17:55:52","slug":"taca-de-coco-de-coracoes-salamandra-gran-canaria","status":"publish","type":"product","link":"https:\/\/olemosaic.com\/pt-pt\/produto\/taca-de-coco-de-coracoes-salamandra-gran-canaria\/","title":{"rendered":"Ta\u00e7a de coco de cora\u00e7\u00f5es. Salamandra. Gran Canaria."},"content":{"rendered":"<p>Esta ta\u00e7a decorativa de coco, inspirada na rica fauna de Gran Canaria, \u00e9 um aut\u00eantico tesouro cultural que captura a ess\u00eancia das Ilhas Can\u00e1rias. Elaborada com um design excecional, esta ta\u00e7a singular apresenta um acabamento nacarado com motivos encantadores de salamandras em suave relevo, simbolizando a diversidade natural da ilha. Os vibrantes cora\u00e7\u00f5es em tons de azul e laranja que adornam o seu interior conferem um toque de cor e representam o amor pela natureza e pela vida que caracterizam Gran Canaria. No centro, o texto &#8220;Gran Canaria&#8221; destaca-se elegantemente, criando um v\u00ednculo emocionante com o local de origem.<\/p>\n<p>Esta ta\u00e7a n\u00e3o \u00e9 apenas uma pe\u00e7a decorativa, mas uma aut\u00eantica recorda\u00e7\u00e3o, ideal para aqueles que procuram levar um peda\u00e7o da beleza can\u00e1ria para casa. O seu design artesanal reflete a dedica\u00e7\u00e3o e a arte local, tornando-a uma lembran\u00e7a representativa que encantar\u00e1 turistas e colecionadores por igual. Na Ol\u00e9 Mosaic, como grossistas de recorda\u00e7\u00f5es, oferecemos esta ta\u00e7a decorativa de coco como uma op\u00e7\u00e3o ideal para lojas de presentes tur\u00edsticos que desejem oferecer produtos \u00fanicos e culturalmente significativos. Uma recorda\u00e7\u00e3o perfeita para recordar a beleza natural e o calor de Gran Canaria.<\/p>\n","protected":false},"excerpt":{"rendered":"<p>Ta\u00e7a de coco decorativa, inspirada na fauna de Gran Canaria e adornada com cora\u00e7\u00f5es em tons de azul e laranja. Esta ta\u00e7a singular, elaborada artesanalmente, apresenta motivos de salamandras em suave relevo e a inscri\u00e7\u00e3o &#8220;Gran Canaria&#8221;, tudo isto com um elegante acabamento nacarado. Com o seu design excecional e colorido, \u00e9 uma recorda\u00e7\u00e3o perfeita para recordar a beleza natural das Ilhas Can\u00e1rias.<\/p>\n","protected":false},"featured_media":10333,"template":"","meta":{"_acf_changed":false},"product_brand":[],"product_cat":[513],"product_tag":[516],"class_list":{"0":"post-29569","1":"product","2":"type-product","3":"status-publish","4":"has-post-thumbnail","6":"product_cat-bols","7":"product_tag-animais","8":"pa_ciudad-gran-canaria","9":"pa_motivo-salamandras","10":"pa_pais-espana","12":"first","13":"instock","14":"shipping-taxable","15":"product-type-simple"},"acf":[],"_links":{"self":[{"href":"https:\/\/olemosaic.com\/pt-pt\/wp-json\/wp\/v2\/product\/29569","targetHints":{"allow":["GET"]}}],"collection":[{"href":"https:\/\/olemosaic.com\/pt-pt\/wp-json\/wp\/v2\/product"}],"about":[{"href":"https:\/\/olemosaic.com\/pt-pt\/wp-json\/wp\/v2\/types\/product"}],"wp:featuredmedia":[{"embeddable":true,"href":"https:\/\/olemosaic.com\/pt-pt\/wp-json\/wp\/v2\/media\/10333"}],"wp:attachment":[{"href":"https:\/\/olemosaic.com\/pt-pt\/wp-json\/wp\/v2\/media?parent=29569"}],"wp:term":[{"taxonomy":"product_brand","embeddable":true,"href":"https:\/\/olemosaic.com\/pt-pt\/wp-json\/wp\/v2\/product_brand?post=29569"},{"taxonomy":"product_cat","embeddable":true,"href":"https:\/\/olemosaic.com\/pt-pt\/wp-json\/wp\/v2\/product_cat?post=29569"},{"taxonomy":"product_tag","embeddable":true,"href":"https:\/\/olemosaic.com\/pt-pt\/wp-json\/wp\/v2\/product_tag?post=29569"}],"curies":[{"name":"wp","href":"https:\/\/api.w.org\/{rel}","templated":true}]}}