{"id":29567,"date":"2025-02-20T22:30:21","date_gmt":"2025-02-20T22:30:21","guid":{"rendered":"http:\/\/olemosaic.com\/producto\/bol-de-coco-delfin-fuerteventura\/"},"modified":"2025-07-25T18:49:29","modified_gmt":"2025-07-25T16:49:29","slug":"taca-de-coco-golfinho-fuerteventura","status":"publish","type":"product","link":"https:\/\/olemosaic.com\/pt-pt\/produto\/taca-de-coco-golfinho-fuerteventura\/","title":{"rendered":"Ta\u00e7a de coco. Golfinho. Fuerteventura."},"content":{"rendered":"<p>Esta ta\u00e7a decorativa de coco, inspirada na beleza marinha de Fuerteventura, \u00e9 uma pe\u00e7a \u00fanica que captura a ess\u00eancia das Ilhas Can\u00e1rias. O seu design em mosaico apresenta fragmentos coloridos em tons vibrantes de azul, rosa e dourado, que evocam as \u00e1guas cristalinas e a paisagem tropical da ilha. A superf\u00edcie interior, em branco puro, real\u00e7a os detalhes do mosaico, criando um contraste atraente que enriquecer\u00e1 a decora\u00e7\u00e3o de qualquer espa\u00e7o.<\/p>\n<p>A ta\u00e7a apresenta um encantador motivo de golfinho, um s\u00edmbolo emblem\u00e1tico de Fuerteventura e da rica biodiversidade marinha que a rodeia. Este elemento decorativo n\u00e3o s\u00f3 \u00e9 ideal para servir aperitivos ou fruta, como tamb\u00e9m funciona como uma bela pe\u00e7a decorativa que real\u00e7ar\u00e1 qualquer ambiente. Perfeito para quem procura recorda\u00e7\u00f5es de qualidade, esta ta\u00e7a afirma-se como uma bela lembran\u00e7a que preserva a cultura e a natureza das Ilhas Can\u00e1rias.<\/p>\n<p>A Ol\u00e9 Mosaic, como distribuidor de recorda\u00e7\u00f5es por grosso, oferece esta pe\u00e7a aut\u00eantica que combina artesanato e relev\u00e2ncia cultural, sendo uma excelente op\u00e7\u00e3o para lojas de presentes tur\u00edsticos que desejam oferecer produtos representativos da beleza can\u00e1ria. A ta\u00e7a decorativa de coco \u00e9 um presente perfeito que perpetua o esp\u00edrito de Fuerteventura, tornando-se um s\u00edmbolo do mar e da cultura local para todos aqueles que visitam a ilha.<\/p>\n","protected":false},"excerpt":{"rendered":"<p>Ta\u00e7a de coco decorativa, inspirada na beleza marinha de Fuerteventura. Esta ta\u00e7a original apresenta um design atraente de mosaico com fragmentos coloridos em tons de azul, rosa e dourado, que criam um efeito visual vibrante. A superf\u00edcie interior \u00e9 branca, o que real\u00e7a os detalhes. O seu motivo de golfinho, emblem\u00e1tico da ilha, confere-lhe um toque distintivo. Ideal para servir ou como pe\u00e7a decorativa, esta ta\u00e7a \u00e9 uma bonita recorda\u00e7\u00e3o das Can\u00e1rias.<\/p>\n","protected":false},"featured_media":11970,"template":"","meta":{"_acf_changed":false},"product_brand":[],"product_cat":[513],"product_tag":[516],"class_list":{"0":"post-29567","1":"product","2":"type-product","3":"status-publish","4":"has-post-thumbnail","6":"product_cat-bols","7":"product_tag-animais","8":"pa_ciudad-fuerteventura","9":"pa_motivo-golfinhos","10":"pa_pais-espana","12":"first","13":"instock","14":"shipping-taxable","15":"product-type-simple"},"acf":[],"_links":{"self":[{"href":"https:\/\/olemosaic.com\/pt-pt\/wp-json\/wp\/v2\/product\/29567","targetHints":{"allow":["GET"]}}],"collection":[{"href":"https:\/\/olemosaic.com\/pt-pt\/wp-json\/wp\/v2\/product"}],"about":[{"href":"https:\/\/olemosaic.com\/pt-pt\/wp-json\/wp\/v2\/types\/product"}],"wp:featuredmedia":[{"embeddable":true,"href":"https:\/\/olemosaic.com\/pt-pt\/wp-json\/wp\/v2\/media\/11970"}],"wp:attachment":[{"href":"https:\/\/olemosaic.com\/pt-pt\/wp-json\/wp\/v2\/media?parent=29567"}],"wp:term":[{"taxonomy":"product_brand","embeddable":true,"href":"https:\/\/olemosaic.com\/pt-pt\/wp-json\/wp\/v2\/product_brand?post=29567"},{"taxonomy":"product_cat","embeddable":true,"href":"https:\/\/olemosaic.com\/pt-pt\/wp-json\/wp\/v2\/product_cat?post=29567"},{"taxonomy":"product_tag","embeddable":true,"href":"https:\/\/olemosaic.com\/pt-pt\/wp-json\/wp\/v2\/product_tag?post=29567"}],"curies":[{"name":"wp","href":"https:\/\/api.w.org\/{rel}","templated":true}]}}