{"id":29565,"date":"2025-02-20T23:30:21","date_gmt":"2025-02-20T22:30:21","guid":{"rendered":"http:\/\/olemosaic.com\/producto\/bol-de-coco-salamandra-lanzarote\/"},"modified":"2025-07-25T20:27:37","modified_gmt":"2025-07-25T18:27:37","slug":"taca-de-coco-salamandra-lanzarote","status":"publish","type":"product","link":"https:\/\/olemosaic.com\/pt-pt\/produto\/taca-de-coco-salamandra-lanzarote\/","title":{"rendered":"Ta\u00e7a de coco. Salamandra. Lanzarote."},"content":{"rendered":"<p>Esta ta\u00e7a de coco decorativa, inspirada na beleza natural de Lanzarote, \u00e9 uma pe\u00e7a \u00fanica que captura a ess\u00eancia vibrante da ilha. Confecionada com esmero, a ta\u00e7a apresenta um colorido mosaico de pequenas pe\u00e7as em tons de rosa, azul e castanho, que evocam as paisagens vulc\u00e2nicas e a rica biodiversidade de Lanzarote. No centro, destaca-se uma elegante ilustra\u00e7\u00e3o de uma salamandra, um s\u00edmbolo caracter\u00edstico da fauna local, que adiciona um toque de autenticidade e liga\u00e7\u00e3o ao ambiente natural da ilha.<\/p>\n<p>Cada ta\u00e7a \u00e9 pintada \u00e0 m\u00e3o, o que garante que cada pe\u00e7a seja \u00fanica, refletindo a destreza artesanal dos artes\u00e3os locais. A combina\u00e7\u00e3o de cores vibrantes n\u00e3o s\u00f3 real\u00e7a a sua beleza est\u00e9tica, como tamb\u00e9m a torna um artigo perfeito para a decora\u00e7\u00e3o, adicionando um ar de frescura e originalidade a qualquer espa\u00e7o.<\/p>\n<p>No fundo da ta\u00e7a est\u00e1 impresso &#8220;Lanzarote&#8221;, o que a torna uma recorda\u00e7\u00e3o exclusiva que representa a rica cultura da ilha. Esta ta\u00e7a de coco \u00e9 uma excelente op\u00e7\u00e3o para turistas que procuram recorda\u00e7\u00f5es aut\u00eanticas e representativas de Lanzarote. Na Ol\u00e9 Mosaic, como grossista de recorda\u00e7\u00f5es de Lanzarote, oferecemos produtos ideais para lojas de presentes tur\u00edsticos que desejam oferecer aos seus clientes um peda\u00e7o da cultura can\u00e1ria.<\/p>\n","protected":false},"excerpt":{"rendered":"<p>Ta\u00e7a de coco decorativa inspirada na beleza natural de Lanzarote. Este design apresenta um mosaico colorido de pequenas pe\u00e7as em tons de rosa, azul e castanho, complementado com uma ilustra\u00e7\u00e3o central de uma salamandra. A ta\u00e7a tem um design artesanal, pintado \u00e0 m\u00e3o, refletindo a rica cultura da ilha e a sua biodiversidade. No fundo, est\u00e1 impresso &#8220;Lanzarote&#8221;, adicionando um toque exclusivo a esta recorda\u00e7\u00e3o elegante que captura a ess\u00eancia do ambiente.<\/p>\n","protected":false},"featured_media":11974,"template":"","meta":{"_acf_changed":false},"product_brand":[],"product_cat":[513],"product_tag":[516],"class_list":{"0":"post-29565","1":"product","2":"type-product","3":"status-publish","4":"has-post-thumbnail","6":"product_cat-bols","7":"product_tag-animais","8":"pa_ciudad-lanzarote","9":"pa_motivo-salamandras","10":"pa_pais-espana","12":"first","13":"instock","14":"shipping-taxable","15":"product-type-simple"},"acf":[],"_links":{"self":[{"href":"https:\/\/olemosaic.com\/pt-pt\/wp-json\/wp\/v2\/product\/29565","targetHints":{"allow":["GET"]}}],"collection":[{"href":"https:\/\/olemosaic.com\/pt-pt\/wp-json\/wp\/v2\/product"}],"about":[{"href":"https:\/\/olemosaic.com\/pt-pt\/wp-json\/wp\/v2\/types\/product"}],"wp:featuredmedia":[{"embeddable":true,"href":"https:\/\/olemosaic.com\/pt-pt\/wp-json\/wp\/v2\/media\/11974"}],"wp:attachment":[{"href":"https:\/\/olemosaic.com\/pt-pt\/wp-json\/wp\/v2\/media?parent=29565"}],"wp:term":[{"taxonomy":"product_brand","embeddable":true,"href":"https:\/\/olemosaic.com\/pt-pt\/wp-json\/wp\/v2\/product_brand?post=29565"},{"taxonomy":"product_cat","embeddable":true,"href":"https:\/\/olemosaic.com\/pt-pt\/wp-json\/wp\/v2\/product_cat?post=29565"},{"taxonomy":"product_tag","embeddable":true,"href":"https:\/\/olemosaic.com\/pt-pt\/wp-json\/wp\/v2\/product_tag?post=29565"}],"curies":[{"name":"wp","href":"https:\/\/api.w.org\/{rel}","templated":true}]}}