{"id":29564,"date":"2025-02-20T23:30:21","date_gmt":"2025-02-20T22:30:21","guid":{"rendered":"http:\/\/olemosaic.com\/producto\/bol-de-coco-delfin-menorca-2\/"},"modified":"2025-07-25T20:38:13","modified_gmt":"2025-07-25T18:38:13","slug":"taca-de-coco-golfinho-menorca-2","status":"publish","type":"product","link":"https:\/\/olemosaic.com\/pt-pt\/produto\/taca-de-coco-golfinho-menorca-2\/","title":{"rendered":"Ta\u00e7a de coco. Golfinho. Menorca. Baleares."},"content":{"rendered":"<p>Esta ta\u00e7a de coco decorativa, inspirada na beleza de Menorca, \u00e9 uma pe\u00e7a \u00fanica que captura a ess\u00eancia do Mediterr\u00e2neo. O seu design vibrante apresenta um mosaico colorido que evoca os azuis profundos e os rosas quentes do mar de Menorca, tornando-a um centro de aten\u00e7\u00e3o atrativo em qualquer espa\u00e7o. Fabricada com cuidado e esmero, o interior da ta\u00e7a \u00e9 pintado \u00e0 m\u00e3o, destacando os detalhes em tons de azul, rosa e dourado, o que cria uma harmonia visual que reflete o ambiente natural da ilha.<\/p>\n<p>No centro da ta\u00e7a, um elegante golfinho ergue-se como s\u00edmbolo da abundante vida marinha que rodeia Menorca, enquanto o texto \u201cMENORCA\u201d \u00e9 apresentado com um design muito especial, tornando este artigo numa recorda\u00e7\u00e3o representativa e aut\u00eantica da ilha. Cada ta\u00e7a \u00e9 um testemunho do trabalho artesanal e da rica cultura que caracteriza esta bela ilha.<\/p>\n<p>Esta ta\u00e7a de coco \u00e9, sem d\u00favida, uma excelente recorda\u00e7\u00e3o para turistas que procuram levar para casa um peda\u00e7o do Mediterr\u00e2neo. Na Ol\u00e9 Mosaic, somos distribuidores de recorda\u00e7\u00f5es por grosso e oferecemos produtos como esta ta\u00e7a de coco, ideal para lojas de presentes tur\u00edsticos que procuram artigos aut\u00eanticos e cheios de significado cultural.<\/p>\n","protected":false},"excerpt":{"rendered":"<p>Ta\u00e7a de coco decorativa inspirada na beleza de Menorca. Este produto apresenta um design colorido com mosaicos que evocam as cores do mar. Fabricada com coco, o seu interior tem um design artesanal, pintado \u00e0 m\u00e3o, com detalhes em tons de azul, rosa e dourado, enquanto no centro se destaca um golfinho e a palavra \u201cMENORCA\u201d. Esta ta\u00e7a \u00e9 uma recorda\u00e7\u00e3o elegante que captura a ess\u00eancia do Mediterr\u00e2neo e adiciona um toque distintivo a qualquer casa.<\/p>\n","protected":false},"featured_media":11955,"template":"","meta":{"_acf_changed":false},"product_brand":[],"product_cat":[513],"product_tag":[516],"class_list":{"0":"post-29564","1":"product","2":"type-product","3":"status-publish","4":"has-post-thumbnail","6":"product_cat-bols","7":"product_tag-animais","8":"pa_ciudad-menorca","9":"pa_motivo-golfinhos","10":"pa_pais-espana","12":"first","13":"instock","14":"shipping-taxable","15":"product-type-simple"},"acf":[],"_links":{"self":[{"href":"https:\/\/olemosaic.com\/pt-pt\/wp-json\/wp\/v2\/product\/29564","targetHints":{"allow":["GET"]}}],"collection":[{"href":"https:\/\/olemosaic.com\/pt-pt\/wp-json\/wp\/v2\/product"}],"about":[{"href":"https:\/\/olemosaic.com\/pt-pt\/wp-json\/wp\/v2\/types\/product"}],"wp:featuredmedia":[{"embeddable":true,"href":"https:\/\/olemosaic.com\/pt-pt\/wp-json\/wp\/v2\/media\/11955"}],"wp:attachment":[{"href":"https:\/\/olemosaic.com\/pt-pt\/wp-json\/wp\/v2\/media?parent=29564"}],"wp:term":[{"taxonomy":"product_brand","embeddable":true,"href":"https:\/\/olemosaic.com\/pt-pt\/wp-json\/wp\/v2\/product_brand?post=29564"},{"taxonomy":"product_cat","embeddable":true,"href":"https:\/\/olemosaic.com\/pt-pt\/wp-json\/wp\/v2\/product_cat?post=29564"},{"taxonomy":"product_tag","embeddable":true,"href":"https:\/\/olemosaic.com\/pt-pt\/wp-json\/wp\/v2\/product_tag?post=29564"}],"curies":[{"name":"wp","href":"https:\/\/api.w.org\/{rel}","templated":true}]}}