{"id":29562,"date":"2025-02-20T23:30:20","date_gmt":"2025-02-20T22:30:20","guid":{"rendered":"http:\/\/olemosaic.com\/producto\/bol-de-coco-salamandra-menorca-2\/"},"modified":"2025-07-25T20:23:08","modified_gmt":"2025-07-25T18:23:08","slug":"taca-de-coco-salamandra-menorca-2","status":"publish","type":"product","link":"https:\/\/olemosaic.com\/pt-pt\/produto\/taca-de-coco-salamandra-menorca-2\/","title":{"rendered":"Ta\u00e7a de coco. Salamandra. Estilo mediterr\u00e2neo. Menorca."},"content":{"rendered":"<p>Esta ta\u00e7a decorativa de coco \u00e9 uma maravilhosa representa\u00e7\u00e3o da arte e da fauna de Menorca, um destino que fascina pela sua beleza natural e pela sua rica heran\u00e7a cultural. Elaborada com minuciosa aten\u00e7\u00e3o ao detalhe, esta ta\u00e7a apresenta um vibrante mosaico que percorre toda a sua superf\u00edcie, real\u00e7ando a liga\u00e7\u00e3o com a biodiversidade da ilha. No centro, encontra-se uma ilustra\u00e7\u00e3o de uma salamandra, um s\u00edmbolo significativo do ambiente de Menorca, desenhada com tons luminosos em roxos, azuis, amarelos e vermelhos, que d\u00e3o vida e car\u00e1cter \u00e0 pe\u00e7a.<\/p>\n<p>A t\u00e9cnica de pintura \u00e0 m\u00e3o resulta num acabamento \u00fanico, onde cada ta\u00e7a \u00e9 um reflexo aut\u00eantico do talento artesanal que fomenta a identidade cultural de Menorca. A combina\u00e7\u00e3o de cores alegres evoca a ess\u00eancia vibrante da ilha, tornando-a uma recorda\u00e7\u00e3o ideal para aqueles que desejam levar um peda\u00e7o do seu encanto para casa. Esta ta\u00e7a n\u00e3o serve apenas como objeto decorativo, mas tamb\u00e9m como um legado cultural que convida \u00e0 contempla\u00e7\u00e3o e \u00e0 conversa.<\/p>\n<p>Na Ol\u00e9 Mosaic, especializamo-nos na distribui\u00e7\u00e3o de recorda\u00e7\u00f5es por grosso, oferecendo produtos aut\u00eanticos e representativos. Esta ta\u00e7a de coco \u00e9 uma excelente op\u00e7\u00e3o para lojas de presentes tur\u00edsticos que procuram oferecer artigos \u00fanicos e de qualidade, perfeitos para os visitantes que desejam uma recorda\u00e7\u00e3o emblem\u00e1tica da sua viagem a Menorca.<\/p>\n","protected":false},"excerpt":{"rendered":"<p>Ta\u00e7a de coco decorativa, inspirada na fauna de Menorca. Esta elegante ta\u00e7a apresenta um design vibrante com mosaicos coloridos que cobrem toda a sua superf\u00edcie, al\u00e9m de uma salamandra ilustrada no centro. Pintada com estilo artesanal com detalhes luminosos em tons de roxo, azul, amarelo e vermelho, a ta\u00e7a \u00e9 um reflexo da arte de Menorca e uma bela recorda\u00e7\u00e3o que evoca o encanto natural da ilha. Ideal para dar um toque distintivo a qualquer canto da casa.<\/p>\n","protected":false},"featured_media":11954,"template":"","meta":{"_acf_changed":false},"product_brand":[],"product_cat":[513],"product_tag":[516],"class_list":{"0":"post-29562","1":"product","2":"type-product","3":"status-publish","4":"has-post-thumbnail","6":"product_cat-bols","7":"product_tag-animais","8":"pa_ciudad-menorca","9":"pa_motivo-salamandras","10":"pa_pais-espana","12":"first","13":"instock","14":"shipping-taxable","15":"product-type-simple"},"acf":[],"_links":{"self":[{"href":"https:\/\/olemosaic.com\/pt-pt\/wp-json\/wp\/v2\/product\/29562","targetHints":{"allow":["GET"]}}],"collection":[{"href":"https:\/\/olemosaic.com\/pt-pt\/wp-json\/wp\/v2\/product"}],"about":[{"href":"https:\/\/olemosaic.com\/pt-pt\/wp-json\/wp\/v2\/types\/product"}],"wp:featuredmedia":[{"embeddable":true,"href":"https:\/\/olemosaic.com\/pt-pt\/wp-json\/wp\/v2\/media\/11954"}],"wp:attachment":[{"href":"https:\/\/olemosaic.com\/pt-pt\/wp-json\/wp\/v2\/media?parent=29562"}],"wp:term":[{"taxonomy":"product_brand","embeddable":true,"href":"https:\/\/olemosaic.com\/pt-pt\/wp-json\/wp\/v2\/product_brand?post=29562"},{"taxonomy":"product_cat","embeddable":true,"href":"https:\/\/olemosaic.com\/pt-pt\/wp-json\/wp\/v2\/product_cat?post=29562"},{"taxonomy":"product_tag","embeddable":true,"href":"https:\/\/olemosaic.com\/pt-pt\/wp-json\/wp\/v2\/product_tag?post=29562"}],"curies":[{"name":"wp","href":"https:\/\/api.w.org\/{rel}","templated":true}]}}