{"id":29536,"date":"2025-02-20T22:30:20","date_gmt":"2025-02-20T22:30:20","guid":{"rendered":"http:\/\/olemosaic.com\/producto\/bol-de-coco-de-corazones-salamandra-barcelona\/"},"modified":"2025-07-25T19:20:23","modified_gmt":"2025-07-25T17:20:23","slug":"taca-de-coco-de-coracoes-salamandra-barcelona","status":"publish","type":"product","link":"https:\/\/olemosaic.com\/pt-pt\/produto\/taca-de-coco-de-coracoes-salamandra-barcelona\/","title":{"rendered":"Ta\u00e7a de coco de cora\u00e7\u00f5es. Salamandra. Barcelona."},"content":{"rendered":"<p>Esta ta\u00e7a decorativa de coco \u00e9 uma aut\u00eantica obra de arte que captura a ess\u00eancia vibrante de Barcelona, desenhada especialmente para quem procura souvenirs \u00fanicos e representativos desta cidade fascinante. A pe\u00e7a apresenta uma base de coco polido, que real\u00e7a a sua natureza r\u00fastica e ecol\u00f3gica, combinada com um belo design de salamandras, que simbolizam a diversidade da fauna local. Este motivo situa-se sobre um fundo de mosaico ilustrado com encantadoras formas de cora\u00e7\u00e3o, numa paleta de cores que inclui tons azuis, laranjas e cremosos, criando uma combina\u00e7\u00e3o visualmente atraente e alegre. No centro, a palavra &#8220;Barcelona&#8221; est\u00e1 elegantemente gravada, adicionando um toque personalizado que torna esta ta\u00e7a um presente ideal ou um elemento decorativo distintivo para qualquer lar.<\/p>\n<p>A ta\u00e7a n\u00e3o serve apenas como elemento decorativo, mas tamb\u00e9m est\u00e1 profundamente enraizada na cultura catal\u00e3, refletindo o esp\u00edrito acolhedor e art\u00edstico da cidade. Como parte da tradi\u00e7\u00e3o artesanal local, este objeto representa o compromisso de Espanha com a qualidade e o design, tornando-se um excelente souvenir que os turistas poder\u00e3o levar para recordar a sua passagem por Barcelona. Na Ol\u00e9 Mosaic, especialistas na distribui\u00e7\u00e3o de souvenirs por grosso, oferecemos produtos aut\u00eanticos que real\u00e7am a cultura de cada regi\u00e3o, e esta ta\u00e7a decorativa de coco \u00e9 uma op\u00e7\u00e3o perfeita para lojas de presentes tur\u00edsticos que procuram surpreender os seus clientes com pe\u00e7as de grande valor art\u00edstico e cultural.<\/p>\n","protected":false},"excerpt":{"rendered":"<p>Ta\u00e7a decorativa de coco com motivos de cora\u00e7\u00f5es, inspirada na fauna barcelonesa. Esta elegante ta\u00e7a, com uma base de coco polido, ostenta um design de salamandras sobre um fundo de mosaico com cora\u00e7\u00f5es em tons azuis, laranjas e creme. A palavra &#8220;Barcelona&#8221; est\u00e1 gravada no centro, tornando esta ta\u00e7a uma pe\u00e7a \u00fanica que reflete o vibrante esp\u00edrito da cidade. Perfeita para decora\u00e7\u00e3o ou como presente.<\/p>\n","protected":false},"featured_media":10341,"template":"","meta":{"_acf_changed":false},"product_brand":[],"product_cat":[513],"product_tag":[516],"class_list":{"0":"post-29536","1":"product","2":"type-product","3":"status-publish","4":"has-post-thumbnail","6":"product_cat-bols","7":"product_tag-animais","8":"pa_ciudad-barcelona","9":"pa_motivo-salamandras","10":"pa_pais-espana","12":"first","13":"instock","14":"shipping-taxable","15":"product-type-simple"},"acf":[],"_links":{"self":[{"href":"https:\/\/olemosaic.com\/pt-pt\/wp-json\/wp\/v2\/product\/29536","targetHints":{"allow":["GET"]}}],"collection":[{"href":"https:\/\/olemosaic.com\/pt-pt\/wp-json\/wp\/v2\/product"}],"about":[{"href":"https:\/\/olemosaic.com\/pt-pt\/wp-json\/wp\/v2\/types\/product"}],"wp:featuredmedia":[{"embeddable":true,"href":"https:\/\/olemosaic.com\/pt-pt\/wp-json\/wp\/v2\/media\/10341"}],"wp:attachment":[{"href":"https:\/\/olemosaic.com\/pt-pt\/wp-json\/wp\/v2\/media?parent=29536"}],"wp:term":[{"taxonomy":"product_brand","embeddable":true,"href":"https:\/\/olemosaic.com\/pt-pt\/wp-json\/wp\/v2\/product_brand?post=29536"},{"taxonomy":"product_cat","embeddable":true,"href":"https:\/\/olemosaic.com\/pt-pt\/wp-json\/wp\/v2\/product_cat?post=29536"},{"taxonomy":"product_tag","embeddable":true,"href":"https:\/\/olemosaic.com\/pt-pt\/wp-json\/wp\/v2\/product_tag?post=29536"}],"curies":[{"name":"wp","href":"https:\/\/api.w.org\/{rel}","templated":true}]}}