{"id":29535,"date":"2025-02-20T22:30:20","date_gmt":"2025-02-20T22:30:20","guid":{"rendered":"http:\/\/olemosaic.com\/producto\/bol-de-coco-caballito-de-mar-mallorca-2\/"},"modified":"2025-07-25T19:22:40","modified_gmt":"2025-07-25T17:22:40","slug":"taca-de-coco-cavalo-marinho-maiorca-2","status":"publish","type":"product","link":"https:\/\/olemosaic.com\/pt-pt\/produto\/taca-de-coco-cavalo-marinho-maiorca-2\/","title":{"rendered":"Ta\u00e7a de coco. Cavalo-marinho. Maiorca."},"content":{"rendered":"<p>Esta ta\u00e7a decorativa de coco \u00e9 uma aut\u00eantica joia inspirada na beleza marinha de Maiorca. A pe\u00e7a apresenta um elegante cavalo-marinho no seu interior, destacado por um magn\u00edfico design de mosaico que celebra as cores vibrantes do Mediterr\u00e2neo. Os tons azuis, rosas e dourados entrela\u00e7am-se com um fundo claro, criando um contraste visual que n\u00e3o s\u00f3 \u00e9 atraente, mas tamb\u00e9m evoca a frescura e a alegria das \u00e1guas maiorquinas. Elaborada com t\u00e9cnicas artesanais, cada ta\u00e7a \u00e9 \u00fanica, com detalhes que real\u00e7am a sua autenticidade e car\u00e1ter distintivo.<\/p>\n<p>Esta ta\u00e7a n\u00e3o \u00e9 apenas um acess\u00f3rio decorativo, mas tamb\u00e9m pode ser um presente perfeito para aqueles que desejam levar um pedacinho de Maiorca. A representa\u00e7\u00e3o do cavalo-marinho, s\u00edmbolo de paz e tranquilidade, associa-se estreitamente ao ambiente marinho da ilha, tornando a ta\u00e7a uma recorda\u00e7\u00e3o constante da beleza natural que rodeia Maiorca.<\/p>\n<p>Na Ol\u00e9 Mosaic, especializamo-nos na distribui\u00e7\u00e3o por grosso de souvenirs de alta qualidade, e esta ta\u00e7a de coco \u00e9 uma excelente op\u00e7\u00e3o para lojas de presentes tur\u00edsticos que procuram artigos que capturem a ess\u00eancia cultural de Espanha. Com o seu design vibrante e a sua liga\u00e7\u00e3o \u00e0 tradi\u00e7\u00e3o mediterr\u00e2nea, esta ta\u00e7a \u00e9 um souvenir ideal para quem procura autenticidade e estilo em cada pe\u00e7a.<\/p>\n","protected":false},"excerpt":{"rendered":"<p>Ta\u00e7a de coco decorativa inspirada na beleza marinha de Maiorca. Este fant\u00e1stico acess\u00f3rio apresenta um elegante cavalo-marinho no seu interior. A pe\u00e7a, com um design de mosaico, \u00e9 elaborada em cores vibrantes, como tons de azul, rosa e dourado, que contrastam com o fundo claro e conferem um toque distintivo. Ideal para decora\u00e7\u00e3o ou como presente, esta ta\u00e7a \u00e9 uma homenagem ao encanto do Mediterr\u00e2neo.<\/p>\n","protected":false},"featured_media":11820,"template":"","meta":{"_acf_changed":false},"product_brand":[],"product_cat":[513],"product_tag":[516],"class_list":{"0":"post-29535","1":"product","2":"type-product","3":"status-publish","4":"has-post-thumbnail","6":"product_cat-bols","7":"product_tag-animais","8":"pa_ciudad-mallorca","9":"pa_motivo-cavalos-marinhos","10":"pa_pais-espana","12":"first","13":"instock","14":"shipping-taxable","15":"product-type-simple"},"acf":[],"_links":{"self":[{"href":"https:\/\/olemosaic.com\/pt-pt\/wp-json\/wp\/v2\/product\/29535","targetHints":{"allow":["GET"]}}],"collection":[{"href":"https:\/\/olemosaic.com\/pt-pt\/wp-json\/wp\/v2\/product"}],"about":[{"href":"https:\/\/olemosaic.com\/pt-pt\/wp-json\/wp\/v2\/types\/product"}],"wp:featuredmedia":[{"embeddable":true,"href":"https:\/\/olemosaic.com\/pt-pt\/wp-json\/wp\/v2\/media\/11820"}],"wp:attachment":[{"href":"https:\/\/olemosaic.com\/pt-pt\/wp-json\/wp\/v2\/media?parent=29535"}],"wp:term":[{"taxonomy":"product_brand","embeddable":true,"href":"https:\/\/olemosaic.com\/pt-pt\/wp-json\/wp\/v2\/product_brand?post=29535"},{"taxonomy":"product_cat","embeddable":true,"href":"https:\/\/olemosaic.com\/pt-pt\/wp-json\/wp\/v2\/product_cat?post=29535"},{"taxonomy":"product_tag","embeddable":true,"href":"https:\/\/olemosaic.com\/pt-pt\/wp-json\/wp\/v2\/product_tag?post=29535"}],"curies":[{"name":"wp","href":"https:\/\/api.w.org\/{rel}","templated":true}]}}