{"id":29534,"date":"2025-02-20T23:30:20","date_gmt":"2025-02-20T22:30:20","guid":{"rendered":"http:\/\/olemosaic.com\/producto\/bol-de-coco-azul-salamandra-mallorca-5\/"},"modified":"2025-07-25T19:51:40","modified_gmt":"2025-07-25T17:51:40","slug":"taca-de-coco-azul-salamandra-maiorca-5","status":"publish","type":"product","link":"https:\/\/olemosaic.com\/pt-pt\/produto\/taca-de-coco-azul-salamandra-maiorca-5\/","title":{"rendered":"Ta\u00e7a de coco azul. Salamandra. Maiorca. Baleares."},"content":{"rendered":"<p>Esta ta\u00e7a decorativa de coco em tons azuis \u00e9 uma aut\u00eantica joia artesanal que captura a ess\u00eancia de Maiorca e da sua maravilhosa fauna. Com um design vibrante que se destaca em qualquer ambiente, apresenta no seu centro uma ilustra\u00e7\u00e3o de uma salamandra, um simp\u00e1tico representante da rica biodiversidade da ilha. A palavra &#8220;MALLORCA&#8221;, num elegante tom dourado, real\u00e7a a sua liga\u00e7\u00e3o com a regi\u00e3o, tornando-a a recorda\u00e7\u00e3o perfeita para quem deseja levar um pedacinho desta bela ilha.<\/p>\n<p>A borda da ta\u00e7a est\u00e1 adornada com um mosaico de cora\u00e7\u00f5es coloridos, que conferem um ar alegre e distintivo, fazendo deste objeto n\u00e3o apenas um recipiente, mas tamb\u00e9m uma pe\u00e7a decorativa que ilumina qualquer espa\u00e7o. O seu design n\u00e3o se destaca apenas pela est\u00e9tica, mas tamb\u00e9m \u00e9 funcional, ideal para servir aperitivos ou como elemento decorativo no lar.<\/p>\n<p>Esta ta\u00e7a de coco representa a autenticidade dos souvenirs maiorquinos, combinando arte e cultura numa s\u00f3 pe\u00e7a. Na Ol\u00e9 Mosaic, oferecemos produtos que refletem a riqueza do patrim\u00f3nio espanhol, e esta ta\u00e7a \u00e9 uma maravilhosa op\u00e7\u00e3o para lojas de presentes tur\u00edsticos que procuram oferecer artigos \u00fanicos e representativos da regi\u00e3o. Como grossistas de souvenirs, garantimos a qualidade e a relev\u00e2ncia cultural dos nossos produtos, assegurando que cada cliente encontre algo especial para levar para casa.<\/p>\n","protected":false},"excerpt":{"rendered":"<p>Ta\u00e7a decorativa de coco em tons azuis, com um design vibrante inspirado na fauna de Maiorca. No centro destaca-se uma salamandra ilustrada, acompanhada pela palavra &#8220;MALLORCA&#8221; em dourado. A sua borda est\u00e1 adornada com um mosaico de cora\u00e7\u00f5es coloridos que lhe d\u00e3o um toque alegre e distintivo. Ideal como elemento decorativo ou para servir aperitivos em qualquer lar.<\/p>\n","protected":false},"featured_media":10327,"template":"","meta":{"_acf_changed":false},"product_brand":[],"product_cat":[513],"product_tag":[516],"class_list":{"0":"post-29534","1":"product","2":"type-product","3":"status-publish","4":"has-post-thumbnail","6":"product_cat-bols","7":"product_tag-animais","8":"pa_ciudad-mallorca","9":"pa_motivo-salamandras","10":"pa_pais-espana","12":"first","13":"instock","14":"shipping-taxable","15":"product-type-simple"},"acf":[],"_links":{"self":[{"href":"https:\/\/olemosaic.com\/pt-pt\/wp-json\/wp\/v2\/product\/29534","targetHints":{"allow":["GET"]}}],"collection":[{"href":"https:\/\/olemosaic.com\/pt-pt\/wp-json\/wp\/v2\/product"}],"about":[{"href":"https:\/\/olemosaic.com\/pt-pt\/wp-json\/wp\/v2\/types\/product"}],"wp:featuredmedia":[{"embeddable":true,"href":"https:\/\/olemosaic.com\/pt-pt\/wp-json\/wp\/v2\/media\/10327"}],"wp:attachment":[{"href":"https:\/\/olemosaic.com\/pt-pt\/wp-json\/wp\/v2\/media?parent=29534"}],"wp:term":[{"taxonomy":"product_brand","embeddable":true,"href":"https:\/\/olemosaic.com\/pt-pt\/wp-json\/wp\/v2\/product_brand?post=29534"},{"taxonomy":"product_cat","embeddable":true,"href":"https:\/\/olemosaic.com\/pt-pt\/wp-json\/wp\/v2\/product_cat?post=29534"},{"taxonomy":"product_tag","embeddable":true,"href":"https:\/\/olemosaic.com\/pt-pt\/wp-json\/wp\/v2\/product_tag?post=29534"}],"curies":[{"name":"wp","href":"https:\/\/api.w.org\/{rel}","templated":true}]}}