{"id":29533,"date":"2025-02-20T23:30:20","date_gmt":"2025-02-20T22:30:20","guid":{"rendered":"http:\/\/olemosaic.com\/producto\/bol-de-coco-rojo-caballito-de-mar-tenerife\/"},"modified":"2025-07-25T19:56:55","modified_gmt":"2025-07-25T17:56:55","slug":"taca-de-coco-vermelha-cavalo-marinho-tenerife","status":"publish","type":"product","link":"https:\/\/olemosaic.com\/pt-pt\/produto\/taca-de-coco-vermelha-cavalo-marinho-tenerife\/","title":{"rendered":"Ta\u00e7a de coco vermelha. Cavalo-marinho. Tenerife."},"content":{"rendered":"<p>Esta ta\u00e7a decorativa de coco, origin\u00e1ria de Tenerife, \u00e9 uma aut\u00eantica joia artesanal que captura a ess\u00eancia da beleza marinha can\u00e1ria. De design artesanal, o seu interior apresenta um atraente design de um cavalo-marinho, um s\u00edmbolo do oceano que reflete a rica vida marinha que rodeia esta maravilhosa ilha. O fundo claro da ta\u00e7a contrasta de forma vibrante com o acabamento em tons vermelhos da borda, criando um efeito visual chamativo que adiciona um toque ex\u00f3tico a qualquer ambiente.<\/p>\n<p>Este souvenir distintivo n\u00e3o \u00e9 apenas um elemento decorativo, mas tamb\u00e9m representa o folclore can\u00e1rio, sendo uma pe\u00e7a ideal para colecionadores ou como presente \u00fanico. A escolha do coco como material enfatiza a autenticidade deste produto, proporcionando uma liga\u00e7\u00e3o direta com a natureza e a cultura local. Os cavalos-marinhos, frequentemente associados \u00e0 calma e \u00e0 serenidade do oceano, fazem com que esta ta\u00e7a seja uma recorda\u00e7\u00e3o perfeita da paz que se encontra nas costas de Tenerife.<\/p>\n<p>Na Ol\u00e9 Mosaic, distribu\u00edmos souvenirs aut\u00eanticos das Can\u00e1rias e oferecemos esta ta\u00e7a decorativa de coco como uma excelente op\u00e7\u00e3o para lojas de presentes tur\u00edsticos. Como grossistas de souvenirs \u00fanicos, garantimos que cada pe\u00e7a realce o patrim\u00f3nio cultural da regi\u00e3o, tornando-se um presente memor\u00e1vel para aqueles que procuram levar um peda\u00e7o de Tenerife consigo.<\/p>\n","protected":false},"excerpt":{"rendered":"<p>Ta\u00e7a de coco artesanal, decorada com um atraente cavalo-marinho no interior, inspirado na beleza marinha de Tenerife. A sua borda, com acabamento em tons avermelhados, contrasta com o fundo claro, criando um efeito visual vibrante. Este produto, al\u00e9m de ser decorativo, \u00e9 uma representa\u00e7\u00e3o do folclore can\u00e1rio, perfeito para colecionadores ou como presente. Ideal para adicionar um toque ex\u00f3tico a qualquer lar.<\/p>\n","protected":false},"featured_media":11926,"template":"","meta":{"_acf_changed":false},"product_brand":[],"product_cat":[513],"product_tag":[516],"class_list":{"0":"post-29533","1":"product","2":"type-product","3":"status-publish","4":"has-post-thumbnail","6":"product_cat-bols","7":"product_tag-animais","8":"pa_ciudad-tenerife","9":"pa_motivo-cavalos-marinhos","10":"pa_pais-espana","12":"first","13":"instock","14":"shipping-taxable","15":"product-type-simple"},"acf":[],"_links":{"self":[{"href":"https:\/\/olemosaic.com\/pt-pt\/wp-json\/wp\/v2\/product\/29533","targetHints":{"allow":["GET"]}}],"collection":[{"href":"https:\/\/olemosaic.com\/pt-pt\/wp-json\/wp\/v2\/product"}],"about":[{"href":"https:\/\/olemosaic.com\/pt-pt\/wp-json\/wp\/v2\/types\/product"}],"wp:featuredmedia":[{"embeddable":true,"href":"https:\/\/olemosaic.com\/pt-pt\/wp-json\/wp\/v2\/media\/11926"}],"wp:attachment":[{"href":"https:\/\/olemosaic.com\/pt-pt\/wp-json\/wp\/v2\/media?parent=29533"}],"wp:term":[{"taxonomy":"product_brand","embeddable":true,"href":"https:\/\/olemosaic.com\/pt-pt\/wp-json\/wp\/v2\/product_brand?post=29533"},{"taxonomy":"product_cat","embeddable":true,"href":"https:\/\/olemosaic.com\/pt-pt\/wp-json\/wp\/v2\/product_cat?post=29533"},{"taxonomy":"product_tag","embeddable":true,"href":"https:\/\/olemosaic.com\/pt-pt\/wp-json\/wp\/v2\/product_tag?post=29533"}],"curies":[{"name":"wp","href":"https:\/\/api.w.org\/{rel}","templated":true}]}}