{"id":29532,"date":"2025-02-20T23:30:20","date_gmt":"2025-02-20T22:30:20","guid":{"rendered":"http:\/\/olemosaic.com\/producto\/bol-de-coco-azul-salamandra-mallorca-4\/"},"modified":"2025-07-25T20:04:59","modified_gmt":"2025-07-25T18:04:59","slug":"taca-de-coco-azul-salamandra-maiorca-4","status":"publish","type":"product","link":"https:\/\/olemosaic.com\/pt-pt\/produto\/taca-de-coco-azul-salamandra-maiorca-4\/","title":{"rendered":"Ta\u00e7a de coco azul. Salamandra. Estilo mediterr\u00e2neo. Maiorca."},"content":{"rendered":"<p>Esta ta\u00e7a de coco decorativa azul \u00e9 uma aut\u00eantica obra-prima inspirada na beleza natural de Maiorca. Elaborada artesanalmente, esta elegante ta\u00e7a apresenta um design pintado \u00e0 m\u00e3o que combina uma base de tons azuis vibrantes com um padr\u00e3o dourado intrincado, criando uma pe\u00e7a que atrair\u00e1 todos os olhares. No centro, destaca-se uma figura de salamandra, um s\u00edmbolo caracter\u00edstico da fauna balear, que emana um esp\u00edrito ex\u00f3tico e vibrante. A palavra &#8220;MALLORCA&#8221; est\u00e1 elegantemente integrada na decora\u00e7\u00e3o, real\u00e7ando a sua liga\u00e7\u00e3o direta com esta encantadora ilha mediterr\u00e2nea.<\/p>\n<p>Esta ta\u00e7a n\u00e3o \u00e9 apenas um recipiente decorativo, mas torna-se uma recorda\u00e7\u00e3o significativa que captura a ess\u00eancia de Maiorca, celebrando a sua rica cultura e a sua impressionante biodiversidade. \u00c9 uma excelente op\u00e7\u00e3o para quem procura souvenirs aut\u00eanticos e representativos da sua experi\u00eancia nas Ilhas Baleares. Na Ol\u00e9 Mosaic, dedicamo-nos \u00e0 distribui\u00e7\u00e3o de souvenirs por grosso, oferecendo artigos como esta ta\u00e7a que n\u00e3o s\u00f3 embelezam qualquer espa\u00e7o, mas tamb\u00e9m contam hist\u00f3rias de lugares memor\u00e1veis. Perfeita para lojas de presentes tur\u00edsticos que desejem oferecer produtos de qualidade e relev\u00e2ncia cultural, esta ta\u00e7a de coco azul \u00e9 a escolha ideal para quem deseja levar um peda\u00e7o de Maiorca para casa.<\/p>\n","protected":false},"excerpt":{"rendered":"<p>Ta\u00e7a decorativa de coco azul, com forma de salamandra e que evoca a beleza de Maiorca. Esta elegante ta\u00e7a, elaborada artesanalmente, apresenta um design artesanal, pintado \u00e0 m\u00e3o, que combina uma base em tons azuis com um padr\u00e3o dourado intrincado. No centro, destaca-se a figura de uma salamandra, junto \u00e0 palavra &#8220;MALLORCA&#8221;. Ideal para adicionar um toque ex\u00f3tico a qualquer canto do seu lar.<\/p>\n","protected":false},"featured_media":10115,"template":"","meta":{"_acf_changed":false},"product_brand":[],"product_cat":[513],"product_tag":[516],"class_list":{"0":"post-29532","1":"product","2":"type-product","3":"status-publish","4":"has-post-thumbnail","6":"product_cat-bols","7":"product_tag-animais","8":"pa_ciudad-mallorca","9":"pa_motivo-salamandras","10":"pa_pais-espana","12":"first","13":"instock","14":"shipping-taxable","15":"product-type-simple"},"acf":[],"_links":{"self":[{"href":"https:\/\/olemosaic.com\/pt-pt\/wp-json\/wp\/v2\/product\/29532","targetHints":{"allow":["GET"]}}],"collection":[{"href":"https:\/\/olemosaic.com\/pt-pt\/wp-json\/wp\/v2\/product"}],"about":[{"href":"https:\/\/olemosaic.com\/pt-pt\/wp-json\/wp\/v2\/types\/product"}],"wp:featuredmedia":[{"embeddable":true,"href":"https:\/\/olemosaic.com\/pt-pt\/wp-json\/wp\/v2\/media\/10115"}],"wp:attachment":[{"href":"https:\/\/olemosaic.com\/pt-pt\/wp-json\/wp\/v2\/media?parent=29532"}],"wp:term":[{"taxonomy":"product_brand","embeddable":true,"href":"https:\/\/olemosaic.com\/pt-pt\/wp-json\/wp\/v2\/product_brand?post=29532"},{"taxonomy":"product_cat","embeddable":true,"href":"https:\/\/olemosaic.com\/pt-pt\/wp-json\/wp\/v2\/product_cat?post=29532"},{"taxonomy":"product_tag","embeddable":true,"href":"https:\/\/olemosaic.com\/pt-pt\/wp-json\/wp\/v2\/product_tag?post=29532"}],"curies":[{"name":"wp","href":"https:\/\/api.w.org\/{rel}","templated":true}]}}