{"id":29516,"date":"2025-02-20T23:30:19","date_gmt":"2025-02-20T22:30:19","guid":{"rendered":"http:\/\/olemosaic.com\/producto\/bol-de-coco-delfin-mallorca-2\/"},"modified":"2025-07-25T18:39:14","modified_gmt":"2025-07-25T16:39:14","slug":"taca-de-coco-golfinho-maiorca-2","status":"publish","type":"product","link":"https:\/\/olemosaic.com\/pt-pt\/produto\/taca-de-coco-golfinho-maiorca-2\/","title":{"rendered":"Ta\u00e7a de coco. Golfinho. Estilo mediterr\u00e2nico. Maiorca."},"content":{"rendered":"<p>Esta ta\u00e7a de coco decorada, inspirada na beleza de Maiorca, \u00e9 uma recorda\u00e7\u00e3o aut\u00eantica que captura a ess\u00eancia desta deslumbrante ilha mediterr\u00e2nica. O seu design apresenta um encantador golfinho, s\u00edmbolo da vida marinha que rodeia Maiorca, ilustrado numa cor quente que se destaca no interior da ta\u00e7a. Rodeando esta figura central, desdobra-se um mosaico vibrante de cores \u2014 azuis, rosas, amarelos e roxos \u2014 que evocam o esplendor do mar e a natureza de Maiorca, fazendo desta ta\u00e7a uma pe\u00e7a visualmente impactante e alegre.<\/p>\n<p>A palavra &#8220;MAIORCA&#8221;, pintada com eleg\u00e2ncia, situa imediatamente este produto como uma recorda\u00e7\u00e3o representativa da ilha, ideal para quem procura levar um peda\u00e7o deste destino id\u00edlico. O seu acabamento brilhante e os detalhes ornamentais n\u00e3o s\u00f3 a tornam num elemento decorativo atraente, mas tamb\u00e9m num artigo funcional, perfeito para servir alimentos ou como parte de uma decora\u00e7\u00e3o tem\u00e1tica.<\/p>\n<p>Na Ol\u00e9 Mosaic, compreendemos a import\u00e2ncia de oferecer recorda\u00e7\u00f5es aut\u00eanticas que reflitam a cultura e a tradi\u00e7\u00e3o local. Esta ta\u00e7a de coco decorada \u00e9 uma excelente op\u00e7\u00e3o para lojas de presentes tur\u00edsticos que desejam oferecer aos seus clientes uma lembran\u00e7a genu\u00edna e de qualidade, representando a riqueza cultural de Maiorca com um toque art\u00edstico \u00fanico. Como grossista de lembran\u00e7as, garantimos a autenticidade e o design em cada pe\u00e7a que distribu\u00edmos.<\/p>\n","protected":false},"excerpt":{"rendered":"<p>Ta\u00e7a de coco decorada com um design encantador de golfinho, inspirada na beleza de Maiorca. Este produto \u00fanico apresenta um acabamento em tons vivos, com um mosaico de cores que inclui azuis, rosas e amarelos, real\u00e7ando o seu apelo visual. A ilustra\u00e7\u00e3o do golfinho, centrada na ta\u00e7a, \u00e9 acompanhada pela palavra &#8220;MAIORCA&#8221;, o que lhe confere um toque aut\u00eantico. Ideal como elemento decorativo ou para desfrutar das suas refei\u00e7\u00f5es.<\/p>\n","protected":false},"featured_media":11821,"template":"","meta":{"_acf_changed":false},"product_brand":[],"product_cat":[513],"product_tag":[516],"class_list":{"0":"post-29516","1":"product","2":"type-product","3":"status-publish","4":"has-post-thumbnail","6":"product_cat-bols","7":"product_tag-animais","8":"pa_ciudad-mallorca","9":"pa_motivo-golfinhos","10":"pa_pais-espana","12":"first","13":"instock","14":"shipping-taxable","15":"product-type-simple"},"acf":[],"_links":{"self":[{"href":"https:\/\/olemosaic.com\/pt-pt\/wp-json\/wp\/v2\/product\/29516","targetHints":{"allow":["GET"]}}],"collection":[{"href":"https:\/\/olemosaic.com\/pt-pt\/wp-json\/wp\/v2\/product"}],"about":[{"href":"https:\/\/olemosaic.com\/pt-pt\/wp-json\/wp\/v2\/types\/product"}],"wp:featuredmedia":[{"embeddable":true,"href":"https:\/\/olemosaic.com\/pt-pt\/wp-json\/wp\/v2\/media\/11821"}],"wp:attachment":[{"href":"https:\/\/olemosaic.com\/pt-pt\/wp-json\/wp\/v2\/media?parent=29516"}],"wp:term":[{"taxonomy":"product_brand","embeddable":true,"href":"https:\/\/olemosaic.com\/pt-pt\/wp-json\/wp\/v2\/product_brand?post=29516"},{"taxonomy":"product_cat","embeddable":true,"href":"https:\/\/olemosaic.com\/pt-pt\/wp-json\/wp\/v2\/product_cat?post=29516"},{"taxonomy":"product_tag","embeddable":true,"href":"https:\/\/olemosaic.com\/pt-pt\/wp-json\/wp\/v2\/product_tag?post=29516"}],"curies":[{"name":"wp","href":"https:\/\/api.w.org\/{rel}","templated":true}]}}