{"id":29514,"date":"2025-02-20T22:30:19","date_gmt":"2025-02-20T22:30:19","guid":{"rendered":"http:\/\/olemosaic.com\/producto\/bol-de-coco-camello-fuerteventura\/"},"modified":"2025-07-25T20:35:07","modified_gmt":"2025-07-25T18:35:07","slug":"taca-de-coco-camelo-fuerteventura","status":"publish","type":"product","link":"https:\/\/olemosaic.com\/pt-pt\/produto\/taca-de-coco-camelo-fuerteventura\/","title":{"rendered":"Ta\u00e7a de coco. Camelo. Fuerteventura."},"content":{"rendered":"<p>Esta ta\u00e7a de coco decorada \u00e9 uma pe\u00e7a vibrante que captura a ess\u00eancia de Fuerteventura, ideal tanto para servir aperitivos como para ser um atraente elemento decorativo. O seu design art\u00edstico apresenta um cativante mosaico, no qual se combinam fragmentos em tons de azul, rosa e lil\u00e1s sobre um fundo branco, criando um impacto visual muito atraente. No centro da ta\u00e7a, destaca-se a ilustra\u00e7\u00e3o de um camelo, um s\u00edmbolo emblem\u00e1tico da regi\u00e3o que evoca a paisagem \u00e1rida e as aventuras no deserto, acompanhado pelo texto \u00abFuerteventura\u00bb, que refor\u00e7a a sua identidade cultural.<\/p>\n<p>Esta ta\u00e7a n\u00e3o s\u00f3 oferece funcionalidade, como tamb\u00e9m \u00e9 uma recorda\u00e7\u00e3o aut\u00eantica que rememora a beleza das Ilhas Can\u00e1rias. O artesanato por tr\u00e1s da sua fabrica\u00e7\u00e3o real\u00e7a a liga\u00e7\u00e3o cultural com a regi\u00e3o, tornando-a numa lembran\u00e7a perfeita para quem deseja levar um pedacinho de Fuerteventura. Na Ol\u00e9 Mosaic, somos especialistas na distribui\u00e7\u00e3o de lembran\u00e7as por grosso, e esta ta\u00e7a de coco representa uma excelente op\u00e7\u00e3o para lojas de presentes tur\u00edsticos que procuram produtos \u00fanicos e de qualidade. Com os nossos artigos, cada cliente pode encontrar a recorda\u00e7\u00e3o ideal que reflita a rica cultura e tradi\u00e7\u00e3o de Espanha.<\/p>\n","protected":false},"excerpt":{"rendered":"<p>Ta\u00e7a de coco decorada com um vibrante mosaico de cores, inspirada na paisagem de Fuerteventura. Esta atraente ta\u00e7a apresenta um design art\u00edstico com fragmentos de tons azuis, rosas e lilases, que contrastam sobre um fundo branco. No centro, destaca-se a ilustra\u00e7\u00e3o de um camelo, s\u00edmbolo da regi\u00e3o, acompanhada pelo texto &#8220;Fuerteventura&#8221;. Ideal para servir aperitivos ou como elemento decorativo, esta ta\u00e7a combina funcionalidade e beleza.<\/p>\n","protected":false},"featured_media":11972,"template":"","meta":{"_acf_changed":false},"product_brand":[],"product_cat":[513],"product_tag":[516],"class_list":{"0":"post-29514","1":"product","2":"type-product","3":"status-publish","4":"has-post-thumbnail","6":"product_cat-bols","7":"product_tag-animais","8":"pa_ciudad-fuerteventura","9":"pa_motivo-camelos","10":"pa_pais-espana","12":"first","13":"instock","14":"shipping-taxable","15":"product-type-simple"},"acf":[],"_links":{"self":[{"href":"https:\/\/olemosaic.com\/pt-pt\/wp-json\/wp\/v2\/product\/29514","targetHints":{"allow":["GET"]}}],"collection":[{"href":"https:\/\/olemosaic.com\/pt-pt\/wp-json\/wp\/v2\/product"}],"about":[{"href":"https:\/\/olemosaic.com\/pt-pt\/wp-json\/wp\/v2\/types\/product"}],"wp:featuredmedia":[{"embeddable":true,"href":"https:\/\/olemosaic.com\/pt-pt\/wp-json\/wp\/v2\/media\/11972"}],"wp:attachment":[{"href":"https:\/\/olemosaic.com\/pt-pt\/wp-json\/wp\/v2\/media?parent=29514"}],"wp:term":[{"taxonomy":"product_brand","embeddable":true,"href":"https:\/\/olemosaic.com\/pt-pt\/wp-json\/wp\/v2\/product_brand?post=29514"},{"taxonomy":"product_cat","embeddable":true,"href":"https:\/\/olemosaic.com\/pt-pt\/wp-json\/wp\/v2\/product_cat?post=29514"},{"taxonomy":"product_tag","embeddable":true,"href":"https:\/\/olemosaic.com\/pt-pt\/wp-json\/wp\/v2\/product_tag?post=29514"}],"curies":[{"name":"wp","href":"https:\/\/api.w.org\/{rel}","templated":true}]}}