{"id":29513,"date":"2025-02-20T23:30:19","date_gmt":"2025-02-20T22:30:19","guid":{"rendered":"http:\/\/olemosaic.com\/producto\/bol-de-coco-bailaora\/"},"modified":"2025-07-25T19:08:19","modified_gmt":"2025-07-25T17:08:19","slug":"taca-de-coco-bailarina","status":"publish","type":"product","link":"https:\/\/olemosaic.com\/pt-pt\/produto\/taca-de-coco-bailarina\/","title":{"rendered":"Ta\u00e7a de coco. Bailarina."},"content":{"rendered":"<p>Esta ta\u00e7a de coco decorada \u00e9 uma pe\u00e7a \u00fanica e vibrante que destila a ess\u00eancia do folclore espanhol atrav\u00e9s do seu design colorido e artesanal. Fabricada em coco, o seu interior \u00e9 adornado com um mosaico em tons de azul, rosa e roxo, que cria um efeito visual impactante que evoca a energia do baile flamenco. No centro, destaca-se a ilustra\u00e7\u00e3o de uma bailarina numa pose din\u00e2mica, que simboliza a paix\u00e3o e a cultura andaluzas. Os tons vibrantes do mosaico n\u00e3o s\u00f3 trazem alegria, mas tamb\u00e9m representam as tradi\u00e7\u00f5es culturais de Espanha, convertendo esta ta\u00e7a numa recorda\u00e7\u00e3o aut\u00eantica e cheia de hist\u00f3ria.<\/p>\n<p>Esta ta\u00e7a \u00e9 ideal para qualquer casa, pois n\u00e3o \u00e9 apenas um elemento decorativo, mas tamb\u00e9m pode ser usada como um belo recipiente para frutas ou aperitivos. Cada pe\u00e7a aparenta ser pintada \u00e0 m\u00e3o, o que garante que n\u00e3o existam duas iguais, real\u00e7ando a sua autenticidade e valor como lembran\u00e7a.<\/p>\n<p>Na Ol\u00e9 Mosaic, especializamo-nos na distribui\u00e7\u00e3o por grosso de lembran\u00e7as de qualidade, como esta ta\u00e7a de coco que captura o esp\u00edrito do flamenco e da cultura andaluza. \u00c9 uma excelente op\u00e7\u00e3o para lojas de presentes tur\u00edsticos que procuram oferecer artigos que realcem a riqueza cultural de Espanha e satisfa\u00e7am o desejo dos turistas de levar para casa recorda\u00e7\u00f5es representativas e \u00fanicas. Incorpore esta ta\u00e7a de coco decorada no seu cat\u00e1logo e ofere\u00e7a aos seus clientes uma pe\u00e7a cheia de hist\u00f3ria e cor!<\/p>\n","protected":false},"excerpt":{"rendered":"<p>Ta\u00e7a de coco decorada com coloridos mosaicos em tons de azul, rosa e roxo, inspirada na dan\u00e7a flamenca. Esta atraente ta\u00e7a apresenta um design artesanal, pintado \u00e0 m\u00e3o, que representa uma bailarina numa pose din\u00e2mica, evocando o esp\u00edrito do folclore espanhol. A sua elaborada t\u00e9cnica artesanal e a vibrante combina\u00e7\u00e3o de cores tornam-na numa pe\u00e7a ideal para qualquer casa, conferindo um toque de cultura e tradi\u00e7\u00e3o andaluza.<\/p>\n","protected":false},"featured_media":11966,"template":"","meta":{"_acf_changed":false},"product_brand":[],"product_cat":[513],"product_tag":[],"class_list":{"0":"post-29513","1":"product","2":"type-product","3":"status-publish","4":"has-post-thumbnail","6":"product_cat-bols","7":"pa_motivo-dancarinos","9":"first","10":"instock","11":"shipping-taxable","12":"product-type-simple"},"acf":[],"_links":{"self":[{"href":"https:\/\/olemosaic.com\/pt-pt\/wp-json\/wp\/v2\/product\/29513","targetHints":{"allow":["GET"]}}],"collection":[{"href":"https:\/\/olemosaic.com\/pt-pt\/wp-json\/wp\/v2\/product"}],"about":[{"href":"https:\/\/olemosaic.com\/pt-pt\/wp-json\/wp\/v2\/types\/product"}],"wp:featuredmedia":[{"embeddable":true,"href":"https:\/\/olemosaic.com\/pt-pt\/wp-json\/wp\/v2\/media\/11966"}],"wp:attachment":[{"href":"https:\/\/olemosaic.com\/pt-pt\/wp-json\/wp\/v2\/media?parent=29513"}],"wp:term":[{"taxonomy":"product_brand","embeddable":true,"href":"https:\/\/olemosaic.com\/pt-pt\/wp-json\/wp\/v2\/product_brand?post=29513"},{"taxonomy":"product_cat","embeddable":true,"href":"https:\/\/olemosaic.com\/pt-pt\/wp-json\/wp\/v2\/product_cat?post=29513"},{"taxonomy":"product_tag","embeddable":true,"href":"https:\/\/olemosaic.com\/pt-pt\/wp-json\/wp\/v2\/product_tag?post=29513"}],"curies":[{"name":"wp","href":"https:\/\/api.w.org\/{rel}","templated":true}]}}