{"id":29512,"date":"2025-02-20T23:30:19","date_gmt":"2025-02-20T22:30:19","guid":{"rendered":"http:\/\/olemosaic.com\/producto\/bol-de-coco-flores-4\/"},"modified":"2025-07-25T19:54:17","modified_gmt":"2025-07-25T17:54:17","slug":"taca-de-coco-flores-4","status":"publish","type":"product","link":"https:\/\/olemosaic.com\/pt-pt\/produto\/taca-de-coco-flores-4\/","title":{"rendered":"Ta\u00e7a de coco. Flores."},"content":{"rendered":"<p>Esta ta\u00e7a de coco decorada \u00e9 uma pe\u00e7a \u00fanica que une beleza e sustentabilidade, ideal para adicionar um toque de cor a qualquer mesa. Fabricada em coco, esta exclusiva ta\u00e7a apresenta um acabamento natural que real\u00e7a a textura org\u00e2nica do material e \u00e9 perfeita para quem procura um acess\u00f3rio funcional e decorativo ao mesmo tempo. A sua decora\u00e7\u00e3o vibrante, com efeito pintado \u00e0 m\u00e3o em delicados tons de rosa, azul e verde, apresenta um belo motivo floral que evoca a rica tradi\u00e7\u00e3o artesanal espanhola, refletindo um profundo respeito pelo folclore e pela est\u00e9tica regional.<\/p>\n<p>A forma org\u00e2nica da ta\u00e7a, com as suas bordas suavemente curvas, convida ao seu uso em diversas ocasi\u00f5es, desde reuni\u00f5es familiares at\u00e9 celebra\u00e7\u00f5es especiais. Esta ta\u00e7a n\u00e3o \u00e9 apenas um artigo de mesa, mas tamb\u00e9m uma recorda\u00e7\u00e3o viva da cultura e do artesanato de Espanha, perfeita para turistas que procuram lembran\u00e7as aut\u00eanticas e representativas. Ao escolher esta ta\u00e7a de coco, os compradores n\u00e3o s\u00f3 adquirem um objeto belo, mas tamb\u00e9m uma pe\u00e7a com hist\u00f3ria e alma, que narra a tradi\u00e7\u00e3o artesanal local.<\/p>\n<p>Na Ol\u00e9 Mosaic, o nosso foco na distribui\u00e7\u00e3o de lembran\u00e7as por grosso inclui produtos como esta ta\u00e7a de flores, idealizada para lojas de presentes tur\u00edsticos que desejam oferecer artigos com autenticidade e relev\u00e2ncia cultural. Esta ta\u00e7a de coco \u00e9 uma excelente op\u00e7\u00e3o para quem procura uma recorda\u00e7\u00e3o que combine est\u00e9tica, funcionalidade e un toque de sustentabilidade.<\/p>\n","protected":false},"excerpt":{"rendered":"<p>Ta\u00e7a de coco decorada com um vibrante design floral, ideal para dar um toque de cor \u00e0 sua mesa. Fabricada com coco, esta ta\u00e7a exclusiva apresenta um acabamento natural e sustent\u00e1vel, com um belo motivo floral de design artesanal, pintado \u00e0 m\u00e3o, em tons de rosa, azul e verde. A sua forma org\u00e2nica e a sua decora\u00e7\u00e3o art\u00edstica refletem a rica tradi\u00e7\u00e3o artesanal, tornando-a num acess\u00f3rio que captura a ess\u00eancia do folclore e da cultura espanhola.<\/p>\n","protected":false},"featured_media":11832,"template":"","meta":{"_acf_changed":false},"product_brand":[],"product_cat":[513],"product_tag":[],"class_list":{"0":"post-29512","1":"product","2":"type-product","3":"status-publish","4":"has-post-thumbnail","6":"product_cat-bols","7":"pa_motivo-flores","9":"first","10":"instock","11":"shipping-taxable","12":"product-type-simple"},"acf":[],"_links":{"self":[{"href":"https:\/\/olemosaic.com\/pt-pt\/wp-json\/wp\/v2\/product\/29512","targetHints":{"allow":["GET"]}}],"collection":[{"href":"https:\/\/olemosaic.com\/pt-pt\/wp-json\/wp\/v2\/product"}],"about":[{"href":"https:\/\/olemosaic.com\/pt-pt\/wp-json\/wp\/v2\/types\/product"}],"wp:featuredmedia":[{"embeddable":true,"href":"https:\/\/olemosaic.com\/pt-pt\/wp-json\/wp\/v2\/media\/11832"}],"wp:attachment":[{"href":"https:\/\/olemosaic.com\/pt-pt\/wp-json\/wp\/v2\/media?parent=29512"}],"wp:term":[{"taxonomy":"product_brand","embeddable":true,"href":"https:\/\/olemosaic.com\/pt-pt\/wp-json\/wp\/v2\/product_brand?post=29512"},{"taxonomy":"product_cat","embeddable":true,"href":"https:\/\/olemosaic.com\/pt-pt\/wp-json\/wp\/v2\/product_cat?post=29512"},{"taxonomy":"product_tag","embeddable":true,"href":"https:\/\/olemosaic.com\/pt-pt\/wp-json\/wp\/v2\/product_tag?post=29512"}],"curies":[{"name":"wp","href":"https:\/\/api.w.org\/{rel}","templated":true}]}}