{"id":29509,"date":"2025-02-20T23:30:18","date_gmt":"2025-02-20T22:30:18","guid":{"rendered":"http:\/\/olemosaic.com\/producto\/bol-de-coco-con-flores-delfin-mallorca\/"},"modified":"2025-07-25T20:16:37","modified_gmt":"2025-07-25T18:16:37","slug":"taca-de-coco-com-flores-golfinho-maiorca","status":"publish","type":"product","link":"https:\/\/olemosaic.com\/pt-pt\/produto\/taca-de-coco-com-flores-golfinho-maiorca\/","title":{"rendered":"Ta\u00e7a de coco com flores. Golfinho. Maiorca."},"content":{"rendered":"<p>Esta ta\u00e7a de coco decorada \u00e9 uma pe\u00e7a \u00fanica que capta a ess\u00eancia vibrante de Maiorca, tornando-se o souvenir perfeito para quem deseja levar um peda\u00e7o do folclore balear. A sua base, elaborada com coco aut\u00eantico, aparenta ser pintada \u00e0 m\u00e3o com um design atraente que inclui motivos florais em azul, vermelho e amarelo, criando um contraste cativante com o fundo claro. No centro, um elegante golfinho, s\u00edmbolo da vida marinha que rodeia a ilha, adiciona um toque de frescura e autenticidade que ressoa com os visitantes de Maiorca.<\/p>\n<p>As flores, meticulosamente trabalhadas, n\u00e3o s\u00f3 representam a flora t\u00edpica da ilha, como tamb\u00e9m evocam o ambiente festivo e alegre que caracteriza as Ilhas Baleares. Esta ta\u00e7a n\u00e3o \u00e9 apenas um objeto decorativo; \u00e9 uma recorda\u00e7\u00e3o tang\u00edvel de momentos especiais na praia, refei\u00e7\u00f5es ao ar livre e o calor do clima mediterr\u00e2nico. A eleg\u00e2ncia deste souvenir complementa-se com a personalidade artesanal do seu fabrico, garantindo que cada pe\u00e7a seja verdadeiramente \u00fanica.<\/p>\n<p>Na Ol\u00e9 Mosaic, oferecemos esta ta\u00e7a de coco como parte da nossa sele\u00e7\u00e3o de souvenirs de qualidade, ideal para lojas de presentes tur\u00edsticos que procuram produtos aut\u00eanticos e representativos. Esta ta\u00e7a de flores e golfinho n\u00e3o s\u00f3 embelezar\u00e1 qualquer espa\u00e7o, como tamb\u00e9m servir\u00e1 como um tema de conversa encantador sobre a rica cultura e tradi\u00e7\u00e3o de Maiorca.<\/p>\n","protected":false},"excerpt":{"rendered":"<p>Ta\u00e7a de coco decorada com um design floral vibrante e um golfinho, que evoca a ess\u00eancia de Maiorca. Esta atraente ta\u00e7a de coco, com acabamento de design artesanal, pintada \u00e0 m\u00e3o, apresenta motivos florais em azul, vermelho e amarelo, e um golfinho no centro. Ideal para adicionar um toque insular a qualquer espa\u00e7o, \u00e9 um souvenir perfeito que capta a alegria e o folclore das Ilhas Baleares.<\/p>\n","protected":false},"featured_media":10356,"template":"","meta":{"_acf_changed":false},"product_brand":[],"product_cat":[513],"product_tag":[516],"class_list":{"0":"post-29509","1":"product","2":"type-product","3":"status-publish","4":"has-post-thumbnail","6":"product_cat-bols","7":"product_tag-animais","8":"pa_ciudad-mallorca","9":"pa_motivo-golfinhos","10":"pa_pais-espana","12":"first","13":"instock","14":"shipping-taxable","15":"product-type-simple"},"acf":[],"_links":{"self":[{"href":"https:\/\/olemosaic.com\/pt-pt\/wp-json\/wp\/v2\/product\/29509","targetHints":{"allow":["GET"]}}],"collection":[{"href":"https:\/\/olemosaic.com\/pt-pt\/wp-json\/wp\/v2\/product"}],"about":[{"href":"https:\/\/olemosaic.com\/pt-pt\/wp-json\/wp\/v2\/types\/product"}],"wp:featuredmedia":[{"embeddable":true,"href":"https:\/\/olemosaic.com\/pt-pt\/wp-json\/wp\/v2\/media\/10356"}],"wp:attachment":[{"href":"https:\/\/olemosaic.com\/pt-pt\/wp-json\/wp\/v2\/media?parent=29509"}],"wp:term":[{"taxonomy":"product_brand","embeddable":true,"href":"https:\/\/olemosaic.com\/pt-pt\/wp-json\/wp\/v2\/product_brand?post=29509"},{"taxonomy":"product_cat","embeddable":true,"href":"https:\/\/olemosaic.com\/pt-pt\/wp-json\/wp\/v2\/product_cat?post=29509"},{"taxonomy":"product_tag","embeddable":true,"href":"https:\/\/olemosaic.com\/pt-pt\/wp-json\/wp\/v2\/product_tag?post=29509"}],"curies":[{"name":"wp","href":"https:\/\/api.w.org\/{rel}","templated":true}]}}