{"id":29508,"date":"2025-02-20T22:30:18","date_gmt":"2025-02-20T22:30:18","guid":{"rendered":"http:\/\/olemosaic.com\/producto\/bol-de-coco-delfin-lanzarote\/"},"modified":"2025-07-25T18:59:18","modified_gmt":"2025-07-25T16:59:18","slug":"taca-de-coco-golfinho-lanzarote","status":"publish","type":"product","link":"https:\/\/olemosaic.com\/pt-pt\/produto\/taca-de-coco-golfinho-lanzarote\/","title":{"rendered":"Ta\u00e7a de coco. Golfinho. Lanzarote."},"content":{"rendered":"<p>Esta ta\u00e7a de coco decorada \u00e9 uma pe\u00e7a excecional que capta a ess\u00eancia vibrante de Lanzarote, um destino conhecido pela sua natureza deslumbrante e pela sua rica fauna marinha. Elaborada a partir de uma base de coco natural, esta ta\u00e7a n\u00e3o s\u00f3 \u00e9 esteticamente atraente, mas tamb\u00e9m respeitadora do ambiente, o que lhe confere um car\u00e1ter singular. A decora\u00e7\u00e3o, realizada com pe\u00e7as de vidro de uma ampla gama crom\u00e1tica, cria um mosaico que evoca as \u00e1guas cristalinas e as paisagens vulc\u00e2nicas da ilha.<\/p>\n<p>No centro da ta\u00e7a, a silhueta de um golfinho emerge com eleg\u00e2ncia, simbolizando a fauna local e recordando aos turistas a beleza do ambiente marinho que rodeia Lanzarote. Al\u00e9m disso, a palavra &#8220;Lanzarote&#8221; entrela\u00e7a-se de forma harmoniosa no design, conferindo um toque aut\u00eantico que torna esta ta\u00e7a o souvenir perfeito para quem deseja levar um peda\u00e7o desta maravilhosa ilha.<\/p>\n<p>Ideal para decorar qualquer ambiente, esta ta\u00e7a de coco n\u00e3o \u00e9 apenas um artigo funcional, mas tamb\u00e9m uma recorda\u00e7\u00e3o memor\u00e1vel que reflete a cultura e o patrim\u00f3nio natural de Lanzarote. Na Ol\u00e9 Mosaic, como distribuidores de souvenirs por grosso, oferecemos produtos que se destacam pela sua qualidade e autenticidade, tornando esta ta\u00e7a uma excelente escolha para lojas de presentes tur\u00edsticos que procuram artigos que representem a diversidade e o encanto de Espanha. Com o seu apelo visual e a sua relev\u00e2ncia cultural, esta ta\u00e7a de coco \u00e9, sem d\u00favida, um presente \u00fanico que encantar\u00e1 todos.<\/p>\n","protected":false},"excerpt":{"rendered":"<p>Ta\u00e7a de coco decorada com um vibrante mosaico de cores, inspirado na beleza natural de Lanzarote. Esta atraente ta\u00e7a apresenta uma base de coco adornada com pe\u00e7as de vidro de diversas tonalidades que formam um design alegre e luminoso. No centro, destaca-se a silhueta de um golfinho, que simboliza a fauna local, juntamente com o texto &#8220;Lanzarote&#8221;. Um artigo ideal para adicionar um toque de frescura e cor a qualquer ambiente.<\/p>\n","protected":false},"featured_media":11976,"template":"","meta":{"_acf_changed":false},"product_brand":[],"product_cat":[513],"product_tag":[516],"class_list":{"0":"post-29508","1":"product","2":"type-product","3":"status-publish","4":"has-post-thumbnail","6":"product_cat-bols","7":"product_tag-animais","8":"pa_ciudad-lanzarote","9":"pa_motivo-golfinhos","10":"pa_pais-espana","12":"first","13":"instock","14":"shipping-taxable","15":"product-type-simple"},"acf":[],"_links":{"self":[{"href":"https:\/\/olemosaic.com\/pt-pt\/wp-json\/wp\/v2\/product\/29508","targetHints":{"allow":["GET"]}}],"collection":[{"href":"https:\/\/olemosaic.com\/pt-pt\/wp-json\/wp\/v2\/product"}],"about":[{"href":"https:\/\/olemosaic.com\/pt-pt\/wp-json\/wp\/v2\/types\/product"}],"wp:featuredmedia":[{"embeddable":true,"href":"https:\/\/olemosaic.com\/pt-pt\/wp-json\/wp\/v2\/media\/11976"}],"wp:attachment":[{"href":"https:\/\/olemosaic.com\/pt-pt\/wp-json\/wp\/v2\/media?parent=29508"}],"wp:term":[{"taxonomy":"product_brand","embeddable":true,"href":"https:\/\/olemosaic.com\/pt-pt\/wp-json\/wp\/v2\/product_brand?post=29508"},{"taxonomy":"product_cat","embeddable":true,"href":"https:\/\/olemosaic.com\/pt-pt\/wp-json\/wp\/v2\/product_cat?post=29508"},{"taxonomy":"product_tag","embeddable":true,"href":"https:\/\/olemosaic.com\/pt-pt\/wp-json\/wp\/v2\/product_tag?post=29508"}],"curies":[{"name":"wp","href":"https:\/\/api.w.org\/{rel}","templated":true}]}}