{"id":29461,"date":"2025-02-20T23:30:17","date_gmt":"2025-02-20T22:30:17","guid":{"rendered":"http:\/\/olemosaic.com\/producto\/bol-de-coco-con-flores-caballito-de-mar-barcelona\/"},"modified":"2025-07-25T19:25:18","modified_gmt":"2025-07-25T17:25:18","slug":"taca-de-coco-com-flores-cavalo-marinho-barcelona","status":"publish","type":"product","link":"https:\/\/olemosaic.com\/pt-pt\/produto\/taca-de-coco-com-flores-cavalo-marinho-barcelona\/","title":{"rendered":"Ta\u00e7a de coco com flores. Cavalo-marinho. Barcelona."},"content":{"rendered":"<p>Esta ta\u00e7a de coco decorada \u00e9 uma pe\u00e7a artesanal que captura a ess\u00eancia de Barcelona gra\u00e7as ao seu design vibrante e elabora\u00e7\u00e3o delicada. Apresenta um cavalo-marinho no centro, s\u00edmbolo ic\u00f3nico da cultura mar\u00edtima da cidade, rodeado por um mosaico colorido de flores em tons de azul, vermelho e amarelo que evocam a famosa obra de Gaud\u00ed e a est\u00e9tica modernista que caracteriza a capital catal\u00e3. O fundo claro real\u00e7a a grava\u00e7\u00e3o &#8220;Barcelona&#8221;, conferindo um toque de autenticidade e uma lembran\u00e7a da rica heran\u00e7a cultural que esta metr\u00f3pole oferece.<\/p>\n<p>Cada ta\u00e7a \u00e9 pintada \u00e0 m\u00e3o, o que garante que cada pe\u00e7a seja \u00fanica e especial, perfeita tanto para o uso di\u00e1rio como para servir de objeto decorativo em casa. O seu design colorido e alegre \u00e9 ideal para quem procura recorda\u00e7\u00f5es de Barcelona que transcendam o convencional, combinando funcionalidade e arte.<\/p>\n<p>Na Ol\u00e9 Mosaic, orgulhamo-nos de oferecer recorda\u00e7\u00f5es aut\u00eanticas que representam a diversidade e a beleza de Espanha. Esta ta\u00e7a de coco \u00e9 uma excelente op\u00e7\u00e3o para lojas de presentes tur\u00edsticos que desejem oferecer aos seus clientes recorda\u00e7\u00f5es significativas e de qualidade. Como grossistas de recorda\u00e7\u00f5es, garantimos que cada pe\u00e7a reflita o esp\u00edrito e a cultura da sua origem, tornando esta ta\u00e7a uma maravilhosa adi\u00e7\u00e3o a qualquer cole\u00e7\u00e3o de recorda\u00e7\u00f5es de Barcelona.<\/p>\n","protected":false},"excerpt":{"rendered":"<p>Ta\u00e7a de coco decorada com motivos florais, inspirada na est\u00e9tica de Barcelona. Esta bela ta\u00e7a apresenta um design artesanal, pintado \u00e0 m\u00e3o, com um cavalo-marinho no centro, rodeado por um colorido mosaico de flores em tons de azul, vermelho e amarelo. O fundo claro real\u00e7a a inscri\u00e7\u00e3o &#8220;Barcelona&#8221;, tornando-a uma pe\u00e7a \u00fanica e representativa da cultura catal\u00e3. Ideal como elemento decorativo ou como utens\u00edlio pr\u00e1tico.<\/p>\n","protected":false},"featured_media":10352,"template":"","meta":{"_acf_changed":false},"product_brand":[],"product_cat":[513],"product_tag":[516],"class_list":{"0":"post-29461","1":"product","2":"type-product","3":"status-publish","4":"has-post-thumbnail","6":"product_cat-bols","7":"product_tag-animais","8":"pa_ciudad-barcelona","9":"pa_motivo-cavalos-marinhos","10":"pa_pais-espana","12":"first","13":"instock","14":"shipping-taxable","15":"product-type-simple"},"acf":[],"_links":{"self":[{"href":"https:\/\/olemosaic.com\/pt-pt\/wp-json\/wp\/v2\/product\/29461","targetHints":{"allow":["GET"]}}],"collection":[{"href":"https:\/\/olemosaic.com\/pt-pt\/wp-json\/wp\/v2\/product"}],"about":[{"href":"https:\/\/olemosaic.com\/pt-pt\/wp-json\/wp\/v2\/types\/product"}],"wp:featuredmedia":[{"embeddable":true,"href":"https:\/\/olemosaic.com\/pt-pt\/wp-json\/wp\/v2\/media\/10352"}],"wp:attachment":[{"href":"https:\/\/olemosaic.com\/pt-pt\/wp-json\/wp\/v2\/media?parent=29461"}],"wp:term":[{"taxonomy":"product_brand","embeddable":true,"href":"https:\/\/olemosaic.com\/pt-pt\/wp-json\/wp\/v2\/product_brand?post=29461"},{"taxonomy":"product_cat","embeddable":true,"href":"https:\/\/olemosaic.com\/pt-pt\/wp-json\/wp\/v2\/product_cat?post=29461"},{"taxonomy":"product_tag","embeddable":true,"href":"https:\/\/olemosaic.com\/pt-pt\/wp-json\/wp\/v2\/product_tag?post=29461"}],"curies":[{"name":"wp","href":"https:\/\/api.w.org\/{rel}","templated":true}]}}