{"id":29460,"date":"2025-02-20T22:30:17","date_gmt":"2025-02-20T22:30:17","guid":{"rendered":"http:\/\/olemosaic.com\/producto\/bol-de-coco-de-corazones-caballito-de-mar\/"},"modified":"2025-07-25T20:31:16","modified_gmt":"2025-07-25T18:31:16","slug":"taca-de-coco-de-coracoes-cavalo-marinho","status":"publish","type":"product","link":"https:\/\/olemosaic.com\/pt-pt\/produto\/taca-de-coco-de-coracoes-cavalo-marinho\/","title":{"rendered":"Ta\u00e7a de coco de cora\u00e7\u00f5es. Cavalo-marinho."},"content":{"rendered":"<p>Esta ta\u00e7a de coco decorada \u00e9 uma joia artesanal que evoca a beleza do mar e o calor da costa. Apresenta um atraente motivo central de um cavalo-marinho, um s\u00edmbolo que representa a paz e a serenidade das profundezas marinhas. O seu design \u00e9 adornado com cora\u00e7\u00f5es e tesselas de n\u00e1car em tonalidades suaves, criando um contraste visual encantador que capta a luz de forma espetacular. A t\u00e9cnica de mosaico utilizada na sua elabora\u00e7\u00e3o oferece um acabamento brilhante e delicado, real\u00e7ando cada detalhe do cavalo-marinho e conferindo \u00e0 ta\u00e7a um car\u00e1ter aut\u00eantico e distintivo.<\/p>\n<p>Ideal para decorar qualquer casa, esta ta\u00e7a \u00e9 vers\u00e1til e pode ser utilizada tanto como pe\u00e7a decorativa como para servir deliciosos aperitivos. A sua liga\u00e7\u00e3o cultural com a costa real\u00e7a o seu valor como recorda\u00e7\u00e3o, tornando-a uma lembran\u00e7a tang\u00edvel de momentos vividos junto ao mar. Com a sua eleg\u00e2ncia e originalidade, \u00e9 um presente perfeito que atrair\u00e1 turistas em busca de recorda\u00e7\u00f5es \u00fanicas que reflitam a ess\u00eancia da regi\u00e3o.<\/p>\n<p>Na Ol\u00e9 Mosaic, orgulhamo-nos de ser distribuidores de recorda\u00e7\u00f5es por grosso, e esta ta\u00e7a de coco \u00e9 um exemplo de destaque do artesanato t\u00edpico que oferecemos. Um produto excecional para lojas de presentes tur\u00edsticos que procuram proporcionar aos seus clientes pe\u00e7as aut\u00eanticas e representativas da cultura local.<\/p>\n","protected":false},"excerpt":{"rendered":"<p>Ta\u00e7a de coco decorada com um encantador motivo de cavalo-marinho, ideal para dar um toque diferente \u00e0 sua casa. Esta elegante ta\u00e7a apresenta um design de cora\u00e7\u00f5es e pastilhas de n\u00e1car em tons suaves, criando um belo contraste com o cavalo-marinho central. A t\u00e9cnica do mosaico utilizada oferece um acabamento brilhante e delicado, perfeito como pe\u00e7a decorativa ou para servir pequenos aperitivos. Uma recorda\u00e7\u00e3o \u00fanica da costa.<\/p>\n","protected":false},"featured_media":10285,"template":"","meta":{"_acf_changed":false},"product_brand":[],"product_cat":[513],"product_tag":[516],"class_list":{"0":"post-29460","1":"product","2":"type-product","3":"status-publish","4":"has-post-thumbnail","6":"product_cat-bols","7":"product_tag-animais","8":"pa_motivo-cavalos-marinhos","10":"first","11":"instock","12":"shipping-taxable","13":"product-type-simple"},"acf":[],"_links":{"self":[{"href":"https:\/\/olemosaic.com\/pt-pt\/wp-json\/wp\/v2\/product\/29460","targetHints":{"allow":["GET"]}}],"collection":[{"href":"https:\/\/olemosaic.com\/pt-pt\/wp-json\/wp\/v2\/product"}],"about":[{"href":"https:\/\/olemosaic.com\/pt-pt\/wp-json\/wp\/v2\/types\/product"}],"wp:featuredmedia":[{"embeddable":true,"href":"https:\/\/olemosaic.com\/pt-pt\/wp-json\/wp\/v2\/media\/10285"}],"wp:attachment":[{"href":"https:\/\/olemosaic.com\/pt-pt\/wp-json\/wp\/v2\/media?parent=29460"}],"wp:term":[{"taxonomy":"product_brand","embeddable":true,"href":"https:\/\/olemosaic.com\/pt-pt\/wp-json\/wp\/v2\/product_brand?post=29460"},{"taxonomy":"product_cat","embeddable":true,"href":"https:\/\/olemosaic.com\/pt-pt\/wp-json\/wp\/v2\/product_cat?post=29460"},{"taxonomy":"product_tag","embeddable":true,"href":"https:\/\/olemosaic.com\/pt-pt\/wp-json\/wp\/v2\/product_tag?post=29460"}],"curies":[{"name":"wp","href":"https:\/\/api.w.org\/{rel}","templated":true}]}}