{"id":29459,"date":"2025-02-20T22:30:17","date_gmt":"2025-02-20T22:30:17","guid":{"rendered":"http:\/\/olemosaic.com\/producto\/bol-de-coco-salamandra-barcelona\/"},"modified":"2025-07-25T19:19:51","modified_gmt":"2025-07-25T17:19:51","slug":"taca-de-coco-salamandra-barcelona","status":"publish","type":"product","link":"https:\/\/olemosaic.com\/pt-pt\/produto\/taca-de-coco-salamandra-barcelona\/","title":{"rendered":"Ta\u00e7a de coco. Salamandra. Barcelona."},"content":{"rendered":"<p>Esta ta\u00e7a de coco decorada \u00e9 uma extraordin\u00e1ria representa\u00e7\u00e3o da ess\u00eancia vibrante de Barcelona, ideal para quem procura recorda\u00e7\u00f5es aut\u00eanticas que encapsulem a cultura local. Feita \u00e0 m\u00e3o, cada ta\u00e7a apresenta um intrincado design de mosaico em tons de rosa, azul e \u00e2mbar, evocando a paleta de cores que caracteriza a arquitetura modernista da cidade. A forma org\u00e2nica da ta\u00e7a, juntamente com os seus detalhes iridescentes, confere um toque art\u00edstico e contempor\u00e2neo que a faz destacar-se em qualquer cole\u00e7\u00e3o.<\/p>\n<p>No interior, resplandece uma ilustra\u00e7\u00e3o de uma salamandra, um s\u00edmbolo emblem\u00e1tico da obra do famoso arquiteto Antoni Gaud\u00ed, que evoca a magia e a criatividade dos seus designs. O nome &#8220;Barcelona&#8221; est\u00e1 gravado delicadamente, o que refor\u00e7a a sua autenticidade e a torna uma recorda\u00e7\u00e3o \u00fanica para os visitantes da cidade. Esta ta\u00e7a n\u00e3o serve apenas como um recipiente pr\u00e1tico, mas tamb\u00e9m como uma obra de arte que celebra a identidade cultural de Barcelona. Do seu colorido mosaico \u00e0 sua elegante apresenta\u00e7\u00e3o, esta ta\u00e7a de coco \u00e9 a recorda\u00e7\u00e3o perfeita para turistas que desejam levar um peda\u00e7o da capital catal\u00e3. Na Ol\u00e9 Mosaic, oferecemos este tipo de recorda\u00e7\u00f5es por grosso, garantindo a qualidade e autenticidade de cada pe\u00e7a, ideal para lojas de presentes tur\u00edsticos que procuram produtos que reflitam a rica heran\u00e7a cultural espanhola.<\/p>\n","protected":false},"excerpt":{"rendered":"<p>Ta\u00e7a de coco decorada com um mosaico colorido que representa a ess\u00eancia vibrante de Barcelona. Esta elegante ta\u00e7a apresenta um design de pedras em tons de rosa, azul e \u00e2mbar, complementado por uma ilustra\u00e7\u00e3o de uma salamandra no seu interior e o nome &#8220;Barcelona&#8221; gravado com delicadeza. Feita \u00e0 m\u00e3o, a sua forma org\u00e2nica e os seus detalhes iridescentes tornam-na uma pe\u00e7a \u00fanica, perfeita para conferir um toque art\u00edstico a qualquer espa\u00e7o.<\/p>\n","protected":false},"featured_media":11808,"template":"","meta":{"_acf_changed":false},"product_brand":[],"product_cat":[513],"product_tag":[516],"class_list":{"0":"post-29459","1":"product","2":"type-product","3":"status-publish","4":"has-post-thumbnail","6":"product_cat-bols","7":"product_tag-animais","8":"pa_ciudad-barcelona","9":"pa_motivo-salamandras","10":"pa_pais-espana","12":"first","13":"instock","14":"shipping-taxable","15":"product-type-simple"},"acf":[],"_links":{"self":[{"href":"https:\/\/olemosaic.com\/pt-pt\/wp-json\/wp\/v2\/product\/29459","targetHints":{"allow":["GET"]}}],"collection":[{"href":"https:\/\/olemosaic.com\/pt-pt\/wp-json\/wp\/v2\/product"}],"about":[{"href":"https:\/\/olemosaic.com\/pt-pt\/wp-json\/wp\/v2\/types\/product"}],"wp:featuredmedia":[{"embeddable":true,"href":"https:\/\/olemosaic.com\/pt-pt\/wp-json\/wp\/v2\/media\/11808"}],"wp:attachment":[{"href":"https:\/\/olemosaic.com\/pt-pt\/wp-json\/wp\/v2\/media?parent=29459"}],"wp:term":[{"taxonomy":"product_brand","embeddable":true,"href":"https:\/\/olemosaic.com\/pt-pt\/wp-json\/wp\/v2\/product_brand?post=29459"},{"taxonomy":"product_cat","embeddable":true,"href":"https:\/\/olemosaic.com\/pt-pt\/wp-json\/wp\/v2\/product_cat?post=29459"},{"taxonomy":"product_tag","embeddable":true,"href":"https:\/\/olemosaic.com\/pt-pt\/wp-json\/wp\/v2\/product_tag?post=29459"}],"curies":[{"name":"wp","href":"https:\/\/api.w.org\/{rel}","templated":true}]}}