{"id":29458,"date":"2025-02-20T23:30:17","date_gmt":"2025-02-20T22:30:17","guid":{"rendered":"http:\/\/olemosaic.com\/producto\/bol-de-coco-con-flores-salamandra-barcelona\/"},"modified":"2025-07-25T19:35:57","modified_gmt":"2025-07-25T17:35:57","slug":"taca-de-coco-com-flores-salamandra-barcelona","status":"publish","type":"product","link":"https:\/\/olemosaic.com\/pt-pt\/produto\/taca-de-coco-com-flores-salamandra-barcelona\/","title":{"rendered":"Ta\u00e7a de coco com flores. Salamandra. Barcelona."},"content":{"rendered":"<p>Esta ta\u00e7a de coco decorada \u00e9 uma requintada pe\u00e7a artesanal que encapsula a ess\u00eancia vibrante e colorida de Barcelona. Com um design pintado \u00e0 m\u00e3o, esta ta\u00e7a destaca-se pelos seus intrincados motivos florais e pela representa\u00e7\u00e3o central de uma salamandra, s\u00edmbolo de criatividade e transforma\u00e7\u00e3o na cultura catal\u00e3. Os tons brilhantes de amarelo, vermelho e azul entrela\u00e7am-se num padr\u00e3o que recorda as obras do famoso arquiteto Antoni Gaud\u00ed, evocando a rica tradi\u00e7\u00e3o art\u00edstica da cidade.<\/p>\n<p>O acabamento brilhante da ta\u00e7a n\u00e3o s\u00f3 real\u00e7a os detalhes meticulosamente trabalhados, como tamb\u00e9m proporciona uma textura \u00fanica que convida ao toque e \u00e0 aprecia\u00e7\u00e3o mais pr\u00f3xima. Esta ta\u00e7a florida \u00e9 perfeita como elemento decorativo em qualquer casa, conferindo um toque de arte e tradi\u00e7\u00e3o espanhola \u00e0 decora\u00e7\u00e3o de interiores.<\/p>\n<p>A liga\u00e7\u00e3o cultural desta ta\u00e7a com Barcelona torna-a uma recorda\u00e7\u00e3o ideal para quem visita esta bela cidade, capturando o esp\u00edrito da arte e da vida. Na Ol\u00e9 Mosaic, especializamo-nos na distribui\u00e7\u00e3o de recorda\u00e7\u00f5es por grosso, e esta ta\u00e7a de coco \u00e9 uma excelente op\u00e7\u00e3o para lojas de presentes tur\u00edsticos que procuram oferecer produtos aut\u00eanticos e com um forte valor cultural. Como grossistas de recorda\u00e7\u00f5es de Barcelona, garantimos que cada pe\u00e7a seja um reflexo da riqueza e do encanto da regi\u00e3o.<\/p>\n","protected":false},"excerpt":{"rendered":"<p>Ta\u00e7a de coco decorada com motivos florais e uma salamandra, inspirada na arte de Barcelona. Esta requintada ta\u00e7a apresenta um design artesanal, pintado \u00e0 m\u00e3o, com cores vibrantes como o amarelo, o vermelho e o azul, que real\u00e7am as formas das flores e a salamandra central. O seu acabamento brilhante e detalhado reflete a rica tradi\u00e7\u00e3o art\u00edstica da regi\u00e3o, tornando-a uma pe\u00e7a decorativa ideal para qualquer espa\u00e7o.<\/p>\n","protected":false},"featured_media":10340,"template":"","meta":{"_acf_changed":false},"product_brand":[],"product_cat":[513],"product_tag":[516],"class_list":{"0":"post-29458","1":"product","2":"type-product","3":"status-publish","4":"has-post-thumbnail","6":"product_cat-bols","7":"product_tag-animais","8":"pa_ciudad-barcelona","9":"pa_motivo-salamandras","10":"pa_pais-espana","12":"first","13":"instock","14":"shipping-taxable","15":"product-type-simple"},"acf":[],"_links":{"self":[{"href":"https:\/\/olemosaic.com\/pt-pt\/wp-json\/wp\/v2\/product\/29458","targetHints":{"allow":["GET"]}}],"collection":[{"href":"https:\/\/olemosaic.com\/pt-pt\/wp-json\/wp\/v2\/product"}],"about":[{"href":"https:\/\/olemosaic.com\/pt-pt\/wp-json\/wp\/v2\/types\/product"}],"wp:featuredmedia":[{"embeddable":true,"href":"https:\/\/olemosaic.com\/pt-pt\/wp-json\/wp\/v2\/media\/10340"}],"wp:attachment":[{"href":"https:\/\/olemosaic.com\/pt-pt\/wp-json\/wp\/v2\/media?parent=29458"}],"wp:term":[{"taxonomy":"product_brand","embeddable":true,"href":"https:\/\/olemosaic.com\/pt-pt\/wp-json\/wp\/v2\/product_brand?post=29458"},{"taxonomy":"product_cat","embeddable":true,"href":"https:\/\/olemosaic.com\/pt-pt\/wp-json\/wp\/v2\/product_cat?post=29458"},{"taxonomy":"product_tag","embeddable":true,"href":"https:\/\/olemosaic.com\/pt-pt\/wp-json\/wp\/v2\/product_tag?post=29458"}],"curies":[{"name":"wp","href":"https:\/\/api.w.org\/{rel}","templated":true}]}}