{"id":29457,"date":"2025-02-20T23:30:17","date_gmt":"2025-02-20T22:30:17","guid":{"rendered":"http:\/\/olemosaic.com\/producto\/bol-de-coco-isla-tenerife\/"},"modified":"2025-07-25T19:08:58","modified_gmt":"2025-07-25T17:08:58","slug":"taca-de-coco-ilha-tenerife","status":"publish","type":"product","link":"https:\/\/olemosaic.com\/pt-pt\/produto\/taca-de-coco-ilha-tenerife\/","title":{"rendered":"Ta\u00e7a de coco. Ilha. Tenerife."},"content":{"rendered":"<p>Esta ta\u00e7a de coco decorada \u00e9 uma excelente representa\u00e7\u00e3o da beleza natural da ilha de Tenerife, tornando-se um elemento decorativo e funcional que captura a ess\u00eancia do arquip\u00e9lago. Elaborada em cer\u00e2mica de alta qualidade, a ta\u00e7a apresenta um design atraente de mosaico com tons vibrantes de rosa, azul e castanho que evocam as paisagens tropicais e a exuber\u00e2ncia vegetal da ilha. No centro, destaca-se a silhueta de Tenerife, acompanhada pelo texto \u00abTenerife\u00bb numa elegante cor branca, o que confere um toque de personaliza\u00e7\u00e3o e autenticidade \u00e0 pe\u00e7a.<\/p>\n<p>A ta\u00e7a \u00e9 ideal tanto para servir aperitivos como para ser utilizada como objeto decorativo em qualquer casa ou estabelecimento. O seu design pintado \u00e0 m\u00e3o torna cada pe\u00e7a \u00fanica, refletindo a rica tradi\u00e7\u00e3o artesanal das Ilhas Can\u00e1rias. Esta liga\u00e7\u00e3o cultural enfatiza o seu valor como recorda\u00e7\u00e3o representativa, perfeita para quem procura levar para casa um peda\u00e7o da magia de Tenerife.<\/p>\n<p>Na Ol\u00e9 Mosaic dedicamo-nos \u00e0 distribui\u00e7\u00e3o de recorda\u00e7\u00f5es por grosso. Esta ta\u00e7a de coco decorada n\u00e3o \u00e9 apenas um objeto atraente, mas tamb\u00e9m uma recorda\u00e7\u00e3o significativa de Tenerife que certamente captar\u00e1 a aten\u00e7\u00e3o de turistas e comerciantes. Como grossistas de produtos artesanais, garantimos que cada pe\u00e7a reflita a autenticidade e o esp\u00edrito cultural da sua regi\u00e3o.<\/p>\n","protected":false},"excerpt":{"rendered":"<p>Ta\u00e7a de coco decorativa, inspirada na ilha de Tenerife. Esta elegante pe\u00e7a de cer\u00e2mica apresenta um design de mosaico colorido com tons vibrantes em rosa, azul e castanho, que evoca a beleza natural do arquip\u00e9lago. No centro, destaca-se a silhueta da ilha e a palavra &#8220;Tenerife&#8221; em branco, conferindo um toque personalizado a este design artesanal, pintado \u00e0 m\u00e3o. Ideal como objeto decorativo ou para servir aperitivos.<\/p>\n","protected":false},"featured_media":11824,"template":"","meta":{"_acf_changed":false},"product_brand":[],"product_cat":[513],"product_tag":[],"class_list":{"0":"post-29457","1":"product","2":"type-product","3":"status-publish","4":"has-post-thumbnail","6":"product_cat-bols","7":"pa_ciudad-tenerife","8":"pa_motivo-ilhas","9":"pa_pais-espana","11":"first","12":"instock","13":"shipping-taxable","14":"product-type-simple"},"acf":[],"_links":{"self":[{"href":"https:\/\/olemosaic.com\/pt-pt\/wp-json\/wp\/v2\/product\/29457","targetHints":{"allow":["GET"]}}],"collection":[{"href":"https:\/\/olemosaic.com\/pt-pt\/wp-json\/wp\/v2\/product"}],"about":[{"href":"https:\/\/olemosaic.com\/pt-pt\/wp-json\/wp\/v2\/types\/product"}],"wp:featuredmedia":[{"embeddable":true,"href":"https:\/\/olemosaic.com\/pt-pt\/wp-json\/wp\/v2\/media\/11824"}],"wp:attachment":[{"href":"https:\/\/olemosaic.com\/pt-pt\/wp-json\/wp\/v2\/media?parent=29457"}],"wp:term":[{"taxonomy":"product_brand","embeddable":true,"href":"https:\/\/olemosaic.com\/pt-pt\/wp-json\/wp\/v2\/product_brand?post=29457"},{"taxonomy":"product_cat","embeddable":true,"href":"https:\/\/olemosaic.com\/pt-pt\/wp-json\/wp\/v2\/product_cat?post=29457"},{"taxonomy":"product_tag","embeddable":true,"href":"https:\/\/olemosaic.com\/pt-pt\/wp-json\/wp\/v2\/product_tag?post=29457"}],"curies":[{"name":"wp","href":"https:\/\/api.w.org\/{rel}","templated":true}]}}