{"id":29435,"date":"2025-02-20T23:30:16","date_gmt":"2025-02-20T22:30:16","guid":{"rendered":"http:\/\/olemosaic.com\/producto\/bol-de-coco-salamandra-mallorca-2\/"},"modified":"2025-07-25T18:58:51","modified_gmt":"2025-07-25T16:58:51","slug":"taca-de-coco-salamandra-maiorca-2","status":"publish","type":"product","link":"https:\/\/olemosaic.com\/pt-pt\/produto\/taca-de-coco-salamandra-maiorca-2\/","title":{"rendered":"Ta\u00e7a de coco. Salamandra. Maiorca. Baleares."},"content":{"rendered":"<p>Esta ta\u00e7a de coco decorada \u00e9 uma aut\u00eantica obra de arte inspirada na vibrante fauna de Maiorca. O seu design chamativo apresenta um atraente mosaico de cores, com tons de azul, rosa, amarelo e p\u00farpura, cuidadosamente dispostos em pequenos azulejos que captam a ess\u00eancia do Mediterr\u00e2neo. No centro da ta\u00e7a, destaca-se uma delicada ilustra\u00e7\u00e3o de uma salamandra, que simboliza a rica biodiversidade da ilha. Elaborada com cer\u00e2mica de alta qualidade e finalizada com um acabamento brilhante, esta ta\u00e7a n\u00e3o \u00e9 apenas funcional para servir aperitivos, mas tamb\u00e9m funciona como uma pe\u00e7a decorativa excecional para qualquer casa. A sua beleza singular evoca o encanto mediterr\u00e2nico, tornando-a uma recorda\u00e7\u00e3o representativa de Maiorca que os turistas ter\u00e3o todo o prazer em levar. Como distribuidores de lembran\u00e7as por grosso, na Ol\u00e9 Mosaic oferecemos produtos aut\u00eanticos que procuram refletir a cultura e a tradi\u00e7\u00e3o da sua origem. Esta ta\u00e7a de coco, cheia de cor e simbolismo, \u00e9 uma excelente op\u00e7\u00e3o para lojas de presentes tur\u00edsticos que desejem oferecer lembran\u00e7as \u00fanicas, trazendo um toque da magia de Maiorca a esta experi\u00eancia de compra.<\/p>\n","protected":false},"excerpt":{"rendered":"<p>Ta\u00e7a de coco decorada com um mosaico vibrante inspirado na fauna de Maiorca. Esta atraente ta\u00e7a, que apresenta uma salamandra no centro, combina cer\u00e2mica e um acabamento brilhante que real\u00e7a os tons de azul, rosa, amarelo e p\u00farpura dos pequenos azulejos. Perfeita para servir aperitivos ou como pe\u00e7a decorativa, a sua beleza singular evoca o encanto mediterr\u00e2nico.<\/p>\n","protected":false},"featured_media":11819,"template":"","meta":{"_acf_changed":false},"product_brand":[],"product_cat":[513],"product_tag":[516],"class_list":{"0":"post-29435","1":"product","2":"type-product","3":"status-publish","4":"has-post-thumbnail","6":"product_cat-bols","7":"product_tag-animais","8":"pa_ciudad-mallorca","9":"pa_motivo-salamandras","10":"pa_pais-espana","12":"first","13":"instock","14":"shipping-taxable","15":"product-type-simple"},"acf":[],"_links":{"self":[{"href":"https:\/\/olemosaic.com\/pt-pt\/wp-json\/wp\/v2\/product\/29435","targetHints":{"allow":["GET"]}}],"collection":[{"href":"https:\/\/olemosaic.com\/pt-pt\/wp-json\/wp\/v2\/product"}],"about":[{"href":"https:\/\/olemosaic.com\/pt-pt\/wp-json\/wp\/v2\/types\/product"}],"wp:featuredmedia":[{"embeddable":true,"href":"https:\/\/olemosaic.com\/pt-pt\/wp-json\/wp\/v2\/media\/11819"}],"wp:attachment":[{"href":"https:\/\/olemosaic.com\/pt-pt\/wp-json\/wp\/v2\/media?parent=29435"}],"wp:term":[{"taxonomy":"product_brand","embeddable":true,"href":"https:\/\/olemosaic.com\/pt-pt\/wp-json\/wp\/v2\/product_brand?post=29435"},{"taxonomy":"product_cat","embeddable":true,"href":"https:\/\/olemosaic.com\/pt-pt\/wp-json\/wp\/v2\/product_cat?post=29435"},{"taxonomy":"product_tag","embeddable":true,"href":"https:\/\/olemosaic.com\/pt-pt\/wp-json\/wp\/v2\/product_tag?post=29435"}],"curies":[{"name":"wp","href":"https:\/\/api.w.org\/{rel}","templated":true}]}}