{"id":29432,"date":"2025-02-20T22:30:16","date_gmt":"2025-02-20T22:30:16","guid":{"rendered":"http:\/\/olemosaic.com\/producto\/bol-de-coco-salamandra-fuerteventura\/"},"modified":"2025-07-25T18:47:29","modified_gmt":"2025-07-25T16:47:29","slug":"taca-de-coco-salamandra-fuerteventura","status":"publish","type":"product","link":"https:\/\/olemosaic.com\/pt-pt\/produto\/taca-de-coco-salamandra-fuerteventura\/","title":{"rendered":"Ta\u00e7a de coco. Salamandra. Fuerteventura."},"content":{"rendered":"<p>Esta ta\u00e7a de coco decorada \u00e9 uma aut\u00eantica joia de Fuerteventura, desenhada para ser um elemento decorativo e funcional em qualquer casa. Apresenta um vibrante mosaico de cores que capta a ess\u00eancia da fauna do arquip\u00e9lago das Can\u00e1rias. As formas geom\u00e9tricas em tons de azul, rosa e roxo combinam-se num design brilhante, criando um espet\u00e1culo visual que se destaca em qualquer ambiente. No centro da ta\u00e7a, uma salamandra pintada em tons quentes de terracota funde-se subtilmente com a base de coco natural, conferindo um toque org\u00e2nico que enfatiza a sua autenticidade artesanal.<\/p>\n<p>Esta ta\u00e7a n\u00e3o \u00e9 apenas uma pe\u00e7a decorativa singular, mas tamb\u00e9m um s\u00edmbolo da rica biodiversidade de Fuerteventura, onde a fauna end\u00e9mica, como a salamandra, real\u00e7a a liga\u00e7\u00e3o com a natureza local. Cada ta\u00e7a \u00e9 elaborada \u00e0 m\u00e3o, o que garante a sua singularidade e autenticidade como recorda\u00e7\u00e3o representativa da regi\u00e3o. Esta ta\u00e7a de coco \u00e9 uma excelente op\u00e7\u00e3o para os turistas que procuram lembran\u00e7as de qualidade, n\u00e3o s\u00f3 pela sua est\u00e9tica colorida, mas tamb\u00e9m pela sua relev\u00e2ncia cultural.<\/p>\n<p>Na Ol\u00e9 Mosaic, como distribuidor de lembran\u00e7as por grosso, oferecemos produtos que celebram a beleza e a tradi\u00e7\u00e3o de Espanha. Esta ta\u00e7a de coco \u00e9 uma adi\u00e7\u00e3o ideal para lojas de presentes tur\u00edsticos que desejem oferecer aos seus clientes recorda\u00e7\u00f5es aut\u00eanticas e funcionais de Fuerteventura, elevando a experi\u00eancia de compra com artigos que contam uma hist\u00f3ria.<\/p>\n","protected":false},"excerpt":{"rendered":"<p>Ta\u00e7a de coco decorada com um vibrante mosaico de cores inspirado na fauna de Fuerteventura. Esta ta\u00e7a exclusiva apresenta um design brilhante com formas geom\u00e9tricas em tons de azul, rosa e roxo que criam um apelo visual. No centro destaca-se uma salamandra pintada em tons de terracota, fundindo-se com a base de coco natural, o que adiciona um toque org\u00e2nico e aut\u00eantico. Ideal para decora\u00e7\u00e3o ou como pe\u00e7a funcional em casa.<\/p>\n","protected":false},"featured_media":11968,"template":"","meta":{"_acf_changed":false},"product_brand":[],"product_cat":[513],"product_tag":[516],"class_list":{"0":"post-29432","1":"product","2":"type-product","3":"status-publish","4":"has-post-thumbnail","6":"product_cat-bols","7":"product_tag-animais","8":"pa_ciudad-fuerteventura","9":"pa_motivo-salamandras","10":"pa_pais-espana","12":"first","13":"instock","14":"shipping-taxable","15":"product-type-simple"},"acf":[],"_links":{"self":[{"href":"https:\/\/olemosaic.com\/pt-pt\/wp-json\/wp\/v2\/product\/29432","targetHints":{"allow":["GET"]}}],"collection":[{"href":"https:\/\/olemosaic.com\/pt-pt\/wp-json\/wp\/v2\/product"}],"about":[{"href":"https:\/\/olemosaic.com\/pt-pt\/wp-json\/wp\/v2\/types\/product"}],"wp:featuredmedia":[{"embeddable":true,"href":"https:\/\/olemosaic.com\/pt-pt\/wp-json\/wp\/v2\/media\/11968"}],"wp:attachment":[{"href":"https:\/\/olemosaic.com\/pt-pt\/wp-json\/wp\/v2\/media?parent=29432"}],"wp:term":[{"taxonomy":"product_brand","embeddable":true,"href":"https:\/\/olemosaic.com\/pt-pt\/wp-json\/wp\/v2\/product_brand?post=29432"},{"taxonomy":"product_cat","embeddable":true,"href":"https:\/\/olemosaic.com\/pt-pt\/wp-json\/wp\/v2\/product_cat?post=29432"},{"taxonomy":"product_tag","embeddable":true,"href":"https:\/\/olemosaic.com\/pt-pt\/wp-json\/wp\/v2\/product_tag?post=29432"}],"curies":[{"name":"wp","href":"https:\/\/api.w.org\/{rel}","templated":true}]}}