{"id":29406,"date":"2025-02-20T23:30:16","date_gmt":"2025-02-20T22:30:16","guid":{"rendered":"http:\/\/olemosaic.com\/producto\/bol-de-coco-isla-mallorca-2\/"},"modified":"2025-07-25T19:18:41","modified_gmt":"2025-07-25T17:18:41","slug":"taca-de-coco-ilha-maiorca-2","status":"publish","type":"product","link":"https:\/\/olemosaic.com\/pt-pt\/produto\/taca-de-coco-ilha-maiorca-2\/","title":{"rendered":"Ta\u00e7a de coco. Ilha. Maiorca. Balear."},"content":{"rendered":"<p>Esta ta\u00e7a de coco decorada \u00e9 uma magn\u00edfica recorda\u00e7\u00e3o de Maiorca que reflete o esplendor e a beleza da ilha. De design artesanal, este recipiente singular apresenta um vibrante mosaico em tons de rosa, azul e roxo, disposto artisticamente sobre um fundo branco que real\u00e7a o seu apelo visual. No centro, destaca-se a silhueta da ilha de Maiorca numa elegante cor de cobre, acompanhada pela palavra &#8220;MALLORCA&#8221;, um toque distintivo que liga o visitante \u00e0 regi\u00e3o.<\/p>\n<p>A combina\u00e7\u00e3o de cores e materiais torna esta ta\u00e7a algo mais do que um elemento decorativo: \u00e9 uma op\u00e7\u00e3o perfeita para servir aperitivos em qualquer ocasi\u00e3o. O seu design capta a ess\u00eancia da arte tradicional de Maiorca, onde a cer\u00e2mica e o mosaico s\u00e3o protagonistas, simbolizando a rica heran\u00e7a cultural da ilha. Al\u00e9m disso, a sua autenticidade torna-a uma recorda\u00e7\u00e3o ideal para quem deseja levar um peda\u00e7o de Maiorca para casa.<\/p>\n<p>Na Ol\u00e9 Mosaic, somos distribuidores por grosso de produtos artesanais, e esta ta\u00e7a de coco \u00e9 uma excelente recorda\u00e7\u00e3o que enfatiza a relev\u00e2ncia cultural de Maiorca. Perfeita para lojas de presentes tur\u00edsticos, esta ta\u00e7a \u00e9 uma op\u00e7\u00e3o atraente para os turistas que procuram recorda\u00e7\u00f5es aut\u00eanticas que representem a rica cultura da ilha.<\/p>\n","protected":false},"excerpt":{"rendered":"<p>Ta\u00e7a de coco decorada com um colorido mosaico que evoca o esplendor da ilha de Maiorca. Este recipiente singular apresenta uma variedade de fragmentos em tons vibrantes de rosa, azul e roxo, dispostos sobre um fundo branco, o que real\u00e7a o seu apelo visual. No centro, destaca-se a silhueta da ilha em cor de cobre e a palavra &#8220;MALLORCA&#8221;, conferindo um toque distintivo. Feita \u00e0 m\u00e3o, \u00e9 ideal como elemento decorativo ou para servir aperitivos.<\/p>\n","protected":false},"featured_media":11812,"template":"","meta":{"_acf_changed":false},"product_brand":[],"product_cat":[513],"product_tag":[],"class_list":{"0":"post-29406","1":"product","2":"type-product","3":"status-publish","4":"has-post-thumbnail","6":"product_cat-bols","7":"pa_ciudad-mallorca","8":"pa_motivo-ilhas","9":"pa_pais-espana","11":"first","12":"instock","13":"shipping-taxable","14":"product-type-simple"},"acf":[],"_links":{"self":[{"href":"https:\/\/olemosaic.com\/pt-pt\/wp-json\/wp\/v2\/product\/29406","targetHints":{"allow":["GET"]}}],"collection":[{"href":"https:\/\/olemosaic.com\/pt-pt\/wp-json\/wp\/v2\/product"}],"about":[{"href":"https:\/\/olemosaic.com\/pt-pt\/wp-json\/wp\/v2\/types\/product"}],"wp:featuredmedia":[{"embeddable":true,"href":"https:\/\/olemosaic.com\/pt-pt\/wp-json\/wp\/v2\/media\/11812"}],"wp:attachment":[{"href":"https:\/\/olemosaic.com\/pt-pt\/wp-json\/wp\/v2\/media?parent=29406"}],"wp:term":[{"taxonomy":"product_brand","embeddable":true,"href":"https:\/\/olemosaic.com\/pt-pt\/wp-json\/wp\/v2\/product_brand?post=29406"},{"taxonomy":"product_cat","embeddable":true,"href":"https:\/\/olemosaic.com\/pt-pt\/wp-json\/wp\/v2\/product_cat?post=29406"},{"taxonomy":"product_tag","embeddable":true,"href":"https:\/\/olemosaic.com\/pt-pt\/wp-json\/wp\/v2\/product_tag?post=29406"}],"curies":[{"name":"wp","href":"https:\/\/api.w.org\/{rel}","templated":true}]}}