{"id":29405,"date":"2025-02-20T22:30:16","date_gmt":"2025-02-20T22:30:16","guid":{"rendered":"http:\/\/olemosaic.com\/producto\/bol-de-coco-sardina-lisboa\/"},"modified":"2025-07-25T18:42:28","modified_gmt":"2025-07-25T16:42:28","slug":"taca-de-coco-sardinha-lisboa","status":"publish","type":"product","link":"https:\/\/olemosaic.com\/pt-pt\/produto\/taca-de-coco-sardinha-lisboa\/","title":{"rendered":"Ta\u00e7a de coco. Sardinha. Lisboa."},"content":{"rendered":"<p>Esta ta\u00e7a de coco decorada \u00e9 uma magn\u00edfica recorda\u00e7\u00e3o de Lisboa, ideal para quem deseja levar uma amostra aut\u00eantica da rica cultura portuguesa. Desenhada com fragmentos de mosaico em vibrantes tons de azul, p\u00farpura e vermelho, a ta\u00e7a apresenta uma textura brilhante que capta a luz de maneira fascinante, real\u00e7ando o seu design oval e elegante. No interior, uma delicada ilustra\u00e7\u00e3o de uma sardinha, s\u00edmbolo da famosa gastronomia lisboeta, combina-se com o texto &#8220;LISBOA&#8221; em dourado, criando um apelo visual que evoca a tradi\u00e7\u00e3o piscat\u00f3ria da regi\u00e3o. Esta ta\u00e7a n\u00e3o \u00e9 apenas um objeto decorativo, mas tamb\u00e9m uma pe\u00e7a vers\u00e1til que pode ser utilizada para servir aperitivos ou simplesmente como um elemento decorativo na cozinha ou na mesa.<\/p>\n<p>A liga\u00e7\u00e3o cultural desta ta\u00e7a com Lisboa \u00e9 ineg\u00e1vel; o seu design reflete o colorido e a alegria das ruas da capital portuguesa, famosa pela sua gastronomia \u00e0 base de marisco e pela sua rica heran\u00e7a cultural. Na Ol\u00e9 Mosaic, orgulhamo-nos de oferecer produtos aut\u00eanticos que celebram a diversidade e a arte de Espanha e Portugal, tornando esta ta\u00e7a uma recorda\u00e7\u00e3o perfeita para turistas que procuram levar um peda\u00e7o de Lisboa. Como grossistas de recorda\u00e7\u00f5es, garantimos qualidade e um toque de originalidade em cada um dos nossos produtos.<\/p>\n","protected":false},"excerpt":{"rendered":"<p>Ta\u00e7a de coco decorada com coloridos fragmentos de mosaico, inspirada na tradi\u00e7\u00e3o piscat\u00f3ria lisboeta. Esta ta\u00e7a apresenta um design interior com a ilustra\u00e7\u00e3o de uma sardinha estilizada e o texto &#8220;LISBOA&#8221; em dourado, rodeado por um vibrante mosaico em tons de azul, p\u00farpura e vermelho. A sua forma oval e acabamento brilhante tornam-na uma recorda\u00e7\u00e3o atraente que evoca a ess\u00eancia e o encanto da capital portuguesa. Ideal para usar como pe\u00e7a decorativa ou para servir aperitivos.<\/p>\n","protected":false},"featured_media":11828,"template":"","meta":{"_acf_changed":false},"product_brand":[],"product_cat":[513],"product_tag":[516],"class_list":{"0":"post-29405","1":"product","2":"type-product","3":"status-publish","4":"has-post-thumbnail","6":"product_cat-bols","7":"product_tag-animais","8":"pa_ciudad-lisboa","9":"pa_motivo-sardinhas","10":"pa_pais-portugal","12":"first","13":"instock","14":"shipping-taxable","15":"product-type-simple"},"acf":[],"_links":{"self":[{"href":"https:\/\/olemosaic.com\/pt-pt\/wp-json\/wp\/v2\/product\/29405","targetHints":{"allow":["GET"]}}],"collection":[{"href":"https:\/\/olemosaic.com\/pt-pt\/wp-json\/wp\/v2\/product"}],"about":[{"href":"https:\/\/olemosaic.com\/pt-pt\/wp-json\/wp\/v2\/types\/product"}],"wp:featuredmedia":[{"embeddable":true,"href":"https:\/\/olemosaic.com\/pt-pt\/wp-json\/wp\/v2\/media\/11828"}],"wp:attachment":[{"href":"https:\/\/olemosaic.com\/pt-pt\/wp-json\/wp\/v2\/media?parent=29405"}],"wp:term":[{"taxonomy":"product_brand","embeddable":true,"href":"https:\/\/olemosaic.com\/pt-pt\/wp-json\/wp\/v2\/product_brand?post=29405"},{"taxonomy":"product_cat","embeddable":true,"href":"https:\/\/olemosaic.com\/pt-pt\/wp-json\/wp\/v2\/product_cat?post=29405"},{"taxonomy":"product_tag","embeddable":true,"href":"https:\/\/olemosaic.com\/pt-pt\/wp-json\/wp\/v2\/product_tag?post=29405"}],"curies":[{"name":"wp","href":"https:\/\/api.w.org\/{rel}","templated":true}]}}