{"id":29402,"date":"2025-02-20T22:30:15","date_gmt":"2025-02-20T22:30:15","guid":{"rendered":"http:\/\/olemosaic.com\/producto\/bol-de-coco-flecha-camino-de-santiago\/"},"modified":"2025-07-25T20:04:03","modified_gmt":"2025-07-25T18:04:03","slug":"taca-de-coco-seta-caminho-de-santiago","status":"publish","type":"product","link":"https:\/\/olemosaic.com\/pt-pt\/produto\/taca-de-coco-seta-caminho-de-santiago\/","title":{"rendered":"Ta\u00e7a de coco. Seta. Caminho de Santiago."},"content":{"rendered":"<p>Esta ta\u00e7a de coco decorada \u00e9 uma recorda\u00e7\u00e3o requintada que capta a ess\u00eancia do famoso Caminho de Santiago. O seu design vibrante mistura tons de rosa, azul e castanho, formando um mosaico de pequenas pe\u00e7as que adornam elegantemente o seu interior. No centro, destaca-se uma seta que simboliza a dire\u00e7\u00e3o para Santiago, acompanhada pelo texto &#8220;Caminhos de Santiago&#8221;, o que real\u00e7a a sua liga\u00e7\u00e3o cultural com esta emblem\u00e1tica rota de peregrina\u00e7\u00e3o. Esta ta\u00e7a n\u00e3o \u00e9 apenas um objeto decorativo, mas um lembrete visual da rica hist\u00f3ria e da tradi\u00e7\u00e3o que rodeia o Caminho de Santiago, uma viagem espiritual e cultural seguida por milh\u00f5es ao longo dos anos.<\/p>\n<p>A autenticidade desta ta\u00e7a de coco torna-a uma recorda\u00e7\u00e3o perfeita, ideal para quem percorreu o caminho ou deseja levar um peda\u00e7o dessa experi\u00eancia para as suas casas. A sua constru\u00e7\u00e3o em coco, um material natural e sustent\u00e1vel, confere um toque artesanal que sublinha a dedica\u00e7\u00e3o e o carinho em cada pe\u00e7a. Na Ol\u00e9 Mosaic, especializamo-nos na distribui\u00e7\u00e3o de recorda\u00e7\u00f5es por grosso e oferecemos produtos como esta ta\u00e7a que s\u00e3o perfeitos para lojas de presentes tur\u00edsticos. Esta ta\u00e7a \u00e9 uma excelente op\u00e7\u00e3o para aqueles que procuram recorda\u00e7\u00f5es de qualidade, cheias de significado e relev\u00e2ncia cultural, refletindo a beleza do patrim\u00f3nio espanhol.<\/p>\n","protected":false},"excerpt":{"rendered":"<p>Ta\u00e7a de coco decorada com mosaicos coloridos, inspirada na rota do Caminho de Santiago. Esta elegante ta\u00e7a apresenta um design atraente em tons vibrantes de rosa, azul e castanho, formado por pequenas pe\u00e7as que adornam o seu interior. No centro, destaca-se uma seta que indica a dire\u00e7\u00e3o para Santiago, juntamente com o texto &#8220;Caminhos de Santiago&#8221;. Perfeita para adicionar um toque cultural e artesanal a qualquer casa.<\/p>\n","protected":false},"featured_media":11827,"template":"","meta":{"_acf_changed":false},"product_brand":[],"product_cat":[513],"product_tag":[],"class_list":{"0":"post-29402","1":"product","2":"type-product","3":"status-publish","4":"has-post-thumbnail","6":"product_cat-bols","7":"pa_ciudad-santiago","8":"pa_motivo-setas","9":"pa_pais-espana","11":"first","12":"instock","13":"shipping-taxable","14":"product-type-simple"},"acf":[],"_links":{"self":[{"href":"https:\/\/olemosaic.com\/pt-pt\/wp-json\/wp\/v2\/product\/29402","targetHints":{"allow":["GET"]}}],"collection":[{"href":"https:\/\/olemosaic.com\/pt-pt\/wp-json\/wp\/v2\/product"}],"about":[{"href":"https:\/\/olemosaic.com\/pt-pt\/wp-json\/wp\/v2\/types\/product"}],"wp:featuredmedia":[{"embeddable":true,"href":"https:\/\/olemosaic.com\/pt-pt\/wp-json\/wp\/v2\/media\/11827"}],"wp:attachment":[{"href":"https:\/\/olemosaic.com\/pt-pt\/wp-json\/wp\/v2\/media?parent=29402"}],"wp:term":[{"taxonomy":"product_brand","embeddable":true,"href":"https:\/\/olemosaic.com\/pt-pt\/wp-json\/wp\/v2\/product_brand?post=29402"},{"taxonomy":"product_cat","embeddable":true,"href":"https:\/\/olemosaic.com\/pt-pt\/wp-json\/wp\/v2\/product_cat?post=29402"},{"taxonomy":"product_tag","embeddable":true,"href":"https:\/\/olemosaic.com\/pt-pt\/wp-json\/wp\/v2\/product_tag?post=29402"}],"curies":[{"name":"wp","href":"https:\/\/api.w.org\/{rel}","templated":true}]}}