{"id":29375,"date":"2025-02-20T22:30:15","date_gmt":"2025-02-20T22:30:15","guid":{"rendered":"http:\/\/olemosaic.com\/producto\/bol-de-coco-delfin-mallorca\/"},"modified":"2025-07-25T19:52:28","modified_gmt":"2025-07-25T17:52:28","slug":"taca-de-coco-golfinho-maiorca","status":"publish","type":"product","link":"https:\/\/olemosaic.com\/pt-pt\/produto\/taca-de-coco-golfinho-maiorca\/","title":{"rendered":"Ta\u00e7a de coco. Golfinho. Maiorca."},"content":{"rendered":"<p>Esta ta\u00e7a de coco decorada \u00e9 uma recorda\u00e7\u00e3o encantadora que captura a ess\u00eancia vibrante de Maiorca. O seu design destaca-se por um mosaico art\u00edstico no qual fragmentos coloridos em tons de rosa, azul e castanho se entrela\u00e7am para criar um fundo refrescante e cheio de vida. No centro, uma ilustra\u00e7\u00e3o estilizada de um golfinho, s\u00edmbolo da rica vida marinha da ilha, confere um toque din\u00e2mico e alegre \u00e0 ta\u00e7a. Logo abaixo do golfinho, a palavra &#8220;MAIORCA&#8221; \u00e9 impressa de forma elegante, reafirmando a sua proced\u00eancia e tornando-a numa recorda\u00e7\u00e3o representativa desta bela regi\u00e3o mediterr\u00e2nica.<\/p>\n<p>Este artigo n\u00e3o \u00e9 apenas decorativo; o seu design funcional permite utiliz\u00e1-lo como um pr\u00e1tico utens\u00edlio para servir aperitivos ou como elemento decorativo para real\u00e7ar qualquer espa\u00e7o. A combina\u00e7\u00e3o da autenticidade do material de coco com a beleza do mosaico d\u00e1 lugar a uma pe\u00e7a que \u00e9 tanto arte como utilidade. Emanando o encanto do Mediterr\u00e2neo, esta ta\u00e7a \u00e9 uma excelente op\u00e7\u00e3o de recorda\u00e7\u00e3o para quem deseja levar um peda\u00e7o de Maiorca para casa. Na Ol\u00e9 Mosaic, como distribuidor de recorda\u00e7\u00f5es por grosso, oferecemos um cat\u00e1logo exclusivo de produtos que refletem a riqueza cultural de cada canto de Espanha, e esta ta\u00e7a \u00e9, sem d\u00favida, uma op\u00e7\u00e3o de destaque para lojas de recorda\u00e7\u00f5es tur\u00edsticas que procuram autenticidade e atratividade.<\/p>\n","protected":false},"excerpt":{"rendered":"<p>Ta\u00e7a de coco decorada com um mosaico vibrante que evoca a beleza marinha de Maiorca. Esta atraente ta\u00e7a destaca-se pelo seu design art\u00edstico, com fragmentos coloridos em tons de rosa, azul e castanho que rodeiam a imagem de um golfinho no centro. A palavra &#8220;MAIORCA&#8221; \u00e9 impressa elegantemente, real\u00e7ando a sua origem. Ideal como pe\u00e7a decorativa ou como utens\u00edlio pr\u00e1tico, combina funcionalidade com um estilo distintivo e cheio de vida mediterr\u00e2nica.<\/p>\n","protected":false},"featured_media":11815,"template":"","meta":{"_acf_changed":false},"product_brand":[],"product_cat":[513],"product_tag":[516],"class_list":{"0":"post-29375","1":"product","2":"type-product","3":"status-publish","4":"has-post-thumbnail","6":"product_cat-bols","7":"product_tag-animais","8":"pa_ciudad-mallorca","9":"pa_motivo-golfinhos","10":"pa_pais-espana","12":"first","13":"instock","14":"shipping-taxable","15":"product-type-simple"},"acf":[],"_links":{"self":[{"href":"https:\/\/olemosaic.com\/pt-pt\/wp-json\/wp\/v2\/product\/29375","targetHints":{"allow":["GET"]}}],"collection":[{"href":"https:\/\/olemosaic.com\/pt-pt\/wp-json\/wp\/v2\/product"}],"about":[{"href":"https:\/\/olemosaic.com\/pt-pt\/wp-json\/wp\/v2\/types\/product"}],"wp:featuredmedia":[{"embeddable":true,"href":"https:\/\/olemosaic.com\/pt-pt\/wp-json\/wp\/v2\/media\/11815"}],"wp:attachment":[{"href":"https:\/\/olemosaic.com\/pt-pt\/wp-json\/wp\/v2\/media?parent=29375"}],"wp:term":[{"taxonomy":"product_brand","embeddable":true,"href":"https:\/\/olemosaic.com\/pt-pt\/wp-json\/wp\/v2\/product_brand?post=29375"},{"taxonomy":"product_cat","embeddable":true,"href":"https:\/\/olemosaic.com\/pt-pt\/wp-json\/wp\/v2\/product_cat?post=29375"},{"taxonomy":"product_tag","embeddable":true,"href":"https:\/\/olemosaic.com\/pt-pt\/wp-json\/wp\/v2\/product_tag?post=29375"}],"curies":[{"name":"wp","href":"https:\/\/api.w.org\/{rel}","templated":true}]}}