{"id":29374,"date":"2025-02-20T22:30:15","date_gmt":"2025-02-20T22:30:15","guid":{"rendered":"http:\/\/olemosaic.com\/producto\/bol-de-coco-delfin-menorca\/"},"modified":"2025-07-25T20:29:49","modified_gmt":"2025-07-25T18:29:49","slug":"taca-de-coco-golfinho-menorca","status":"publish","type":"product","link":"https:\/\/olemosaic.com\/pt-pt\/produto\/taca-de-coco-golfinho-menorca\/","title":{"rendered":"Ta\u00e7a de coco. Golfinho. Menorca."},"content":{"rendered":"<p>Esta ta\u00e7a de coco decorada \u00e9 uma recorda\u00e7\u00e3o encantadora que captura a ess\u00eancia de Menorca, uma das joias do Mediterr\u00e2neo. O seu design apresenta uma base em tons suaves que emoldura uma vibrante cole\u00e7\u00e3o de tesselas de mosaico, evocando a rica diversidade de cores que adornam as paisagens da ilha. O interior da ta\u00e7a \u00e9 adornado com uma variedade de tons azuis, rosas e dourados, criando um efeito visual atraente e alegre que encantar\u00e1 qualquer pessoa que a observe. No centro, um golfinho estilizado acompanha o texto &#8220;MENORCA&#8221;, simbolizando a profunda liga\u00e7\u00e3o desta ilha com o mar Mediterr\u00e2neo e a sua vida marinha.<\/p>\n<p>Esta ta\u00e7a n\u00e3o \u00e9 apenas ideal para servir aperitivos ou petiscos, mas tamb\u00e9m atua como uma pe\u00e7a decorativa que acrescenta um toque mediterr\u00e2nico e art\u00edstico a qualquer casa. O seu design artesanal e colorido torna-a num excelente presente e recorda\u00e7\u00e3o cultural para quem deseja levar um peda\u00e7o de Menorca para casa. Na Ol\u00e9 Mosaic, especializamo-nos na distribui\u00e7\u00e3o de recorda\u00e7\u00f5es por grosso, oferecendo produtos aut\u00eanticos e representativos da cultura local. Esta ta\u00e7a de coco decorada \u00e9 uma op\u00e7\u00e3o perfeita para lojas de recorda\u00e7\u00f5es tur\u00edsticas que procuram artigos \u00fanicos e de alta qualidade. N\u00e3o \u00e9 apenas uma recorda\u00e7\u00e3o de Menorca, mas tamb\u00e9m um testemunho da beleza e da arte do ambiente mediterr\u00e2nico.<\/p>\n","protected":false},"excerpt":{"rendered":"<p>Ta\u00e7a de coco decorada com pe\u00e7as de mosaico coloridas, que evoca a beleza de Menorca. Este recipiente original combina uma base em tons suaves com uma variedade de cores vibrantes, criando um efeito visual atraente. No centro, apresenta um golfinho estilizado junto ao texto &#8220;MENORCA&#8221;, real\u00e7ando o encanto da ilha. Ideal para servir aperitivos ou como elemento decorativo, acrescenta um toque mediterr\u00e2nico a qualquer casa.<\/p>\n","protected":false},"featured_media":11951,"template":"","meta":{"_acf_changed":false},"product_brand":[],"product_cat":[513],"product_tag":[516],"class_list":{"0":"post-29374","1":"product","2":"type-product","3":"status-publish","4":"has-post-thumbnail","6":"product_cat-bols","7":"product_tag-animais","8":"pa_ciudad-menorca","9":"pa_motivo-golfinhos","10":"pa_pais-espana","12":"first","13":"instock","14":"shipping-taxable","15":"product-type-simple"},"acf":[],"_links":{"self":[{"href":"https:\/\/olemosaic.com\/pt-pt\/wp-json\/wp\/v2\/product\/29374","targetHints":{"allow":["GET"]}}],"collection":[{"href":"https:\/\/olemosaic.com\/pt-pt\/wp-json\/wp\/v2\/product"}],"about":[{"href":"https:\/\/olemosaic.com\/pt-pt\/wp-json\/wp\/v2\/types\/product"}],"wp:featuredmedia":[{"embeddable":true,"href":"https:\/\/olemosaic.com\/pt-pt\/wp-json\/wp\/v2\/media\/11951"}],"wp:attachment":[{"href":"https:\/\/olemosaic.com\/pt-pt\/wp-json\/wp\/v2\/media?parent=29374"}],"wp:term":[{"taxonomy":"product_brand","embeddable":true,"href":"https:\/\/olemosaic.com\/pt-pt\/wp-json\/wp\/v2\/product_brand?post=29374"},{"taxonomy":"product_cat","embeddable":true,"href":"https:\/\/olemosaic.com\/pt-pt\/wp-json\/wp\/v2\/product_cat?post=29374"},{"taxonomy":"product_tag","embeddable":true,"href":"https:\/\/olemosaic.com\/pt-pt\/wp-json\/wp\/v2\/product_tag?post=29374"}],"curies":[{"name":"wp","href":"https:\/\/api.w.org\/{rel}","templated":true}]}}