{"id":29373,"date":"2025-02-20T23:30:15","date_gmt":"2025-02-20T22:30:15","guid":{"rendered":"http:\/\/olemosaic.com\/producto\/bol-de-coco-azul-isla-tenerife-4\/"},"modified":"2025-07-25T18:39:58","modified_gmt":"2025-07-25T16:39:58","slug":"taca-de-coco-azul-ilha-tenerife-4","status":"publish","type":"product","link":"https:\/\/olemosaic.com\/pt-pt\/produto\/taca-de-coco-azul-ilha-tenerife-4\/","title":{"rendered":"Ta\u00e7a de coco azul. Ilha. Tenerife. Can\u00e1rias."},"content":{"rendered":"<p>Esta ta\u00e7a de coco decorada \u00e9 uma recorda\u00e7\u00e3o encantadora da ilha de Tenerife, que captura a ess\u00eancia do vibrante folclore can\u00e1rio. Com um design pintado \u00e0 m\u00e3o, esta ta\u00e7a apresenta o contorno atraente da ilha no seu interior, rodeado de cora\u00e7\u00f5es coloridos e mosaicos em tons de azul, verde, vermelho e roxo. A sua base r\u00fastica de coco n\u00e3o s\u00f3 acrescenta um toque natural, como tamb\u00e9m real\u00e7a a autenticidade do artesanato local. A combina\u00e7\u00e3o de cores vibrantes e o intrincado trabalho art\u00edstico fazem desta ta\u00e7a um objeto decorativo e funcional, ideal para real\u00e7ar qualquer espa\u00e7o da casa ou para utilizar no dia a dia.<\/p>\n<p>Esta ta\u00e7a n\u00e3o \u00e9 apenas um acess\u00f3rio visualmente cativante, mas tamb\u00e9m simboliza o cora\u00e7\u00e3o de Tenerife, permitindo aos turistas levar um pedacinho da sua beleza. A representa\u00e7\u00e3o da ilha e os elementos de design l\u00fadico destacam a sua liga\u00e7\u00e3o cultural, tornando-a numa recorda\u00e7\u00e3o perfeita para quem procura souvenirs de Tenerife aut\u00eanticos e significativos. Na Ol\u00e9 Mosaic, como distribuidores de souvenirs por grosso, oferecemos produtos que refletem a riqueza cultural de cada regi\u00e3o, e esta ta\u00e7a de coco \u00e9 uma op\u00e7\u00e3o excecional para lojas de recorda\u00e7\u00f5es tur\u00edsticas que desejem destacar o artesanato local.<\/p>\n","protected":false},"excerpt":{"rendered":"<p>Ta\u00e7a de coco decorada com cores vibrantes, inspirada na ilha de Tenerife. Esta encantadora ta\u00e7a apresenta um design artesanal, pintado \u00e0 m\u00e3o, onde se destaca o contorno da ilha no seu interior, rodeado de cora\u00e7\u00f5es coloridos e mosaicos em tons de azul, verde, vermelho e roxo. O seu rebordo natural de coco confere-lhe um toque r\u00fastico, tornando-a num souvenir \u00fanico e atraente que captura a ess\u00eancia do folclore can\u00e1rio. Ideal para decora\u00e7\u00e3o ou uso di\u00e1rio.<\/p>\n","protected":false},"featured_media":10315,"template":"","meta":{"_acf_changed":false},"product_brand":[],"product_cat":[513],"product_tag":[],"class_list":{"0":"post-29373","1":"product","2":"type-product","3":"status-publish","4":"has-post-thumbnail","6":"product_cat-bols","7":"pa_ciudad-tenerife","8":"pa_motivo-ilhas","9":"pa_pais-espana","11":"first","12":"instock","13":"shipping-taxable","14":"product-type-simple"},"acf":[],"_links":{"self":[{"href":"https:\/\/olemosaic.com\/pt-pt\/wp-json\/wp\/v2\/product\/29373","targetHints":{"allow":["GET"]}}],"collection":[{"href":"https:\/\/olemosaic.com\/pt-pt\/wp-json\/wp\/v2\/product"}],"about":[{"href":"https:\/\/olemosaic.com\/pt-pt\/wp-json\/wp\/v2\/types\/product"}],"wp:featuredmedia":[{"embeddable":true,"href":"https:\/\/olemosaic.com\/pt-pt\/wp-json\/wp\/v2\/media\/10315"}],"wp:attachment":[{"href":"https:\/\/olemosaic.com\/pt-pt\/wp-json\/wp\/v2\/media?parent=29373"}],"wp:term":[{"taxonomy":"product_brand","embeddable":true,"href":"https:\/\/olemosaic.com\/pt-pt\/wp-json\/wp\/v2\/product_brand?post=29373"},{"taxonomy":"product_cat","embeddable":true,"href":"https:\/\/olemosaic.com\/pt-pt\/wp-json\/wp\/v2\/product_cat?post=29373"},{"taxonomy":"product_tag","embeddable":true,"href":"https:\/\/olemosaic.com\/pt-pt\/wp-json\/wp\/v2\/product_tag?post=29373"}],"curies":[{"name":"wp","href":"https:\/\/api.w.org\/{rel}","templated":true}]}}