{"id":29335,"date":"2025-02-20T23:30:14","date_gmt":"2025-02-20T22:30:14","guid":{"rendered":"http:\/\/olemosaic.com\/producto\/bol-de-coco-flores-2\/"},"modified":"2025-07-25T20:42:49","modified_gmt":"2025-07-25T18:42:49","slug":"taca-de-coco-flores-2","status":"publish","type":"product","link":"https:\/\/olemosaic.com\/pt-pt\/produto\/taca-de-coco-flores-2\/","title":{"rendered":"Ta\u00e7a de coco. Flores. Estilo mediterr\u00e2nico."},"content":{"rendered":"<p>Esta ta\u00e7a de coco decorada \u00e9 a escolha perfeita para quem procura uma recorda\u00e7\u00e3o aut\u00eantica e distintiva que evoque a beleza do estilo mediterr\u00e2nico. Elaborada com coco natural, esta ta\u00e7a apresenta um acabamento brilhante que real\u00e7a as cores vibrantes dos seus motivos florais decorativos em tons azuis, rosas e terracota. Cada pe\u00e7a \u00e9 \u00fanica, uma vez que cada ta\u00e7a \u00e9 pintada \u00e0 m\u00e3o por artes\u00e3os locais, o que garante um toque especial e pessoal em cada produto.<\/p>\n<p>O seu design art\u00edstico n\u00e3o s\u00f3 a torna um belo centro de mesa, como tamb\u00e9m \u00e9 ideal para o uso di\u00e1rio, conferindo um toque ex\u00f3tico e acolhedor a qualquer casa. As flores, meticulosamente desenhadas, evocam paisagens mediterr\u00e2nicas, proporcionando um ar fresco e cheio de vida. Esta pe\u00e7a destaca-se n\u00e3o s\u00f3 pela sua funcionalidade, mas tamb\u00e9m pela sua relev\u00e2ncia cultural, simbolizando o amor pela artesania e pela tradi\u00e7\u00e3o da regi\u00e3o onde \u00e9 criada.<\/p>\n<p>Na Ol\u00e9 Mosaic, especializamo-nos na distribui\u00e7\u00e3o de recorda\u00e7\u00f5es por grosso que celebram a riqueza do patrim\u00f3nio cultural. Esta ta\u00e7a de coco \u00e9 uma excelente op\u00e7\u00e3o para lojas de recorda\u00e7\u00f5es tur\u00edsticas que procuram produtos aut\u00eanticos e artesanais. Trata-se de uma recorda\u00e7\u00e3o ideal que une est\u00e9tica e funcionalidade, representando a ess\u00eancia do estilo mediterr\u00e2nico e a destreza artesanal.<\/p>\n","protected":false},"excerpt":{"rendered":"<p>Ta\u00e7a de coco decorada com um belo design floral, ideal para adicionar um toque ex\u00f3tico a qualquer casa. Este artigo, feito de coco natural, apresenta um acabamento brilhante que real\u00e7a as cores vibrantes das flores em tons azuis, rosas e terracota. Cada ta\u00e7a, de design artesanal e pintada \u00e0 m\u00e3o, \u00e9 \u00fanica e perfeita como centro de mesa ou para uso di\u00e1rio. O seu design art\u00edstico combina funcionalidade e est\u00e9tica, evocando o estilo mediterr\u00e2nico.<\/p>\n","protected":false},"featured_media":11829,"template":"","meta":{"_acf_changed":false},"product_brand":[],"product_cat":[513],"product_tag":[],"class_list":{"0":"post-29335","1":"product","2":"type-product","3":"status-publish","4":"has-post-thumbnail","6":"product_cat-bols","7":"pa_motivo-flores","9":"first","10":"instock","11":"shipping-taxable","12":"product-type-simple"},"acf":[],"_links":{"self":[{"href":"https:\/\/olemosaic.com\/pt-pt\/wp-json\/wp\/v2\/product\/29335","targetHints":{"allow":["GET"]}}],"collection":[{"href":"https:\/\/olemosaic.com\/pt-pt\/wp-json\/wp\/v2\/product"}],"about":[{"href":"https:\/\/olemosaic.com\/pt-pt\/wp-json\/wp\/v2\/types\/product"}],"wp:featuredmedia":[{"embeddable":true,"href":"https:\/\/olemosaic.com\/pt-pt\/wp-json\/wp\/v2\/media\/11829"}],"wp:attachment":[{"href":"https:\/\/olemosaic.com\/pt-pt\/wp-json\/wp\/v2\/media?parent=29335"}],"wp:term":[{"taxonomy":"product_brand","embeddable":true,"href":"https:\/\/olemosaic.com\/pt-pt\/wp-json\/wp\/v2\/product_brand?post=29335"},{"taxonomy":"product_cat","embeddable":true,"href":"https:\/\/olemosaic.com\/pt-pt\/wp-json\/wp\/v2\/product_cat?post=29335"},{"taxonomy":"product_tag","embeddable":true,"href":"https:\/\/olemosaic.com\/pt-pt\/wp-json\/wp\/v2\/product_tag?post=29335"}],"curies":[{"name":"wp","href":"https:\/\/api.w.org\/{rel}","templated":true}]}}