{"id":29319,"date":"2025-02-20T22:30:13","date_gmt":"2025-02-20T22:30:13","guid":{"rendered":"http:\/\/olemosaic.com\/producto\/bol-de-coco-camello-lanzarote\/"},"modified":"2025-07-25T19:30:31","modified_gmt":"2025-07-25T17:30:31","slug":"taca-de-coco-camelo-lanzarote","status":"publish","type":"product","link":"https:\/\/olemosaic.com\/pt-pt\/produto\/taca-de-coco-camelo-lanzarote\/","title":{"rendered":"Ta\u00e7a de coco. Camelo. Lanzarote."},"content":{"rendered":"<p>Esta ta\u00e7a de coco, decorada com um vibrante mosaico de cores, \u00e9 uma pe\u00e7a aut\u00eantica que captura a ess\u00eancia da paisagem de Lanzarote. O seu design cativante incorpora pequenas tesselas em tons de azul, rosa e castanho, montadas meticulosamente para criar um padr\u00e3o atraente e \u00fanico. No centro da ta\u00e7a destaca-se um camelo, s\u00edmbolo emblem\u00e1tico do deserto das Can\u00e1rias, que evoca a rica tradi\u00e7\u00e3o da ilha, e \u00e9 real\u00e7ado pela inscri\u00e7\u00e3o \u201cLanzarote\u201d, um detalhe que a torna uma recorda\u00e7\u00e3o significativa e aut\u00eantica da sua visita.<\/p>\n<p>A forma org\u00e2nica da ta\u00e7a, elaborada a partir de coco, n\u00e3o s\u00f3 a torna leve e f\u00e1cil de manusear, como tamb\u00e9m lhe confere um toque natural e r\u00fastico que se integra perfeitamente em qualquer ambiente. \u00c9 ideal tanto como objeto decorativo, para embelezar qualquer mesa ou prateleira, como para servir aperitivos, proporcionando um ar de autenticidade local que encantar\u00e1 os convidados e os amantes da gastronomia.<\/p>\n<p>Como distribuidores de souvenirs por grosso, na Ol\u00e9 Mosaic oferecemos esta pe\u00e7a cultural distintiva que n\u00e3o s\u00f3 reflete a beleza de Lanzarote, mas tamb\u00e9m representa a liga\u00e7\u00e3o com o seu legado cultural. Esta ta\u00e7a decorativa \u00e9 uma excelente op\u00e7\u00e3o para lojas de presentes tur\u00edsticos que procuram produtos aut\u00eanticos e coloridos para atrair e deleitar os visitantes interessados em recorda\u00e7\u00f5es representativas da sua experi\u00eancia nas Ilhas Can\u00e1rias.<\/p>\n","protected":false},"excerpt":{"rendered":"<p>Ta\u00e7a de coco decorada com um vibrante mosaico de cores, inspirada na paisagem de Lanzarote. Este design captura a ess\u00eancia da ilha, com pequenas pe\u00e7as em tons de azul, rosa e castanho que se unem para formar um padr\u00e3o atraente. No centro, destaca-se um camelo, s\u00edmbolo do deserto das Can\u00e1rias, real\u00e7ado pela inscri\u00e7\u00e3o &#8220;Lanzarote&#8221;. Ideal como objeto decorativo ou para servir aperitivos com um toque de autenticidade local.<\/p>\n","protected":false},"featured_media":11978,"template":"","meta":{"_acf_changed":false},"product_brand":[],"product_cat":[513],"product_tag":[516],"class_list":{"0":"post-29319","1":"product","2":"type-product","3":"status-publish","4":"has-post-thumbnail","6":"product_cat-bols","7":"product_tag-animais","8":"pa_ciudad-lanzarote","9":"pa_motivo-camelos","10":"pa_pais-espana","12":"first","13":"instock","14":"shipping-taxable","15":"product-type-simple"},"acf":[],"_links":{"self":[{"href":"https:\/\/olemosaic.com\/pt-pt\/wp-json\/wp\/v2\/product\/29319","targetHints":{"allow":["GET"]}}],"collection":[{"href":"https:\/\/olemosaic.com\/pt-pt\/wp-json\/wp\/v2\/product"}],"about":[{"href":"https:\/\/olemosaic.com\/pt-pt\/wp-json\/wp\/v2\/types\/product"}],"wp:featuredmedia":[{"embeddable":true,"href":"https:\/\/olemosaic.com\/pt-pt\/wp-json\/wp\/v2\/media\/11978"}],"wp:attachment":[{"href":"https:\/\/olemosaic.com\/pt-pt\/wp-json\/wp\/v2\/media?parent=29319"}],"wp:term":[{"taxonomy":"product_brand","embeddable":true,"href":"https:\/\/olemosaic.com\/pt-pt\/wp-json\/wp\/v2\/product_brand?post=29319"},{"taxonomy":"product_cat","embeddable":true,"href":"https:\/\/olemosaic.com\/pt-pt\/wp-json\/wp\/v2\/product_cat?post=29319"},{"taxonomy":"product_tag","embeddable":true,"href":"https:\/\/olemosaic.com\/pt-pt\/wp-json\/wp\/v2\/product_tag?post=29319"}],"curies":[{"name":"wp","href":"https:\/\/api.w.org\/{rel}","templated":true}]}}