{"id":29318,"date":"2025-02-20T23:30:12","date_gmt":"2025-02-20T22:30:12","guid":{"rendered":"http:\/\/olemosaic.com\/producto\/bol-de-coco-mosaico\/"},"modified":"2025-07-25T20:29:13","modified_gmt":"2025-07-25T18:29:13","slug":"taca-de-coco-mosaico","status":"publish","type":"product","link":"https:\/\/olemosaic.com\/pt-pt\/produto\/taca-de-coco-mosaico\/","title":{"rendered":"Ta\u00e7a de coco. Mosaico."},"content":{"rendered":"<p>Esta ta\u00e7a de coco, decorada com um vibrante mosaico de cores, \u00e9 uma pe\u00e7a artesanal que traz alegria e eleg\u00e2ncia a qualquer espa\u00e7o. De design artesanal, apresenta um padr\u00e3o cativante que combina tons de azul, rosa, amarelo e roxo, evocando a rica tradi\u00e7\u00e3o artesanal mediterr\u00e2nica. A base branca da ta\u00e7a real\u00e7a na perfei\u00e7\u00e3o as tesselas do mosaico, criando um contraste atraente que n\u00e3o s\u00f3 estimula visualmente, mas tamb\u00e9m convida \u00e0 admira\u00e7\u00e3o de quem aprecia a arte decorativa.<\/p>\n<p>O mosaico, cuidadosamente desenhado, reflete a energia e o colorido caracter\u00edsticos das culturas costeiras, tornando esta ta\u00e7a num aut\u00eantico representante do patrim\u00f3nio mediterr\u00e2nico. Ideal como centro de mesa, torna-se um elemento de exibi\u00e7\u00e3o perfeito para qualquer casa, adicionando um ponto de conversa e um toque de calor \u00e0 decora\u00e7\u00e3o.<\/p>\n<p>Esta ta\u00e7a de coco \u00e9 um excelente souvenir para os turistas que procuram levar um fragmento da cultura mediterr\u00e2nica, e tamb\u00e9m uma op\u00e7\u00e3o encantadora para lojas de presentes tur\u00edsticos que desejam oferecer artigos aut\u00eanticos e de qualidade. Na Ol\u00e9 Mosaic, distribu\u00edmos estes souvenirs por grosso, garantindo a autenticidade e o valor cultural de cada produto, o que a torna uma escolha perfeita para clientes que valorizam o artesanato \u00fanico.<\/p>\n","protected":false},"excerpt":{"rendered":"<p>Ta\u00e7a de coco decorada com um vibrante mosaico de cores, ideal para dar um toque de alegria a qualquer espa\u00e7o. Este artigo artesanal, elaborado \u00e0 m\u00e3o, apresenta um design que combina tons de azul, rosa, amarelo e roxo, com um estilo caracter\u00edstico da tradi\u00e7\u00e3o mediterr\u00e2nica. A base branca real\u00e7a as pe\u00e7as do mosaico, criando um contraste atraente e uma textura visual que encantar\u00e1 quem aprecia a arte decorativa. Perfeita como centro de mesa ou elemento de exibi\u00e7\u00e3o.<\/p>\n","protected":false},"featured_media":11799,"template":"","meta":{"_acf_changed":false},"product_brand":[],"product_cat":[513],"product_tag":[],"class_list":{"0":"post-29318","1":"product","2":"type-product","3":"status-publish","4":"has-post-thumbnail","6":"product_cat-bols","7":"pa_motivo-mosaico","9":"first","10":"instock","11":"shipping-taxable","12":"product-type-simple"},"acf":[],"_links":{"self":[{"href":"https:\/\/olemosaic.com\/pt-pt\/wp-json\/wp\/v2\/product\/29318","targetHints":{"allow":["GET"]}}],"collection":[{"href":"https:\/\/olemosaic.com\/pt-pt\/wp-json\/wp\/v2\/product"}],"about":[{"href":"https:\/\/olemosaic.com\/pt-pt\/wp-json\/wp\/v2\/types\/product"}],"wp:featuredmedia":[{"embeddable":true,"href":"https:\/\/olemosaic.com\/pt-pt\/wp-json\/wp\/v2\/media\/11799"}],"wp:attachment":[{"href":"https:\/\/olemosaic.com\/pt-pt\/wp-json\/wp\/v2\/media?parent=29318"}],"wp:term":[{"taxonomy":"product_brand","embeddable":true,"href":"https:\/\/olemosaic.com\/pt-pt\/wp-json\/wp\/v2\/product_brand?post=29318"},{"taxonomy":"product_cat","embeddable":true,"href":"https:\/\/olemosaic.com\/pt-pt\/wp-json\/wp\/v2\/product_cat?post=29318"},{"taxonomy":"product_tag","embeddable":true,"href":"https:\/\/olemosaic.com\/pt-pt\/wp-json\/wp\/v2\/product_tag?post=29318"}],"curies":[{"name":"wp","href":"https:\/\/api.w.org\/{rel}","templated":true}]}}