{"id":29317,"date":"2025-02-20T23:30:12","date_gmt":"2025-02-20T22:30:12","guid":{"rendered":"http:\/\/olemosaic.com\/producto\/bol-de-coco-salamandra-mallorca\/"},"modified":"2025-07-25T20:46:42","modified_gmt":"2025-07-25T18:46:42","slug":"taca-de-coco-salamandra-maiorca","status":"publish","type":"product","link":"https:\/\/olemosaic.com\/pt-pt\/produto\/taca-de-coco-salamandra-maiorca\/","title":{"rendered":"Ta\u00e7a de coco. Salamandra. Maiorca."},"content":{"rendered":"<p>Esta ta\u00e7a de coco, decorada com um vibrante mosaico colorido, \u00e9 uma recorda\u00e7\u00e3o aut\u00eantica de Maiorca, ideal para quem deseja levar um peda\u00e7o da ilha. Com um design muito especial que combina tons alegres de rosa, azul, roxo e laranja, a ta\u00e7a captura a ess\u00eancia da cultura maiorquina. No centro, uma elegante salamandra ilustrada, s\u00edmbolo da fauna local, emerge rodeada de fragmentos coloridos que refletem a luz de forma cativante, real\u00e7ando o seu apelo visual.<\/p>\n<p>A ta\u00e7a \u00e9 elaborada com uma t\u00e9cnica de pintura \u00e0 m\u00e3o, o que garante que cada pe\u00e7a seja \u00fanica e reflita a mestria dos artes\u00e3os locais. O seu acabamento brilhante n\u00e3o s\u00f3 facilita a manuten\u00e7\u00e3o, como tamb\u00e9m a torna um fant\u00e1stico elemento decorativo que pode embelezar qualquer espa\u00e7o. Perfeita para servir aperitivos ou como pe\u00e7a central na decora\u00e7\u00e3o de mesas, esta ta\u00e7a de coco \u00e9 um souvenir vers\u00e1til e funcional.<\/p>\n<p>A Ol\u00e9 Mosaic, como distribuidor de souvenirs por grosso, oferece produtos aut\u00eanticos que celebram a rica tradi\u00e7\u00e3o cultural de cada regi\u00e3o. Esta ta\u00e7a de coco de Maiorca \u00e9 uma excelente op\u00e7\u00e3o para lojas de presentes tur\u00edsticos que procuram alternativas de qualidade para os seus clientes, conferindo um toque aut\u00eantico \u00e0s suas prateleiras.<\/p>\n","protected":false},"excerpt":{"rendered":"<p>Ta\u00e7a de coco decorada com um mosaico colorido, inspirada na cultura maiorquina. Esta elegante ta\u00e7a apresenta um design muito especial com tons vivos de rosa, azul, roxo e laranja, que emolduram uma ilustra\u00e7\u00e3o central de uma salamandra, s\u00edmbolo da fauna local. A t\u00e9cnica de design artesanal, pintada \u00e0 m\u00e3o, real\u00e7a o artesanato do produto, tornando-o uma bela recorda\u00e7\u00e3o que reflete a ess\u00eancia e a tradi\u00e7\u00e3o da ilha. Perfeita para servir ou como elemento decorativo.<\/p>\n","protected":false},"featured_media":11813,"template":"","meta":{"_acf_changed":false},"product_brand":[],"product_cat":[513],"product_tag":[516],"class_list":{"0":"post-29317","1":"product","2":"type-product","3":"status-publish","4":"has-post-thumbnail","6":"product_cat-bols","7":"product_tag-animais","8":"pa_ciudad-mallorca","9":"pa_motivo-salamandras","10":"pa_pais-espana","12":"first","13":"instock","14":"shipping-taxable","15":"product-type-simple"},"acf":[],"_links":{"self":[{"href":"https:\/\/olemosaic.com\/pt-pt\/wp-json\/wp\/v2\/product\/29317","targetHints":{"allow":["GET"]}}],"collection":[{"href":"https:\/\/olemosaic.com\/pt-pt\/wp-json\/wp\/v2\/product"}],"about":[{"href":"https:\/\/olemosaic.com\/pt-pt\/wp-json\/wp\/v2\/types\/product"}],"wp:featuredmedia":[{"embeddable":true,"href":"https:\/\/olemosaic.com\/pt-pt\/wp-json\/wp\/v2\/media\/11813"}],"wp:attachment":[{"href":"https:\/\/olemosaic.com\/pt-pt\/wp-json\/wp\/v2\/media?parent=29317"}],"wp:term":[{"taxonomy":"product_brand","embeddable":true,"href":"https:\/\/olemosaic.com\/pt-pt\/wp-json\/wp\/v2\/product_brand?post=29317"},{"taxonomy":"product_cat","embeddable":true,"href":"https:\/\/olemosaic.com\/pt-pt\/wp-json\/wp\/v2\/product_cat?post=29317"},{"taxonomy":"product_tag","embeddable":true,"href":"https:\/\/olemosaic.com\/pt-pt\/wp-json\/wp\/v2\/product_tag?post=29317"}],"curies":[{"name":"wp","href":"https:\/\/api.w.org\/{rel}","templated":true}]}}