{"id":29291,"date":"2025-02-20T22:30:12","date_gmt":"2025-02-20T22:30:12","guid":{"rendered":"http:\/\/olemosaic.com\/producto\/bol-de-coco-de-corazones-tortuga-gran-canaria\/"},"modified":"2025-07-25T20:15:30","modified_gmt":"2025-07-25T18:15:30","slug":"taca-de-coco-de-coracoes-tartaruga-gran-canaria","status":"publish","type":"product","link":"https:\/\/olemosaic.com\/pt-pt\/produto\/taca-de-coco-de-coracoes-tartaruga-gran-canaria\/","title":{"rendered":"Ta\u00e7a de coco de cora\u00e7\u00f5es. Tartaruga. Gran Canaria."},"content":{"rendered":"<p>Esta ta\u00e7a de coco decorada com uma tartaruga \u00e9 uma aut\u00eantica joia artesanal de Gran Canaria, perfeita para quem procura uma recorda\u00e7\u00e3o representativa das Ilhas Can\u00e1rias. Elaborada a partir da casca de coco, a ta\u00e7a apresenta um design vibrante que combina cora\u00e7\u00f5es em tons de azul, laranja e castanho, oferecendo um apelo visual que real\u00e7a a sua originalidade e capacidade decorativa. No centro, a figura de uma tartaruga, desenhada num elegante castanho, destaca-se sobre o fundo claro, simbolizando a rica biodiversidade marinha da regi\u00e3o. Logo abaixo da tartaruga, a inscri\u00e7\u00e3o &#8220;Gran Canaria&#8221; integra-se perfeitamente no design, assegurando que esta lembran\u00e7a seja uma recorda\u00e7\u00e3o duradoura da beleza insular.<\/p>\n<p>A t\u00e9cnica de elabora\u00e7\u00e3o utiliza elementos de mosaico, o que acrescenta um toque artesanal e aut\u00eantico, tornando esta ta\u00e7a n\u00e3o apenas um objeto decorativo, mas uma pe\u00e7a de cole\u00e7\u00e3o que narra a hist\u00f3ria cultural de Gran Canaria. \u00c9 uma excelente op\u00e7\u00e3o para turistas e amantes da artesania que procuram lembran\u00e7as de qualidade e significado. Na Ol\u00e9 Mosaic, o seu distribuidor de lembran\u00e7as por grosso, oferecemos produtos que celebram o patrim\u00f3nio can\u00e1rio, ideais para lojas de presentes tur\u00edsticos que procuram artigos aut\u00eanticos e cheios de car\u00e1cter.<\/p>\n","protected":false},"excerpt":{"rendered":"<p>Ta\u00e7a de coco decorada com uma tartaruga, t\u00edpica de Gran Canaria. Esta elegante ta\u00e7a, feita de casca de coco, apresenta um bonito design de cora\u00e7\u00f5es em tons de azul, laranja e castanho que rodeia o fundo claro. No centro, destaca-se uma tartaruga desenhada em tons de castanho, acompanhada pela inscri\u00e7\u00e3o &#8220;Gran Canaria&#8221;. A sua elabora\u00e7\u00e3o, que inclui elementos de mosaico, confere-lhe um toque artesanal e aut\u00eantico, ideal para qualquer cole\u00e7\u00e3o.<\/p>\n","protected":false},"featured_media":10373,"template":"","meta":{"_acf_changed":false},"product_brand":[],"product_cat":[513],"product_tag":[516],"class_list":{"0":"post-29291","1":"product","2":"type-product","3":"status-publish","4":"has-post-thumbnail","6":"product_cat-bols","7":"product_tag-animais","8":"pa_ciudad-gran-canaria","9":"pa_motivo-tartarugas","10":"pa_pais-espana","12":"first","13":"instock","14":"shipping-taxable","15":"product-type-simple"},"acf":[],"_links":{"self":[{"href":"https:\/\/olemosaic.com\/pt-pt\/wp-json\/wp\/v2\/product\/29291","targetHints":{"allow":["GET"]}}],"collection":[{"href":"https:\/\/olemosaic.com\/pt-pt\/wp-json\/wp\/v2\/product"}],"about":[{"href":"https:\/\/olemosaic.com\/pt-pt\/wp-json\/wp\/v2\/types\/product"}],"wp:featuredmedia":[{"embeddable":true,"href":"https:\/\/olemosaic.com\/pt-pt\/wp-json\/wp\/v2\/media\/10373"}],"wp:attachment":[{"href":"https:\/\/olemosaic.com\/pt-pt\/wp-json\/wp\/v2\/media?parent=29291"}],"wp:term":[{"taxonomy":"product_brand","embeddable":true,"href":"https:\/\/olemosaic.com\/pt-pt\/wp-json\/wp\/v2\/product_brand?post=29291"},{"taxonomy":"product_cat","embeddable":true,"href":"https:\/\/olemosaic.com\/pt-pt\/wp-json\/wp\/v2\/product_cat?post=29291"},{"taxonomy":"product_tag","embeddable":true,"href":"https:\/\/olemosaic.com\/pt-pt\/wp-json\/wp\/v2\/product_tag?post=29291"}],"curies":[{"name":"wp","href":"https:\/\/api.w.org\/{rel}","templated":true}]}}