{"id":29287,"date":"2025-02-20T22:30:12","date_gmt":"2025-02-20T22:30:12","guid":{"rendered":"http:\/\/olemosaic.com\/producto\/bol-de-coco-tortuga-barcelona\/"},"modified":"2025-07-25T20:22:19","modified_gmt":"2025-07-25T18:22:19","slug":"taca-de-coco-tartaruga-barcelona","status":"publish","type":"product","link":"https:\/\/olemosaic.com\/pt-pt\/produto\/taca-de-coco-tartaruga-barcelona\/","title":{"rendered":"Ta\u00e7a de coco. Tartaruga. Barcelona."},"content":{"rendered":"<p>Esta ta\u00e7a de coco, decorada com um design encantador de tartaruga, \u00e9 um reflexo aut\u00eantico do esp\u00edrito vibrante de Barcelona. Elaborada com esmero, apresenta um mosaico colorido de pequenas pe\u00e7as em tons de p\u00farpura, azul e ocre que se entrela\u00e7am harmoniosamente sobre um fundo claro, criando uma obra de arte visual que atrair\u00e1 todos os olhares. A tartaruga estilizada, num elegante tom castanho, situa-se no centro da ta\u00e7a, simbolizando a liga\u00e7\u00e3o da cidade com a sua rica fauna marinha e evocando a brisa mediterr\u00e2nica.<\/p>\n<p>Esta ta\u00e7a n\u00e3o \u00e9 apenas um elemento decorativo, mas tamb\u00e9m pode ser utilizada para servir alimentos, o que a torna ideal para quem deseja incorporar um toque art\u00edstico nas suas refei\u00e7\u00f5es. A pe\u00e7a \u00e9 uma homenagem \u00e0 cultura mediterr\u00e2nica, onde o mar e a natureza se entrela\u00e7am de forma \u00fanica. O design reflete a ess\u00eancia do litoral barcelon\u00eas, famoso pela sua biodiversidade e beleza natural, tornando-a uma recorda\u00e7\u00e3o representativa para turistas que procuram lembran\u00e7as aut\u00eanticas.<\/p>\n<p>Na Ol\u00e9 Mosaic, compreendemos a import\u00e2ncia de oferecer produtos que capturem a ess\u00eancia da sua origem, e esta ta\u00e7a de coco \u00e9 perfeita para lojas de presentes tur\u00edsticos que desejam oferecer aos seus clientes um peda\u00e7o da cultura local. Como grossista de lembran\u00e7as de Barcelona, garantimos qualidade e autenticidade em cada pe\u00e7a, assegurando que esta ta\u00e7a n\u00e3o seja apenas um objeto decorativo, mas uma experi\u00eancia cultural para levar para casa.<\/p>\n","protected":false},"excerpt":{"rendered":"<p>Ta\u00e7a de coco decorada com um design encantador de tartaruga, que representa o esp\u00edrito de Barcelona. Esta elegante ta\u00e7a apresenta um mosaico colorido de pequenas pe\u00e7as em tons de p\u00farpura, azul e ocre, que se misturam harmoniosamente sobre um fundo claro. A tartaruga estilizada, de cor castanha, situa-se no centro, real\u00e7ando a tem\u00e1tica marinha do produto. Ideal como elemento decorativo ou para servir, evoca a cultura mediterr\u00e2nica.<\/p>\n","protected":false},"featured_media":11811,"template":"","meta":{"_acf_changed":false},"product_brand":[],"product_cat":[513],"product_tag":[516],"class_list":{"0":"post-29287","1":"product","2":"type-product","3":"status-publish","4":"has-post-thumbnail","6":"product_cat-bols","7":"product_tag-animais","8":"pa_ciudad-barcelona","9":"pa_motivo-tartarugas","10":"pa_pais-espana","12":"first","13":"instock","14":"shipping-taxable","15":"product-type-simple"},"acf":[],"_links":{"self":[{"href":"https:\/\/olemosaic.com\/pt-pt\/wp-json\/wp\/v2\/product\/29287","targetHints":{"allow":["GET"]}}],"collection":[{"href":"https:\/\/olemosaic.com\/pt-pt\/wp-json\/wp\/v2\/product"}],"about":[{"href":"https:\/\/olemosaic.com\/pt-pt\/wp-json\/wp\/v2\/types\/product"}],"wp:featuredmedia":[{"embeddable":true,"href":"https:\/\/olemosaic.com\/pt-pt\/wp-json\/wp\/v2\/media\/11811"}],"wp:attachment":[{"href":"https:\/\/olemosaic.com\/pt-pt\/wp-json\/wp\/v2\/media?parent=29287"}],"wp:term":[{"taxonomy":"product_brand","embeddable":true,"href":"https:\/\/olemosaic.com\/pt-pt\/wp-json\/wp\/v2\/product_brand?post=29287"},{"taxonomy":"product_cat","embeddable":true,"href":"https:\/\/olemosaic.com\/pt-pt\/wp-json\/wp\/v2\/product_cat?post=29287"},{"taxonomy":"product_tag","embeddable":true,"href":"https:\/\/olemosaic.com\/pt-pt\/wp-json\/wp\/v2\/product_tag?post=29287"}],"curies":[{"name":"wp","href":"https:\/\/api.w.org\/{rel}","templated":true}]}}