{"id":29270,"date":"2025-02-20T22:30:11","date_gmt":"2025-02-20T22:30:11","guid":{"rendered":"http:\/\/olemosaic.com\/producto\/bol-de-coco-caballito-de-mar-barcelona\/"},"modified":"2025-07-25T20:13:37","modified_gmt":"2025-07-25T18:13:37","slug":"taca-de-coco-cavalo-marinho-barcelona","status":"publish","type":"product","link":"https:\/\/olemosaic.com\/pt-pt\/produto\/taca-de-coco-cavalo-marinho-barcelona\/","title":{"rendered":"Ta\u00e7a de coco. Cavalo-marinho. Barcelona."},"content":{"rendered":"<p>Esta ta\u00e7a de coco, decorada com um encantador cavalo-marinho, \u00e9 uma pe\u00e7a \u00fanica que encapsula o vibrante esp\u00edrito de Barcelona. O seu design de mosaico resplandece numa paleta de cores vivas, com tons p\u00farpuras, azuis e laranjas, criando um atraente efeito visual que evoca a diversidade cultural e a beleza da cidade mediterr\u00e2nica. Com um acabamento brilhante, esta ta\u00e7a destaca-se n\u00e3o s\u00f3 pela sua est\u00e9tica, mas tamb\u00e9m pela delicada representa\u00e7\u00e3o do cavalo-marinho situado no centro, que simboliza a riqueza marinha da regi\u00e3o e a import\u00e2ncia das suas costas.<\/p>\n<p>Na base, a inscri\u00e7\u00e3o &#8220;Barcelona&#8221; sublinha a sua liga\u00e7\u00e3o com a cidade, tornando-a uma recorda\u00e7\u00e3o ideal para quem deseja levar um fragmento desta metr\u00f3pole din\u00e2mica. Esta ta\u00e7a n\u00e3o \u00e9 apenas um souvenir, mas tamb\u00e9m um reflexo do artesanato local e da heran\u00e7a mediterr\u00e2nica, o que lhe confere um valor especial. Na Ol\u00e9 Mosaic, somos especialistas na distribui\u00e7\u00e3o de souvenirs de qualidade por grosso, e esta ta\u00e7a de coco \u00e9 uma excelente op\u00e7\u00e3o para lojas de presentes tur\u00edsticos que procuram oferecer aos seus clientes produtos aut\u00eanticos e representativos. Com a sua combina\u00e7\u00e3o de funcionalidade e arte, esta ta\u00e7a \u00e9 uma recorda\u00e7\u00e3o perfeita de Barcelona que encantar\u00e1 turistas e visitantes.<\/p>\n","protected":false},"excerpt":{"rendered":"<p>Ta\u00e7a de coco decorada com um encantador cavalo-marinho, inspirado no vibrante esp\u00edrito de Barcelona. Este produto apresenta um design de mosaico em tons variados, incluindo p\u00farpuras, azuis e laranjas, que cria um efeito visual atraente. A pe\u00e7a \u00e9 elaborada com um acabamento brilhante que real\u00e7a o cavalo-marinho e a inscri\u00e7\u00e3o &#8220;Barcelona&#8221; na base, tornando-a uma bonita recorda\u00e7\u00e3o que evoca a rica cultura mediterr\u00e2nica da cidade.<\/p>\n","protected":false},"featured_media":11809,"template":"","meta":{"_acf_changed":false},"product_brand":[],"product_cat":[513],"product_tag":[516],"class_list":{"0":"post-29270","1":"product","2":"type-product","3":"status-publish","4":"has-post-thumbnail","6":"product_cat-bols","7":"product_tag-animais","8":"pa_ciudad-barcelona","9":"pa_motivo-cavalos-marinhos","10":"pa_pais-espana","12":"first","13":"instock","14":"shipping-taxable","15":"product-type-simple"},"acf":[],"_links":{"self":[{"href":"https:\/\/olemosaic.com\/pt-pt\/wp-json\/wp\/v2\/product\/29270","targetHints":{"allow":["GET"]}}],"collection":[{"href":"https:\/\/olemosaic.com\/pt-pt\/wp-json\/wp\/v2\/product"}],"about":[{"href":"https:\/\/olemosaic.com\/pt-pt\/wp-json\/wp\/v2\/types\/product"}],"wp:featuredmedia":[{"embeddable":true,"href":"https:\/\/olemosaic.com\/pt-pt\/wp-json\/wp\/v2\/media\/11809"}],"wp:attachment":[{"href":"https:\/\/olemosaic.com\/pt-pt\/wp-json\/wp\/v2\/media?parent=29270"}],"wp:term":[{"taxonomy":"product_brand","embeddable":true,"href":"https:\/\/olemosaic.com\/pt-pt\/wp-json\/wp\/v2\/product_brand?post=29270"},{"taxonomy":"product_cat","embeddable":true,"href":"https:\/\/olemosaic.com\/pt-pt\/wp-json\/wp\/v2\/product_cat?post=29270"},{"taxonomy":"product_tag","embeddable":true,"href":"https:\/\/olemosaic.com\/pt-pt\/wp-json\/wp\/v2\/product_tag?post=29270"}],"curies":[{"name":"wp","href":"https:\/\/api.w.org\/{rel}","templated":true}]}}