{"id":29269,"date":"2025-02-20T22:30:11","date_gmt":"2025-02-20T22:30:11","guid":{"rendered":"http:\/\/olemosaic.com\/producto\/bol-de-coco-caballito-de-mar-fuerteventura\/"},"modified":"2025-07-25T19:59:28","modified_gmt":"2025-07-25T17:59:28","slug":"taca-de-coco-cavalo-marinho-fuerteventura","status":"publish","type":"product","link":"https:\/\/olemosaic.com\/pt-pt\/produto\/taca-de-coco-cavalo-marinho-fuerteventura\/","title":{"rendered":"Ta\u00e7a de coco. Cavalo-marinho. Fuerteventura."},"content":{"rendered":"<p>Esta ta\u00e7a de coco, decorada com um encantador cavalo-marinho, \u00e9 uma aut\u00eantica joia artesanal de Fuerteventura, perfeita para quem procura souvenirs representativos das Ilhas Can\u00e1rias. A pe\u00e7a apresenta um design vibrante, adornado com mosaicos iridescentes que combinam tons azuis, rosas e castanhos, evocando a beleza natural da paisagem costeira e a rica biodiversidade da regi\u00e3o. No centro, um delicado cavalo-marinho destaca-se com eleg\u00e2ncia, simbolizando a liga\u00e7\u00e3o da arte local com o ambiente marinho.<\/p>\n<p>O acabamento brilhante e o uso de materiais sustent\u00e1veis fazem desta ta\u00e7a n\u00e3o s\u00f3 uma op\u00e7\u00e3o decorativa, mas tamb\u00e9m uma pe\u00e7a funcional ideal para servir os seus pratos favoritos. O seu design art\u00edstico e colorido brilha em qualquer mesa, adicionando um toque de sofistica\u00e7\u00e3o e autenticidade can\u00e1ria \u00e0s suas ocasi\u00f5es mais especiais. Sendo um produto artesanal, cada ta\u00e7a \u00e9 \u00fanica, o que real\u00e7a o seu valor como presente e recorda\u00e7\u00e3o.<\/p>\n<p>Na Ol\u00e9 Mosaic, oferecemos esta requintada ta\u00e7a de coco como parte da nossa cole\u00e7\u00e3o de souvenirs de Fuerteventura e outras regi\u00f5es, garantindo qualidade e relev\u00e2ncia cultural em cada pe\u00e7a. \u00c9 uma excelente op\u00e7\u00e3o para lojas de presentes tur\u00edsticos que desejam oferecer aos seus clientes artigos que celebram a diversidade cultural e a beleza natural de Espanha.<\/p>\n","protected":false},"excerpt":{"rendered":"<p>Ta\u00e7a de coco decorada com um encantador cavalo-marinho, inspirado na beleza natural de Fuerteventura. Este artigo artesanal apresenta um vibrante design de mosaicos iridescentes em tons azuis, rosas e castanhos, que criam um efeito visual muito atraente. O cavalo-marinho, delicadamente desenhado no centro, adiciona um toque distintivo \u00e0 pe\u00e7a. Ideal tanto como elemento decorativo como para uso culin\u00e1rio, esta ta\u00e7a \u00e9 uma amostra perfeita da tradi\u00e7\u00e3o e da arte local.<\/p>\n","protected":false},"featured_media":11971,"template":"","meta":{"_acf_changed":false},"product_brand":[],"product_cat":[513],"product_tag":[516],"class_list":{"0":"post-29269","1":"product","2":"type-product","3":"status-publish","4":"has-post-thumbnail","6":"product_cat-bols","7":"product_tag-animais","8":"pa_ciudad-fuerteventura","9":"pa_motivo-cavalos-marinhos","10":"pa_pais-espana","12":"first","13":"instock","14":"shipping-taxable","15":"product-type-simple"},"acf":[],"_links":{"self":[{"href":"https:\/\/olemosaic.com\/pt-pt\/wp-json\/wp\/v2\/product\/29269","targetHints":{"allow":["GET"]}}],"collection":[{"href":"https:\/\/olemosaic.com\/pt-pt\/wp-json\/wp\/v2\/product"}],"about":[{"href":"https:\/\/olemosaic.com\/pt-pt\/wp-json\/wp\/v2\/types\/product"}],"wp:featuredmedia":[{"embeddable":true,"href":"https:\/\/olemosaic.com\/pt-pt\/wp-json\/wp\/v2\/media\/11971"}],"wp:attachment":[{"href":"https:\/\/olemosaic.com\/pt-pt\/wp-json\/wp\/v2\/media?parent=29269"}],"wp:term":[{"taxonomy":"product_brand","embeddable":true,"href":"https:\/\/olemosaic.com\/pt-pt\/wp-json\/wp\/v2\/product_brand?post=29269"},{"taxonomy":"product_cat","embeddable":true,"href":"https:\/\/olemosaic.com\/pt-pt\/wp-json\/wp\/v2\/product_cat?post=29269"},{"taxonomy":"product_tag","embeddable":true,"href":"https:\/\/olemosaic.com\/pt-pt\/wp-json\/wp\/v2\/product_tag?post=29269"}],"curies":[{"name":"wp","href":"https:\/\/api.w.org\/{rel}","templated":true}]}}