{"id":29268,"date":"2025-02-20T22:30:11","date_gmt":"2025-02-20T22:30:11","guid":{"rendered":"http:\/\/olemosaic.com\/producto\/bol-de-coco-de-corazones-caballito-de-mar-mallorca\/"},"modified":"2025-07-25T18:46:32","modified_gmt":"2025-07-25T16:46:32","slug":"taca-de-coco-de-coracoes-cavalo-marinho-maiorca","status":"publish","type":"product","link":"https:\/\/olemosaic.com\/pt-pt\/produto\/taca-de-coco-de-coracoes-cavalo-marinho-maiorca\/","title":{"rendered":"Ta\u00e7a de coco de cora\u00e7\u00f5es. Cavalo-marinho. Maiorca."},"content":{"rendered":"<p>Esta ta\u00e7a de coco, adornada com um encantador cavalo-marinho, \u00e9 um aut\u00eantico s\u00edmbolo do encanto de Maiorca. Elaborada com grande destreza, a sua superf\u00edcie apresenta um intrincado design em mosaico que combina cora\u00e7\u00f5es em vibrantes tons azuis, laranjas e castanhos, criando um efeito visual atraente que evoca o calor e o esplendor do Mediterr\u00e2neo. No centro, a palavra &#8220;Mallorca&#8221; destaca-se, enfatizando a sua origem com um toque de eleg\u00e2ncia. A base de cor creme proporciona um contraste harmonioso, conferindo profundidade ao design.<\/p>\n<p>Esta ta\u00e7a n\u00e3o \u00e9 apenas um elemento decorativo excecional, mas tamb\u00e9m \u00e9 pr\u00e1tica, ideal para servir aperitivos ou como um atraente objeto de decora\u00e7\u00e3o em qualquer casa. A representa\u00e7\u00e3o do cavalo-marinho, que simboliza a vida marinha e a beleza das costas de Maiorca, liga este souvenir \u00e0 rica cultura mediterr\u00e2nica, servindo como uma recorda\u00e7\u00e3o tang\u00edvel da beleza natural da ilha.<\/p>\n<p>Na Ol\u00e9 Mosaic, especializamo-nos na distribui\u00e7\u00e3o de souvenirs por grosso, e esta ta\u00e7a representa uma excelente op\u00e7\u00e3o para lojas de presentes tur\u00edsticos que procuram oferecer produtos aut\u00eanticos e vibrantes que captem a ess\u00eancia de Maiorca. Com esta ta\u00e7a de coco, os turistas n\u00e3o levar\u00e3o apenas uma recorda\u00e7\u00e3o, mas um peda\u00e7o da cultura balear.<\/p>\n","protected":false},"excerpt":{"rendered":"<p>Ta\u00e7a de coco decorada com um carinhoso cavalo-marinho, que evoca o encanto de Maiorca. Esta ta\u00e7a exclusiva apresenta um intrincado design de mosaico de cora\u00e7\u00f5es em tons azul, laranja e castanho, sobre uma base creme. A pe\u00e7a \u00e9 cuidadosamente elaborada e exibe a palavra &#8220;Mallorca&#8221; no centro, real\u00e7ando a sua origem. Ideal como elemento decorativo ou para servir aperitivos, esta ta\u00e7a reflete a rica cultura mediterr\u00e2nica.<\/p>\n","protected":false},"featured_media":10345,"template":"","meta":{"_acf_changed":false},"product_brand":[],"product_cat":[513],"product_tag":[516],"class_list":{"0":"post-29268","1":"product","2":"type-product","3":"status-publish","4":"has-post-thumbnail","6":"product_cat-bols","7":"product_tag-animais","8":"pa_ciudad-mallorca","9":"pa_motivo-cavalos-marinhos","10":"pa_pais-espana","12":"first","13":"instock","14":"shipping-taxable","15":"product-type-simple"},"acf":[],"_links":{"self":[{"href":"https:\/\/olemosaic.com\/pt-pt\/wp-json\/wp\/v2\/product\/29268","targetHints":{"allow":["GET"]}}],"collection":[{"href":"https:\/\/olemosaic.com\/pt-pt\/wp-json\/wp\/v2\/product"}],"about":[{"href":"https:\/\/olemosaic.com\/pt-pt\/wp-json\/wp\/v2\/types\/product"}],"wp:featuredmedia":[{"embeddable":true,"href":"https:\/\/olemosaic.com\/pt-pt\/wp-json\/wp\/v2\/media\/10345"}],"wp:attachment":[{"href":"https:\/\/olemosaic.com\/pt-pt\/wp-json\/wp\/v2\/media?parent=29268"}],"wp:term":[{"taxonomy":"product_brand","embeddable":true,"href":"https:\/\/olemosaic.com\/pt-pt\/wp-json\/wp\/v2\/product_brand?post=29268"},{"taxonomy":"product_cat","embeddable":true,"href":"https:\/\/olemosaic.com\/pt-pt\/wp-json\/wp\/v2\/product_cat?post=29268"},{"taxonomy":"product_tag","embeddable":true,"href":"https:\/\/olemosaic.com\/pt-pt\/wp-json\/wp\/v2\/product_tag?post=29268"}],"curies":[{"name":"wp","href":"https:\/\/api.w.org\/{rel}","templated":true}]}}