{"id":29267,"date":"2025-02-20T22:30:11","date_gmt":"2025-02-20T22:30:11","guid":{"rendered":"http:\/\/olemosaic.com\/producto\/bol-de-coco-delfin\/"},"modified":"2025-07-25T20:17:58","modified_gmt":"2025-07-25T18:17:58","slug":"taca-de-coco-golfinho","status":"publish","type":"product","link":"https:\/\/olemosaic.com\/pt-pt\/produto\/taca-de-coco-golfinho\/","title":{"rendered":"Ta\u00e7a de coco. Golfinho."},"content":{"rendered":"<p>Esta ta\u00e7a de coco, decorada com um elegante design de golfinho, \u00e9 uma pe\u00e7a \u00fanica que confere um toque distintivo a qualquer espa\u00e7o. O seu fundo branco real\u00e7a a colorida incrusta\u00e7\u00e3o de mosaico, composta por uma variedade de tons vibrantes, como rosas, azuis e roxos. Esta obra-prima artesanal apresenta um golfinho meticulosamente esculpido no centro, que n\u00e3o s\u00f3 \u00e9 atraente \u00e0 vista, mas tamb\u00e9m simboliza a profunda liga\u00e7\u00e3o da cultura mediterr\u00e2nica com o mar.<\/p>\n<p>O golfinho, conhecido por ser um s\u00edmbolo de alegria e liberdade, est\u00e1 rodeado por um mosaico que evoca as cores do oceano, criando um efeito visual din\u00e2mico e elegante. A sua forma curva e as suas bordas suaves fazem com que esta ta\u00e7a de coco n\u00e3o seja apenas bonita, mas tamb\u00e9m funcional como recipiente decorativo no lar ou como um elemento distintivo numa loja de presentes.<\/p>\n<p>Este souvenir \u00e9 uma representa\u00e7\u00e3o aut\u00eantica da rica heran\u00e7a cultural das regi\u00f5es costeiras de Espanha e Portugal, onde o golfinho \u00e9 um s\u00edmbolo caracter\u00edstico do folclore local. Perfeito como recorda\u00e7\u00e3o para turistas que procuram pe\u00e7as aut\u00eanticas e representativas, esta ta\u00e7a de coco \u00e9 ideal para aqueles que desejam levar um pedacinho do encanto do Mediterr\u00e2neo para casa. Na Ol\u00e9 Mosaic, especializamo-nos na distribui\u00e7\u00e3o por grosso de souvenirs que capturam a ess\u00eancia cultural de cada regi\u00e3o, e esta ta\u00e7a de golfinho \u00e9 uma excelente op\u00e7\u00e3o para lojas de presentes tur\u00edsticos que procuram oferecer produtos que se destaquem pelo seu design e significado cultural.<\/p>\n","protected":false},"excerpt":{"rendered":"<p>Ta\u00e7a de coco decorada com um elegante design de golfinho, ideal para dar um toque distintivo a qualquer espa\u00e7o. Este produto apresenta um fundo branco com uma colorida incrusta\u00e7\u00e3o de mosaico em tons variados, como rosas, azuis e roxos, criando um efeito visual vibrante. O golfinho, meticulosamente esculpido, destaca-se no centro da ta\u00e7a, real\u00e7ando o seu apelo art\u00edstico e cultural. Perfeito como recorda\u00e7\u00e3o ou pe\u00e7a decorativa.<\/p>\n","protected":false},"featured_media":11803,"template":"","meta":{"_acf_changed":false},"product_brand":[],"product_cat":[513],"product_tag":[516],"class_list":{"0":"post-29267","1":"product","2":"type-product","3":"status-publish","4":"has-post-thumbnail","6":"product_cat-bols","7":"product_tag-animais","8":"pa_motivo-golfinhos","10":"first","11":"instock","12":"shipping-taxable","13":"product-type-simple"},"acf":[],"_links":{"self":[{"href":"https:\/\/olemosaic.com\/pt-pt\/wp-json\/wp\/v2\/product\/29267","targetHints":{"allow":["GET"]}}],"collection":[{"href":"https:\/\/olemosaic.com\/pt-pt\/wp-json\/wp\/v2\/product"}],"about":[{"href":"https:\/\/olemosaic.com\/pt-pt\/wp-json\/wp\/v2\/types\/product"}],"wp:featuredmedia":[{"embeddable":true,"href":"https:\/\/olemosaic.com\/pt-pt\/wp-json\/wp\/v2\/media\/11803"}],"wp:attachment":[{"href":"https:\/\/olemosaic.com\/pt-pt\/wp-json\/wp\/v2\/media?parent=29267"}],"wp:term":[{"taxonomy":"product_brand","embeddable":true,"href":"https:\/\/olemosaic.com\/pt-pt\/wp-json\/wp\/v2\/product_brand?post=29267"},{"taxonomy":"product_cat","embeddable":true,"href":"https:\/\/olemosaic.com\/pt-pt\/wp-json\/wp\/v2\/product_cat?post=29267"},{"taxonomy":"product_tag","embeddable":true,"href":"https:\/\/olemosaic.com\/pt-pt\/wp-json\/wp\/v2\/product_tag?post=29267"}],"curies":[{"name":"wp","href":"https:\/\/api.w.org\/{rel}","templated":true}]}}