{"id":29251,"date":"2025-02-20T23:30:11","date_gmt":"2025-02-20T22:30:11","guid":{"rendered":"http:\/\/olemosaic.com\/producto\/bol-de-coco-concha-camino-de-santiago\/"},"modified":"2025-07-25T20:34:00","modified_gmt":"2025-07-25T18:34:00","slug":"taca-de-coco-concha-caminho-de-santiago","status":"publish","type":"product","link":"https:\/\/olemosaic.com\/pt-pt\/produto\/taca-de-coco-concha-caminho-de-santiago\/","title":{"rendered":"Ta\u00e7a de coco. Concha. Caminho de Santiago."},"content":{"rendered":"<p>Esta ta\u00e7a de coco, decorada com um colorido mosaico, evoca o emblem\u00e1tico Caminho de Santiago, um trajeto de peregrina\u00e7\u00e3o enraizado na cultura espanhola. Este elegante recipiente, meticulosamente pintado \u00e0 m\u00e3o, apresenta um design vibrante que combina pe\u00e7as de concha em diferentes tons de rosa, azul e laranja, criando um belo padr\u00e3o que capta a ess\u00eancia do caminho. No centro, destaca-se o emblema do Caminho de Santiago, delineado em tons met\u00e1licos que acrescentam um toque distintivo e sofisticado ao objeto.<\/p>\n<p>Esta ta\u00e7a n\u00e3o \u00e9 apenas um elemento decorativo; \u00e9 uma representa\u00e7\u00e3o aut\u00eantica da hist\u00f3ria e da tradi\u00e7\u00e3o que envolve a rota de Santiago, s\u00edmbolo de espiritualidade e viagem h\u00e1 s\u00e9culos. A sua forma org\u00e2nica e o seu mosaico colorido tornam-na uma recorda\u00e7\u00e3o atraente, ideal para quem procura levar um peda\u00e7o da rica cultura galega para casa.<\/p>\n<p>Perfeita para usar como centro de mesa ou simplesmente como um apontamento cultural em qualquer lar, esta ta\u00e7a de coco \u00e9 tamb\u00e9m uma excelente op\u00e7\u00e3o para lojas de presentes tur\u00edsticos que desejam oferecer recorda\u00e7\u00f5es aut\u00eanticas e significativas. Na Ol\u00e9 Mosaic, somos distribuidores de souvenirs por grosso, garantindo autenticidade e qualidade em cada produto. Esta ta\u00e7a decorativa \u00e9 uma escolha ideal para quem procura recorda\u00e7\u00f5es do Caminho de Santiago que celebrem a tradi\u00e7\u00e3o e o artesanato espanhol.<\/p>\n","protected":false},"excerpt":{"rendered":"<p>Ta\u00e7a de coco decorada com um mosaico colorido que evoca o Caminho de Santiago. Este elegante recipiente apresenta um design artesanal, pintado \u00e0 m\u00e3o, com conchas em tons puros de rosa, azul e laranja, criando um belo padr\u00e3o na superf\u00edcie. No centro, destaca-se o emblema do Caminho de Santiago em tons met\u00e1licos, conferindo um toque distintivo. Perfeito como recorda\u00e7\u00e3o ou para adicionar um apontamento cultural a qualquer lar.<\/p>\n","protected":false},"featured_media":11826,"template":"","meta":{"_acf_changed":false},"product_brand":[],"product_cat":[513],"product_tag":[],"class_list":{"0":"post-29251","1":"product","2":"type-product","3":"status-publish","4":"has-post-thumbnail","6":"product_cat-bols","7":"pa_ciudad-santiago","8":"pa_motivo-conchas","9":"pa_pais-espana","11":"first","12":"instock","13":"shipping-taxable","14":"product-type-simple"},"acf":[],"_links":{"self":[{"href":"https:\/\/olemosaic.com\/pt-pt\/wp-json\/wp\/v2\/product\/29251","targetHints":{"allow":["GET"]}}],"collection":[{"href":"https:\/\/olemosaic.com\/pt-pt\/wp-json\/wp\/v2\/product"}],"about":[{"href":"https:\/\/olemosaic.com\/pt-pt\/wp-json\/wp\/v2\/types\/product"}],"wp:featuredmedia":[{"embeddable":true,"href":"https:\/\/olemosaic.com\/pt-pt\/wp-json\/wp\/v2\/media\/11826"}],"wp:attachment":[{"href":"https:\/\/olemosaic.com\/pt-pt\/wp-json\/wp\/v2\/media?parent=29251"}],"wp:term":[{"taxonomy":"product_brand","embeddable":true,"href":"https:\/\/olemosaic.com\/pt-pt\/wp-json\/wp\/v2\/product_brand?post=29251"},{"taxonomy":"product_cat","embeddable":true,"href":"https:\/\/olemosaic.com\/pt-pt\/wp-json\/wp\/v2\/product_cat?post=29251"},{"taxonomy":"product_tag","embeddable":true,"href":"https:\/\/olemosaic.com\/pt-pt\/wp-json\/wp\/v2\/product_tag?post=29251"}],"curies":[{"name":"wp","href":"https:\/\/api.w.org\/{rel}","templated":true}]}}